{"id":21179,"date":"2024-09-05T09:54:35","date_gmt":"2024-09-05T09:54:35","guid":{"rendered":"https:\/\/woolskins.eu\/?post_type=product&#038;p=21179"},"modified":"2026-05-14T11:27:16","modified_gmt":"2026-05-14T11:27:16","slug":"pantufas-de-la-para-bebe-emo-zebra","status":"publish","type":"product","link":"https:\/\/woolskins.eu\/pt\/wollen-baby-slofjes-emo-zebra\/","title":{"rendered":"Pantufas de l\u00e3 para beb\u00e9 | Zebra"},"content":{"rendered":"<p>As pantufas de l\u00e3 Woolskins est\u00e3o dispon\u00edveis em diferentes cores e tamanhos, para que possa encontrar sempre a melhor solu\u00e7\u00e3o para o seu filho.<\/p>\n<p>- L\u00e3 virgem 100%, etiqueta Woolmark.<br \/>\n- Muito quente para estar em casa ou em viagem.<br \/>\n- Agrad\u00e1vel para usar do avesso.<br \/>\n- bot\u00e3o pr\u00e1tico para fechar as pantufas.<br \/>\n- Tamanho 0-6 meses (8cm) e 6-12 meses (12cm).<br \/>\n- Cores diferentes dispon\u00edveis.<\/p>\n<h5>Etiqueta de peles de l\u00e3<\/h5>\n<p>Ap\u00f3s anos de coopera\u00e7\u00e3o bem sucedida com a Alwero, temos o orgulho de anunciar que pass\u00e1mos a comercializar os nossos produtos sob a nossa pr\u00f3pria marca Woolskins.<\/p>\n<p>Desta forma, continua a obter a melhor qualidade, mas combinada com os produtos e designs mais bonitos e \u00fanicos.<\/p>\n<p>A qualidade dos tecidos e das cores continua a ser a mesma de sempre, s\u00f3 que agora existe uma maior escolha com a qual a Woolskins pensa poder distinguir-se.<\/p>\n<p>A nossa vasta cole\u00e7\u00e3o \u00e9 t\u00e3o igual que \u00e9 um excelente complemento para o enxoval de qualquer beb\u00e9, fabricada em l\u00e3 europeia 100% que respira e \u00e9 adequada para todas as esta\u00e7\u00f5es.<\/p>\n<p>Juntamos for\u00e7as com entusiasmo para criar um produto sustent\u00e1vel, natural e o mais confort\u00e1vel para o seu beb\u00e9.<\/p>","protected":false},"excerpt":{"rendered":"<p>As nossas confort\u00e1veis pantufas para beb\u00e9 s\u00e3o a escolha perfeita para manter os p\u00e9s dos mais pequenos maravilhosamente quentes. T\u00eam todas as boas qualidades da l\u00e3 ecol\u00f3gica 100% e adquirem imediatamente a temperatura da crian\u00e7a quando as cal\u00e7a. As pantufas de l\u00e3 para beb\u00e9 s\u00e3o tamb\u00e9m um presente muito giro e pr\u00e1tico para qualquer ocasi\u00e3o. Estas pantufas s\u00e3o igualmente agrad\u00e1veis de usar do avesso. O seu filho vai adorar estas pantufas de l\u00e3.<\/p>\n<p><strong>Marca: Woolskins<\/strong><br \/>\n<strong>Produto: Pol\u00f3nia<\/strong><\/p>","protected":false},"featured_media":21185,"comment_status":"closed","ping_status":"closed","template":"","meta":{"_acf_changed":false},"product_brand":[],"product_cat":[345,361,545,360,363,200,499,323,194],"product_tag":[],"class_list":{"0":"post-21179","1":"product","2":"type-product","3":"status-publish","4":"has-post-thumbnail","6":"product_cat-accessoires","7":"product_cat-babyshower","8":"product_cat-best_verkocht","9":"product_cat-cadeautips","10":"product_cat-cadeaus-e25-e50","11":"product_cat-wollen-babykleding","12":"product_cat-new-arrivals","13":"product_cat-slofjes","14":"product_cat-wollen-babyproducten","15":"pa_maat-0-6-maanden-9cm","16":"pa_maat-6-12-maanden11cm","18":"first","19":"instock","20":"taxable","21":"shipping-taxable","22":"purchasable","23":"product-type-variable"},"acf":[],"_links":{"self":[{"href":"https:\/\/woolskins.eu\/pt\/wp-json\/wp\/v2\/product\/21179","targetHints":{"allow":["GET"]}}],"collection":[{"href":"https:\/\/woolskins.eu\/pt\/wp-json\/wp\/v2\/product"}],"about":[{"href":"https:\/\/woolskins.eu\/pt\/wp-json\/wp\/v2\/types\/product"}],"replies":[{"embeddable":true,"href":"https:\/\/woolskins.eu\/pt\/wp-json\/wp\/v2\/comments?post=21179"}],"wp:featuredmedia":[{"embeddable":true,"href":"https:\/\/woolskins.eu\/pt\/wp-json\/wp\/v2\/media\/21185"}],"wp:attachment":[{"href":"https:\/\/woolskins.eu\/pt\/wp-json\/wp\/v2\/media?parent=21179"}],"wp:term":[{"taxonomy":"product_brand","embeddable":true,"href":"https:\/\/woolskins.eu\/pt\/wp-json\/wp\/v2\/product_brand?post=21179"},{"taxonomy":"product_cat","embeddable":true,"href":"https:\/\/woolskins.eu\/pt\/wp-json\/wp\/v2\/product_cat?post=21179"},{"taxonomy":"product_tag","embeddable":true,"href":"https:\/\/woolskins.eu\/pt\/wp-json\/wp\/v2\/product_tag?post=21179"}],"curies":[{"name":"wp","href":"https:\/\/api.w.org\/{rel}","templated":true}]}}