{"id":20825,"date":"2024-07-10T09:03:01","date_gmt":"2024-07-10T09:03:01","guid":{"rendered":"https:\/\/woolskins.eu\/?post_type=product&#038;p=20825"},"modified":"2025-09-27T09:29:09","modified_gmt":"2025-09-27T09:29:09","slug":"bolas-click-clack-madeira-laranja","status":"publish","type":"product","link":"https:\/\/woolskins.eu\/pt\/klik-klak-ballen-hout-oranje\/","title":{"rendered":"Bolas Click Clack | Madeira - Laranja"},"content":{"rendered":"<p>A divers\u00e3o do \u201cclick-clack\u201d consiste em agarrar o anel e depois fazer movimentos vigorosos com a m\u00e3o para cima e para baixo, de modo a que as bolas de madeira saltem alternadamente por cima e por baixo da m\u00e3o. Quando as bolas chocam umas contra as outras, produzem um som carater\u00edstico de \"click-clack\". Gra\u00e7as a este brinquedo, as crian\u00e7as podem treinar os seus reflexos e praticar a destreza manual e a coordena\u00e7\u00e3o olho-m\u00e3o... bem, n\u00e3o apenas as crian\u00e7as.<\/p>\n<p>Carater\u00edsticas:<\/p>\n<p>-o conjunto \u00e9 constitu\u00eddo por um aro ao qual est\u00e1 preso um fio, na extremidade do qual s\u00e3o colocadas duas bolas coloridas<\/p>\n<p>-Est\u00e1 dispon\u00edvel em duas cores<\/p>\n<p>- azul e laranjaFabricado em madeira de lei da mais alta qualidade proveniente de fornecedores certificados pelo FSC\u00ae - foram utilizadas tintas ecol\u00f3gicas para a pintura<\/p>\n<p>-acabamento com um verniz seguro e n\u00e3o t\u00f3xico - polido com cuidado, agrad\u00e1vel ao toque para dar alegria e garantir a seguran\u00e7a<\/p>\n<p>Produto ecol\u00f3gico - brinquedos sem subst\u00e2ncias nocivas - adequado para crian\u00e7as a partir dos 3 anos<\/p>\n<p>Dimens\u00f5esDi\u00e2metro da bola 4 cm, fio 20 cm<\/p>\n<p data-sourcepos=\"38:1-38:17\"><strong>Sobre Tarnawa<\/strong><\/p>\n<p><strong>Confiar na tradi\u00e7\u00e3o familiar!<\/strong><\/p>\n<p>Sabemos como fazer com que cada crian\u00e7a seja feliz desde a mais tenra idade. Sabemos que o seu desenvolvimento e seguran\u00e7a s\u00e3o t\u00e3o importantes como a divers\u00e3o. Mais de 80 anos de trabalho no fabrico de brinquedos e objectos de madeira ensinaram-nos isso mesmo. Oferecemos aos nossos clientes brinquedos de madeira de alta qualidade para crian\u00e7as, que n\u00e3o s\u00e3o apenas robustos, mas tamb\u00e9m seguros. O conhecimento, a experi\u00eancia, a paix\u00e3o e o empenho s\u00e3o transmitidos na nossa casa de gera\u00e7\u00e3o em gera\u00e7\u00e3o. A Tarnawa n\u00e3o \u00e9 apenas uma empresa, \u00e9 uma fam\u00edlia!<\/p>\n<p><img loading=\"lazy\" decoding=\"async\" class=\"alignnone size-medium wp-image-20439\" src=\"https:\/\/woolskins.eu\/wp-content\/uploads\/2024\/06\/IMG_1333-scaled-Klein-225x300.jpg\" alt=\"Pato de madeira Empurrador Brinquedos de madeira Peles de l\u00e3 Tarnawa\" width=\"225\" height=\"300\" srcset=\"https:\/\/woolskins.eu\/wp-content\/uploads\/2024\/06\/IMG_1333-scaled-Klein-225x300.jpg 225w, https:\/\/woolskins.eu\/wp-content\/uploads\/2024\/06\/IMG_1333-scaled-Klein-64x85.jpg 64w, https:\/\/woolskins.eu\/wp-content\/uploads\/2024\/06\/IMG_1333-scaled-Klein-9x12.jpg 9w, https:\/\/woolskins.eu\/wp-content\/uploads\/2024\/06\/IMG_1333-scaled-Klein.jpg 480w\" sizes=\"auto, (max-width: 225px) 100vw, 225px\" \/><\/p>\n<p><strong>Brinquedos de alta qualidade para os seus e os nossos filhos!<br \/>\n<\/strong><br \/>\nAcreditamos que, como pai, quer que os brinquedos que d\u00e1 ao seu filho sejam bonitos, cuidadosamente fabricados, duradouros e seguros. Asseguramos que os nossos produtos de madeira, gra\u00e7as \u00e0 sua funcionalidade, bem como \u00e0 sua est\u00e9tica e precis\u00e3o de acabamento, sirvam o seu filho durante muito tempo e da melhor forma poss\u00edvel. Fabricamo-los \u00e0 m\u00e3o, prestando aten\u00e7\u00e3o aos mais pequenos pormenores. Os brinquedos de madeira da Tarnawa n\u00e3o s\u00e3o fabricados em s\u00e9rie, s\u00e3o pequenas obras de arte.<\/p>\n<p><strong>Criamos com os tempos!<br \/>\n<\/strong><br \/>\nO mundo est\u00e1 em constante evolu\u00e7\u00e3o, tal como o seu filho e voc\u00ea. O desenvolvimento \u00e9 a base da exist\u00eancia. Anos de experi\u00eancia ensinaram-nos a n\u00e3o ficar parados, e \u00e9 por isso que estamos constantemente a tentar fazer algo novo. Como fabricante de brinquedos de madeira, combinamos a paix\u00e3o pelas t\u00e9cnicas tradicionais de fabrico de brinquedos com um aspeto moderno. Chegamos at\u00e9 si, caro pai, gra\u00e7as aos meios de comunica\u00e7\u00e3o modernos, facilitando o seu acesso e o do seu filho aos nossos produtos naturais.<\/p>\n<p>&nbsp;<\/p>\n<p><img loading=\"lazy\" decoding=\"async\" class=\"size-full wp-image-20440 aligncenter\" src=\"https:\/\/woolskins.eu\/wp-content\/uploads\/2024\/06\/Logo.black_-300x263-1.png\" alt=\"Pato de madeira Empurrador Brinquedos de madeira Peles de l\u00e3 Tarnawa\" width=\"300\" height=\"263\" srcset=\"https:\/\/woolskins.eu\/wp-content\/uploads\/2024\/06\/Logo.black_-300x263-1.png 300w, https:\/\/woolskins.eu\/wp-content\/uploads\/2024\/06\/Logo.black_-300x263-1-64x56.png 64w, https:\/\/woolskins.eu\/wp-content\/uploads\/2024\/06\/Logo.black_-300x263-1-14x12.png 14w\" sizes=\"auto, (max-width: 300px) 100vw, 300px\" \/><\/p>","protected":false},"excerpt":{"rendered":"<p data-sourcepos=\"1:1-1:55\"><strong>Bolas de madeira Click-clack<\/strong><\/p>\n<p data-sourcepos=\"3:1-3:54\">Para crian\u00e7as um pouco mais velhas, ou para os pais, este \u00e9 um presente super divertido! A divers\u00e3o do click-clack consiste em agarrar o anel e depois fazer movimentos vigorosos com a m\u00e3o para cima e para baixo, de modo a que as bolas de madeira saltem alternadamente por cima e por baixo da m\u00e3o. Quando as bolas chocam umas contra as outras, produzem um som carater\u00edstico de \u201cclick-clack\u201d. Gra\u00e7as a este brinquedo, as crian\u00e7as podem treinar os seus reflexos e praticar a destreza manual e a coordena\u00e7\u00e3o olho-m\u00e3o... bem, n\u00e3o s\u00f3 as crian\u00e7as.<\/p>\n<p><strong>Marca: Tarnawa<\/strong><br \/>\n<strong>Produ\u00e7\u00e3o: Pol\u00f3nia<\/strong><\/p>\n<p data-sourcepos=\"38:1-38:17\">","protected":false},"featured_media":20832,"comment_status":"open","ping_status":"closed","template":"","meta":{"_acf_changed":false},"product_brand":[],"product_cat":[504,505],"product_tag":[],"class_list":{"0":"post-20825","1":"product","2":"type-product","3":"status-publish","4":"has-post-thumbnail","6":"product_cat-houten-speelgoed","7":"product_cat-tarnawa","9":"first","10":"outofstock","11":"sale","12":"taxable","13":"shipping-taxable","14":"purchasable","15":"product-type-simple"},"acf":[],"_links":{"self":[{"href":"https:\/\/woolskins.eu\/pt\/wp-json\/wp\/v2\/product\/20825","targetHints":{"allow":["GET"]}}],"collection":[{"href":"https:\/\/woolskins.eu\/pt\/wp-json\/wp\/v2\/product"}],"about":[{"href":"https:\/\/woolskins.eu\/pt\/wp-json\/wp\/v2\/types\/product"}],"replies":[{"embeddable":true,"href":"https:\/\/woolskins.eu\/pt\/wp-json\/wp\/v2\/comments?post=20825"}],"wp:featuredmedia":[{"embeddable":true,"href":"https:\/\/woolskins.eu\/pt\/wp-json\/wp\/v2\/media\/20832"}],"wp:attachment":[{"href":"https:\/\/woolskins.eu\/pt\/wp-json\/wp\/v2\/media?parent=20825"}],"wp:term":[{"taxonomy":"product_brand","embeddable":true,"href":"https:\/\/woolskins.eu\/pt\/wp-json\/wp\/v2\/product_brand?post=20825"},{"taxonomy":"product_cat","embeddable":true,"href":"https:\/\/woolskins.eu\/pt\/wp-json\/wp\/v2\/product_cat?post=20825"},{"taxonomy":"product_tag","embeddable":true,"href":"https:\/\/woolskins.eu\/pt\/wp-json\/wp\/v2\/product_tag?post=20825"}],"curies":[{"name":"wp","href":"https:\/\/api.w.org\/{rel}","templated":true}]}}