{"id":20458,"date":"2024-06-27T12:31:12","date_gmt":"2024-06-27T12:31:12","guid":{"rendered":"https:\/\/woolskins.eu\/?post_type=product&#038;p=20458"},"modified":"2025-04-19T08:29:47","modified_gmt":"2025-04-19T08:29:47","slug":"jogo-de-equilibrio-de-blocos-de-empilhamento-de-madeira-baleia","status":"publish","type":"product","link":"https:\/\/woolskins.eu\/pt\/houten-stapelblokken-balansspel-walvis\/","title":{"rendered":"Blocos de empilhar em madeira - Jogo de equil\u00edbrio | Baleia"},"content":{"rendered":"<p data-sourcepos=\"5:1-5:42\"><strong>Porqu\u00ea escolher os blocos de empilhar em madeira?<\/strong><\/p>\n<ul data-sourcepos=\"7:1-7:44\">\n<li data-sourcepos=\"7:1-7:44\"><strong>Estimula o desenvolvimento motor:<\/strong> Ao empilhar os blocos, o seu filho exercita as suas capacidades motoras finas e a sua coordena\u00e7\u00e3o.<\/li>\n<li data-sourcepos=\"8:1-8:13\"><b>Coordena\u00e7\u00e3o m\u00e3o-olho: <\/b>ajuda a capacidade de realizar ac\u00e7\u00f5es que exigem a utiliza\u00e7\u00e3o simult\u00e2nea dos olhos e das m\u00e3os.<\/li>\n<li data-sourcepos=\"9:1-9:129\"><b>Compet\u00eancias cognitivas:\u00a0<\/b>promoveu a inteleg\u00e2ncia e a concentra\u00e7\u00e3o.<\/li>\n<li data-sourcepos=\"10:1-10:134\"><strong>Fabricado com materiais duradouros:<\/strong> O jogo de equil\u00edbrio \u00e9 fabricado em madeira FSC\u00ae de alta qualidade, o que o torna duradouro e capaz de aguentar uma pancada.<\/li>\n<li data-sourcepos=\"11:1-11:112\"><strong>Seguro para crian\u00e7as:<\/strong>\u00a0O pau de empurrar \u00e9 acabado com uma tinta segura e n\u00e3o t\u00f3xica e tem um acabamento liso, sem arestas vivas, tornando-o seguro para as crian\u00e7as brincarem.<\/li>\n<\/ul>\n<p data-sourcepos=\"13:1-13:40\"><strong>Este jogo de equil\u00edbrio \u00e9 perfeito para:<\/strong><\/p>\n<ul data-sourcepos=\"15:1-18:0\">\n<li data-sourcepos=\"15:1-15:25\">Crian\u00e7as pequenas que est\u00e3o a aprender a brincar.<\/li>\n<li data-sourcepos=\"16:1-16:44\">Crian\u00e7as que querem dar largas \u00e0 sua imagina\u00e7\u00e3o<\/li>\n<li data-sourcepos=\"17:1-18:0\">Os pais procuram brinquedos sustent\u00e1veis e educativos<\/li>\n<\/ul>\n<p data-sourcepos=\"19:1-19:18\"><strong>Especifica\u00e7\u00f5es:<\/strong><\/p>\n<ul data-sourcepos=\"21:1-24:0\">\n<li data-sourcepos=\"21:1-21:17\">Material: madeira certificada FSC\u00ae.<\/li>\n<li data-sourcepos=\"22:1-22:35\">Dimens\u00f5es: 16 x 37 x 3 cm<\/li>\n<li data-sourcepos=\"23:1-24:0\">Idade: Crian\u00e7a<\/li>\n<\/ul>\n<p data-sourcepos=\"25:1-25:118\"><strong>Transforme o tempo de brincadeira em tempo de aprendizagem com este jogo de equil\u00edbrio em madeira! Encomende-o hoje mesmo e deixe o seu filho experimentar a divers\u00e3o!<\/strong><\/p>\n<p data-sourcepos=\"32:1-32:9\"><strong>Dicas:<\/strong><\/p>\n<ul data-sourcepos=\"34:1-37:0\">\n<li data-sourcepos=\"34:1-34:65\">Primeiro, joga o jogo empilhando os cubos \u00e0 vez.<\/li>\n<li data-sourcepos=\"35:1-35:70\">Jogue em conjunto com o seu filho e deixe que o dado determine qual o bloco a empilhar.<\/li>\n<\/ul>\n<p data-sourcepos=\"38:1-38:17\"><strong>Com este jogo de empilhar da Tarnawa, a divers\u00e3o \u00e9 garantida para si e para o seu filho.<\/strong><\/p>\n<p data-sourcepos=\"38:1-38:17\"><strong>Sobre Tarnawa<\/strong><\/p>\n<p><strong>Confiar na tradi\u00e7\u00e3o familiar!<\/strong><\/p>\n<p>Sabemos como fazer com que cada crian\u00e7a seja feliz desde a mais tenra idade. Sabemos que o seu desenvolvimento e seguran\u00e7a s\u00e3o t\u00e3o importantes como a divers\u00e3o. Mais de 80 anos de trabalho no fabrico de brinquedos e objectos de madeira ensinaram-nos isso mesmo. Oferecemos aos nossos clientes brinquedos de madeira de alta qualidade para crian\u00e7as, que n\u00e3o s\u00e3o apenas robustos, mas tamb\u00e9m seguros. O conhecimento, a experi\u00eancia, a paix\u00e3o e o empenho s\u00e3o transmitidos na nossa casa de gera\u00e7\u00e3o em gera\u00e7\u00e3o. A Tarnawa n\u00e3o \u00e9 apenas uma empresa, \u00e9 uma fam\u00edlia!<\/p>\n<p><img loading=\"lazy\" decoding=\"async\" class=\"alignnone size-medium wp-image-20439 entered lazyloaded\" src=\"https:\/\/i0.wp.com\/woolskins.eu\/wp-content\/uploads\/2024\/06\/IMG_1333-scaled-Klein.jpg?resize=225%2C300&amp;ssl=1\" sizes=\"auto, (max-width: 225px) 100vw, 225px\" srcset=\"https:\/\/i0.wp.com\/woolskins.eu\/wp-content\/uploads\/2024\/06\/IMG_1333-scaled-Klein.jpg?resize=225%2C300&amp;ssl=1 225w, https:\/\/i0.wp.com\/woolskins.eu\/wp-content\/uploads\/2024\/06\/IMG_1333-scaled-Klein.jpg?resize=9%2C12&amp;ssl=1 9w, https:\/\/i0.wp.com\/woolskins.eu\/wp-content\/uploads\/2024\/06\/IMG_1333-scaled-Klein.jpg?resize=64%2C85&amp;ssl=1 64w, https:\/\/i0.wp.com\/woolskins.eu\/wp-content\/uploads\/2024\/06\/IMG_1333-scaled-Klein.jpg?w=480&amp;ssl=1 480w\" alt=\"Pato de madeira Empurrador Brinquedos de madeira Peles de l\u00e3 Tarnawa\" width=\"225\" height=\"300\" data-lazy-srcset=\"https:\/\/i0.wp.com\/woolskins.eu\/wp-content\/uploads\/2024\/06\/IMG_1333-scaled-Klein.jpg?resize=225%2C300&amp;ssl=1 225w, https:\/\/i0.wp.com\/woolskins.eu\/wp-content\/uploads\/2024\/06\/IMG_1333-scaled-Klein.jpg?resize=9%2C12&amp;ssl=1 9w, https:\/\/i0.wp.com\/woolskins.eu\/wp-content\/uploads\/2024\/06\/IMG_1333-scaled-Klein.jpg?resize=64%2C85&amp;ssl=1 64w, https:\/\/i0.wp.com\/woolskins.eu\/wp-content\/uploads\/2024\/06\/IMG_1333-scaled-Klein.jpg?w=480&amp;ssl=1 480w\" data-lazy-sizes=\"(max-width: 225px) 100vw, 225px\" data-recalc-dims=\"1\" data-lazy-src=\"https:\/\/i0.wp.com\/woolskins.eu\/wp-content\/uploads\/2024\/06\/IMG_1333-scaled-Klein.jpg?resize=225%2C300&amp;ssl=1\" data-ll-status=\"loaded\" \/><\/p>\n<p><strong>Brinquedos de alta qualidade para os seus e os nossos filhos!<br \/>\n<\/strong><br \/>\nAcreditamos que, como pai, quer que os brinquedos que d\u00e1 ao seu filho sejam bonitos, cuidadosamente fabricados, duradouros e seguros. Asseguramos que os nossos produtos de madeira, gra\u00e7as \u00e0 sua funcionalidade, bem como \u00e0 sua est\u00e9tica e precis\u00e3o de acabamento, sirvam o seu filho durante muito tempo e da melhor forma poss\u00edvel. Fabricamo-los \u00e0 m\u00e3o, prestando aten\u00e7\u00e3o aos mais pequenos pormenores. Os brinquedos de madeira da Tarnawa n\u00e3o s\u00e3o fabricados em s\u00e9rie, s\u00e3o pequenas obras de arte.<\/p>\n<p><strong>Criamos com os tempos!<br \/>\n<\/strong><br \/>\nO mundo est\u00e1 em constante evolu\u00e7\u00e3o, tal como o seu filho e voc\u00ea. O desenvolvimento \u00e9 a base da exist\u00eancia. Anos de experi\u00eancia ensinaram-nos a n\u00e3o ficar parados, e \u00e9 por isso que estamos constantemente a tentar fazer algo novo. Como fabricante de brinquedos de madeira, combinamos a paix\u00e3o pelas t\u00e9cnicas tradicionais de fabrico de brinquedos com um aspeto moderno. Chegamos at\u00e9 si, caro pai, gra\u00e7as aos meios de comunica\u00e7\u00e3o modernos, facilitando o seu acesso e o do seu filho aos nossos produtos naturais.<\/p>\n<p>&nbsp;<\/p>\n<p><img loading=\"lazy\" decoding=\"async\" class=\"size-full wp-image-20440 aligncenter entered lazyloaded\" src=\"https:\/\/i0.wp.com\/woolskins.eu\/wp-content\/uploads\/2024\/06\/Logo.black_-300x263-1.png?resize=300%2C263&amp;ssl=1\" sizes=\"auto, (max-width: 300px) 100vw, 300px\" srcset=\"https:\/\/i0.wp.com\/woolskins.eu\/wp-content\/uploads\/2024\/06\/Logo.black_-300x263-1.png?w=300&amp;ssl=1 300w, https:\/\/i0.wp.com\/woolskins.eu\/wp-content\/uploads\/2024\/06\/Logo.black_-300x263-1.png?resize=14%2C12&amp;ssl=1 14w, https:\/\/i0.wp.com\/woolskins.eu\/wp-content\/uploads\/2024\/06\/Logo.black_-300x263-1.png?resize=64%2C56&amp;ssl=1 64w\" alt=\"Pato de madeira Empurrador Brinquedos de madeira Peles de l\u00e3 Tarnawa\" width=\"300\" height=\"263\" data-lazy-srcset=\"https:\/\/i0.wp.com\/woolskins.eu\/wp-content\/uploads\/2024\/06\/Logo.black_-300x263-1.png?w=300&amp;ssl=1 300w, https:\/\/i0.wp.com\/woolskins.eu\/wp-content\/uploads\/2024\/06\/Logo.black_-300x263-1.png?resize=14%2C12&amp;ssl=1 14w, https:\/\/i0.wp.com\/woolskins.eu\/wp-content\/uploads\/2024\/06\/Logo.black_-300x263-1.png?resize=64%2C56&amp;ssl=1 64w\" data-lazy-sizes=\"(max-width: 300px) 100vw, 300px\" data-recalc-dims=\"1\" data-lazy-src=\"https:\/\/i0.wp.com\/woolskins.eu\/wp-content\/uploads\/2024\/06\/Logo.black_-300x263-1.png?resize=300%2C263&amp;ssl=1\" data-ll-status=\"loaded\" \/><\/p>","protected":false},"excerpt":{"rendered":"<p>Divirta-se com o seu filho ao jogar este jogo de equil\u00edbrio da Tarnawa! Este jogo de equil\u00edbrio em madeira ajuda o seu filho a pensar logicamente e tamb\u00e9m a desenvolver as suas capacidades cognitivas e a sua coordena\u00e7\u00e3o \u00f3culo-manual. Um a um, coloca os blocos sobre a base inst\u00e1vel, mas cuidado! Certifique-se de que n\u00e3o caem. A base e os blocos t\u00eam um acabamento liso, sem arestas vivas e com um verniz antiaderente, o que os torna seguros para as crian\u00e7as brincarem.<\/p>\n<p><strong>Marca: Tarnawa<\/strong><br \/>\n<strong>Produ\u00e7\u00e3o: Pol\u00f3nia<\/strong><\/p>","protected":false},"featured_media":20480,"comment_status":"open","ping_status":"closed","template":"","meta":{"_acf_changed":false},"product_brand":[],"product_cat":[504,499,505],"product_tag":[],"class_list":{"0":"post-20458","1":"product","2":"type-product","3":"status-publish","4":"has-post-thumbnail","6":"product_cat-houten-speelgoed","7":"product_cat-new-arrivals","8":"product_cat-tarnawa","10":"first","11":"outofstock","12":"taxable","13":"shipping-taxable","14":"purchasable","15":"product-type-simple"},"acf":[],"_links":{"self":[{"href":"https:\/\/woolskins.eu\/pt\/wp-json\/wp\/v2\/product\/20458","targetHints":{"allow":["GET"]}}],"collection":[{"href":"https:\/\/woolskins.eu\/pt\/wp-json\/wp\/v2\/product"}],"about":[{"href":"https:\/\/woolskins.eu\/pt\/wp-json\/wp\/v2\/types\/product"}],"replies":[{"embeddable":true,"href":"https:\/\/woolskins.eu\/pt\/wp-json\/wp\/v2\/comments?post=20458"}],"wp:featuredmedia":[{"embeddable":true,"href":"https:\/\/woolskins.eu\/pt\/wp-json\/wp\/v2\/media\/20480"}],"wp:attachment":[{"href":"https:\/\/woolskins.eu\/pt\/wp-json\/wp\/v2\/media?parent=20458"}],"wp:term":[{"taxonomy":"product_brand","embeddable":true,"href":"https:\/\/woolskins.eu\/pt\/wp-json\/wp\/v2\/product_brand?post=20458"},{"taxonomy":"product_cat","embeddable":true,"href":"https:\/\/woolskins.eu\/pt\/wp-json\/wp\/v2\/product_cat?post=20458"},{"taxonomy":"product_tag","embeddable":true,"href":"https:\/\/woolskins.eu\/pt\/wp-json\/wp\/v2\/product_tag?post=20458"}],"curies":[{"name":"wp","href":"https:\/\/api.w.org\/{rel}","templated":true}]}}