{"id":20442,"date":"2024-06-27T11:04:09","date_gmt":"2024-06-27T11:04:09","guid":{"rendered":"https:\/\/woolskins.eu\/?post_type=product&#038;p=20442"},"modified":"2025-06-10T18:26:01","modified_gmt":"2025-06-10T18:26:01","slug":"bengala-de-madeira-para-empurrar-esquilo-bengala","status":"publish","type":"product","link":"https:\/\/woolskins.eu\/pt\/houten-eekhoorn-duwstok-loopstok\/","title":{"rendered":"Bast\u00e3o de madeira para esquilo - bengala"},"content":{"rendered":"<p data-sourcepos=\"5:1-5:42\"><strong>Porqu\u00ea escolher um empurrador de madeira?<\/strong><\/p>\n<ul data-sourcepos=\"7:1-7:44\">\n<li data-sourcepos=\"7:1-7:44\"><strong>Estimula o desenvolvimento motor:<\/strong> Empurrar ou puxar o pau de empurrar exercita as capacidades motoras grossas e a coordena\u00e7\u00e3o do seu filho.<\/li>\n<li data-sourcepos=\"8:1-8:13\"><strong>Melhora o equil\u00edbrio:<\/strong> Andar com a bengala ajuda a crian\u00e7a a desenvolver o seu equil\u00edbrio e a aprender a manter-se firme sobre os p\u00e9s.<\/li>\n<li data-sourcepos=\"9:1-9:129\"><strong>Favorece as brincadeiras imaginativas:<\/strong> O pau de empurrar pode ser utilizado como um animal, um carro ou qualquer coisa que a imagina\u00e7\u00e3o do seu filho possa imaginar.<\/li>\n<li data-sourcepos=\"10:1-10:134\"><strong>Fabricado com materiais duradouros:<\/strong> O bast\u00e3o de empurrar \u00e9 fabricado em madeira FSC\u00ae de alta qualidade, o que o torna duradouro e capaz de aguentar uma pancada.<\/li>\n<li data-sourcepos=\"11:1-11:112\"><strong>Seguro para crian\u00e7as:<\/strong> O pau de empurrar \u00e9 acabado com uma tinta segura e n\u00e3o t\u00f3xica e tem um acabamento liso, sem arestas vivas, tornando-o seguro para as crian\u00e7as brincarem.<\/li>\n<\/ul>\n<p data-sourcepos=\"13:1-13:40\"><strong>Este empurrador de madeira \u00e9 perfeito para:<\/strong><\/p>\n<ul data-sourcepos=\"15:1-18:0\">\n<li data-sourcepos=\"15:1-15:25\">Crian\u00e7as a aprender a andar<\/li>\n<li data-sourcepos=\"16:1-16:44\">Crian\u00e7as que querem dar largas \u00e0 sua imagina\u00e7\u00e3o<\/li>\n<li data-sourcepos=\"17:1-18:0\">Os pais procuram brinquedos sustent\u00e1veis e educativos<\/li>\n<\/ul>\n<p data-sourcepos=\"19:1-19:18\"><strong>Especifica\u00e7\u00f5es:<\/strong><\/p>\n<ul data-sourcepos=\"21:1-24:0\">\n<li data-sourcepos=\"21:1-21:17\">Material: madeira certificada FSC\u00ae.<\/li>\n<li data-sourcepos=\"22:1-22:35\">Dimens\u00f5es: 18 x 15,5 x 64 cm<\/li>\n<li data-sourcepos=\"23:1-24:0\">Idade: Crian\u00e7a<\/li>\n<\/ul>\n<p data-sourcepos=\"25:1-25:118\"><strong>Transforme o tempo de brincadeira em tempo de aprendizagem com este pau de madeira! Encomende-o hoje mesmo e deixe o seu filho experimentar a divers\u00e3o!<\/strong><\/p>\n<p data-sourcepos=\"32:1-32:9\"><strong>Dicas:<\/strong><\/p>\n<ul data-sourcepos=\"34:1-37:0\">\n<li data-sourcepos=\"34:1-34:65\">Deixe o seu filho utilizar o pau de empurrar no interior ou no exterior.<\/li>\n<li data-sourcepos=\"35:1-35:70\">Brinque com o seu filho e invente jogos divertidos com o bast\u00e3o de empurrar.<\/li>\n<\/ul>\n<p data-sourcepos=\"38:1-38:17\"><strong>Com este empurrador de madeira da Tarnawa, a divers\u00e3o dos mais pequenos est\u00e1 garantida.<\/strong><\/p>\n<p data-sourcepos=\"38:1-38:17\"><strong>Sobre Tarnawa<\/strong><\/p>\n<p><strong>Confiar na tradi\u00e7\u00e3o familiar!<\/strong><\/p>\n<p>Sabemos como fazer com que cada crian\u00e7a seja feliz desde a mais tenra idade. Sabemos que o seu desenvolvimento e seguran\u00e7a s\u00e3o t\u00e3o importantes como a divers\u00e3o. Mais de 80 anos de trabalho no fabrico de brinquedos e objectos de madeira ensinaram-nos isso mesmo. Oferecemos aos nossos clientes brinquedos de madeira de alta qualidade para crian\u00e7as, que n\u00e3o s\u00e3o apenas robustos, mas tamb\u00e9m seguros. O conhecimento, a experi\u00eancia, a paix\u00e3o e o empenho s\u00e3o transmitidos na nossa casa de gera\u00e7\u00e3o em gera\u00e7\u00e3o. A Tarnawa n\u00e3o \u00e9 apenas uma empresa, \u00e9 uma fam\u00edlia!<\/p>\n<p><img loading=\"lazy\" decoding=\"async\" class=\"alignnone size-medium wp-image-20439\" src=\"https:\/\/woolskins.eu\/wp-content\/uploads\/2024\/06\/IMG_1333-scaled-Klein-225x300.jpg\" alt=\"Pato de madeira Empurrador Brinquedos de madeira Peles de l\u00e3 Tarnawa\" width=\"225\" height=\"300\" srcset=\"https:\/\/woolskins.eu\/wp-content\/uploads\/2024\/06\/IMG_1333-scaled-Klein-225x300.jpg 225w, https:\/\/woolskins.eu\/wp-content\/uploads\/2024\/06\/IMG_1333-scaled-Klein-64x85.jpg 64w, https:\/\/woolskins.eu\/wp-content\/uploads\/2024\/06\/IMG_1333-scaled-Klein-9x12.jpg 9w, https:\/\/woolskins.eu\/wp-content\/uploads\/2024\/06\/IMG_1333-scaled-Klein.jpg 480w\" sizes=\"auto, (max-width: 225px) 100vw, 225px\" \/><\/p>\n<p><strong>Brinquedos de alta qualidade para os seus e os nossos filhos!<br \/>\n<\/strong><br \/>\nAcreditamos que, como pai, quer que os brinquedos que d\u00e1 ao seu filho sejam bonitos, cuidadosamente fabricados, duradouros e seguros. Asseguramos que os nossos produtos de madeira, gra\u00e7as \u00e0 sua funcionalidade, bem como \u00e0 sua est\u00e9tica e precis\u00e3o de acabamento, sirvam o seu filho durante muito tempo e da melhor forma poss\u00edvel. Fabricamo-los \u00e0 m\u00e3o, prestando aten\u00e7\u00e3o aos mais pequenos pormenores. Os brinquedos de madeira da Tarnawa n\u00e3o s\u00e3o fabricados em s\u00e9rie, s\u00e3o pequenas obras de arte.<\/p>\n<p><strong>Criamos com os tempos!<br \/>\n<\/strong><br \/>\nO mundo est\u00e1 em constante evolu\u00e7\u00e3o, tal como o seu filho e voc\u00ea. O desenvolvimento \u00e9 a base da exist\u00eancia. Anos de experi\u00eancia ensinaram-nos a n\u00e3o ficar parados, e \u00e9 por isso que estamos constantemente a tentar fazer algo novo. Como fabricante de brinquedos de madeira, combinamos a paix\u00e3o pelas t\u00e9cnicas tradicionais de fabrico de brinquedos com um aspeto moderno. Chegamos at\u00e9 si, caro pai, gra\u00e7as aos meios de comunica\u00e7\u00e3o modernos, facilitando o seu acesso e o do seu filho aos nossos produtos naturais.<\/p>\n<p>&nbsp;<\/p>\n<p><img loading=\"lazy\" decoding=\"async\" class=\"size-full wp-image-20440 aligncenter\" src=\"https:\/\/woolskins.eu\/wp-content\/uploads\/2024\/06\/Logo.black_-300x263-1.png\" alt=\"Pato de madeira Empurrador Brinquedos de madeira Peles de l\u00e3 Tarnawa\" width=\"300\" height=\"263\" srcset=\"https:\/\/woolskins.eu\/wp-content\/uploads\/2024\/06\/Logo.black_-300x263-1.png 300w, https:\/\/woolskins.eu\/wp-content\/uploads\/2024\/06\/Logo.black_-300x263-1-64x56.png 64w, https:\/\/woolskins.eu\/wp-content\/uploads\/2024\/06\/Logo.black_-300x263-1-14x12.png 14w\" sizes=\"auto, (max-width: 300px) 100vw, 300px\" \/><\/p>","protected":false},"excerpt":{"rendered":"<p data-sourcepos=\"1:1-1:55\"><strong>Bast\u00e3o de empurrar pato em madeira - Bengala\u00a0<\/strong><\/p>\n<p data-sourcepos=\"3:1-3:54\">Procura brinquedos divertidos e educativos para o seu filho? Ent\u00e3o, este bast\u00e3o de madeira \u00e9 a escolha perfeita! Fabricado em madeira de alta qualidade aprovada pelo FSC\u00ae, este pau oferece horas de divers\u00e3o enquanto estimula o desenvolvimento motor do seu filho. O empurrador \u00e9 acabado com uma tinta segura e n\u00e3o t\u00f3xica e tem um acabamento liso, sem arestas vivas, tornando-o seguro para as crian\u00e7as brincarem.<\/p>\n<p><strong>Marca: Tarnawa<\/strong><br \/>\n<strong>Produ\u00e7\u00e3o: Pol\u00f3nia<\/strong><\/p>\n<p data-sourcepos=\"38:1-38:17\">","protected":false},"featured_media":20446,"comment_status":"open","ping_status":"closed","template":"","meta":{"_acf_changed":false},"product_brand":[],"product_cat":[504,505],"product_tag":[],"class_list":{"0":"post-20442","1":"product","2":"type-product","3":"status-publish","4":"has-post-thumbnail","6":"product_cat-houten-speelgoed","7":"product_cat-tarnawa","9":"first","10":"outofstock","11":"taxable","12":"shipping-taxable","13":"purchasable","14":"product-type-simple"},"acf":[],"_links":{"self":[{"href":"https:\/\/woolskins.eu\/pt\/wp-json\/wp\/v2\/product\/20442","targetHints":{"allow":["GET"]}}],"collection":[{"href":"https:\/\/woolskins.eu\/pt\/wp-json\/wp\/v2\/product"}],"about":[{"href":"https:\/\/woolskins.eu\/pt\/wp-json\/wp\/v2\/types\/product"}],"replies":[{"embeddable":true,"href":"https:\/\/woolskins.eu\/pt\/wp-json\/wp\/v2\/comments?post=20442"}],"wp:featuredmedia":[{"embeddable":true,"href":"https:\/\/woolskins.eu\/pt\/wp-json\/wp\/v2\/media\/20446"}],"wp:attachment":[{"href":"https:\/\/woolskins.eu\/pt\/wp-json\/wp\/v2\/media?parent=20442"}],"wp:term":[{"taxonomy":"product_brand","embeddable":true,"href":"https:\/\/woolskins.eu\/pt\/wp-json\/wp\/v2\/product_brand?post=20442"},{"taxonomy":"product_cat","embeddable":true,"href":"https:\/\/woolskins.eu\/pt\/wp-json\/wp\/v2\/product_cat?post=20442"},{"taxonomy":"product_tag","embeddable":true,"href":"https:\/\/woolskins.eu\/pt\/wp-json\/wp\/v2\/product_tag?post=20442"}],"curies":[{"name":"wp","href":"https:\/\/api.w.org\/{rel}","templated":true}]}}