{"id":20255,"date":"2024-06-04T13:20:30","date_gmt":"2024-06-04T13:20:30","guid":{"rendered":"https:\/\/woolskins.eu\/?post_type=product&#038;p=20255"},"modified":"2026-03-09T09:03:20","modified_gmt":"2026-03-09T09:03:20","slug":"coifa-para-os-pes-com-100-la-zaffiro-igrow-4-0","status":"publish","type":"product","link":"https:\/\/woolskins.eu\/pt\/voetenzak-met-100-wol-zaffiro-igrow-4-0\/","title":{"rendered":"Cobre-p\u00e9s de l\u00e3 0-3 anos - Zaffiro iGrow 4.0 | Bege\/bege"},"content":{"rendered":"<p>O iGrow 4.0 \u00e9 uma vers\u00e3o melhorada do nosso bestseller e est\u00e1 dispon\u00edvel na Woolskins em 4 cores. Este protetor para os p\u00e9s \u00e9 feito de l\u00e3 natural de alta qualidade que cresce com o seu filho at\u00e9 aos 3 anos, gra\u00e7as a duas op\u00e7\u00f5es de ajuste do comprimento. Gra\u00e7as \u00e0 utiliza\u00e7\u00e3o de orif\u00edcios longitudinais para os cintos de seguran\u00e7a, adapta-se tanto aos modelos com um sistema de instala\u00e7\u00e3o de cintos de 5 e 3 pontos como aos modelos com arneses fixos que seguram a crian\u00e7a. A sec\u00e7\u00e3o inferior alargada do modelo iGrow 4.0 tem um revestimento protetor especial W\/R, permitindo que as crian\u00e7as mais altas andem com sapatos.<\/p>\n<p>Este pufe Zaffiro \u00e9 luxuoso, quente e confort\u00e1vel! A camada exterior especial \u00e9 \u00e0 prova de \u00e1gua e de vento, para que o seu filho esteja sempre protegido contra o frio. No interior, s\u00e3o utilizadas duas camadas de velo de l\u00e3 para um maior calor e conforto.<\/p>\n<p>O comprimento do saco para os p\u00e9s pode ser ajustado, o que \u00e9 poss\u00edvel abrindo o fecho da parte inferior. Isto depende da idade e das necessidades do seu beb\u00e9. O saco para os p\u00e9s tem um cord\u00e3o na gola, o que facilita o ajuste \u00e0 forma da cabe\u00e7a do beb\u00e9.<\/p>\n<p>Quando a parte inferior est\u00e1 aberta, \u00e9 adequada para uma alcofa e cadeiras auto. Quando a parte inferior est\u00e1 aberta, \u00e9 adequada para carrinhos de beb\u00e9.<\/p>\n<p>Carater\u00edsticas:<\/p>\n<p>- Dimens\u00f5es: 84\/106 x 45 cm.<br \/>\n- Destinado a crian\u00e7as desde o nascimento at\u00e9, pelo menos, aos 3 anos de idade.<br \/>\n- Adapta-se a todos os modelos de carrinhos de beb\u00e9.<br \/>\n- Material resistente \u00e0s manchas para repelir a sujidade.<br \/>\n- Resistente ao vento e \u00e0 \u00e1gua (protege da chuva e da neve).<br \/>\n- Bom isolamento gra\u00e7as \u00e0 l\u00e3 de ovelha quente de primeira qualidade.<br \/>\n- Tecido n\u00e3o tecido felpudo anti-al\u00e9rgico de 300 g\/m2 na parte de tr\u00e1s do saco-cama e de 450 g\/m2 na parte da frente do edred\u00e3o.<br \/>\n- A parte superior do saco-cama pode ser apertada com um cord\u00e3o para formar um capuz quente.<br \/>\n- A cobertura pode ser levantada, dando \u00e0 cabe\u00e7a e ao pesco\u00e7o do seu filho uma prote\u00e7\u00e3o ainda melhor contra o vento e a geada.<br \/>\n- A parte superior pode ser completamente aberta.<br \/>\n- N\u00e3o desliza facilmente para baixo no carrinho de beb\u00e9 ou no tren\u00f3.<\/p>\n<p>L\u00e3 de primeira qualidade<br \/>\nO saco-cama iGrow 4.0 \u00e9 fabricado com fibras da mais alta qualidade, enriquecidas com um tratamento especializado adicional, que cria uma cobertura capilar em ambos os lados do tecido. Gra\u00e7as a estas propriedades, a l\u00e3 dos nossos sacos-cama \u00e9 higrosc\u00f3pica, absorve perfeitamente a humidade e protege contra a perda de calor. A l\u00e3 utilizada no saco-cama iGrow 4.0 ret\u00e9m melhor o calor do que a l\u00e3 normal, gra\u00e7as \u00e0s duas camadas de l\u00e3 de lobo.<\/p>\n<p>A l\u00e3 de ovelha PREMIUM natural e macia utilizada para produzir o saco-cama \u00e9 perfeita para os Invernos frios e os dias mais quentes. Proporciona uma termorregula\u00e7\u00e3o natural ainda melhor, protegendo eficazmente a crian\u00e7a mesmo em caso de geadas fortes e assegurando que a crian\u00e7a n\u00e3o sobreaquece nos dias quentes. A l\u00e3 de ovelha tem tamb\u00e9m propriedades anti-al\u00e9rgicas e resiste ao desenvolvimento de \u00e1caros. Tem propriedades higi\u00e9nicas e de auto-limpeza. Neutraliza os odores desagrad\u00e1veis e a sujidade.<\/p>\n<p>Composi\u00e7\u00e3o:<br \/>\nTecido da capa: 100% poli\u00e9ster; tecido interior: 100% l\u00e3 de lobo; acolchoamento: 100% poli\u00e9ster.<\/p>","protected":false},"excerpt":{"rendered":"<p>Aconchegue-se com o seu filho com este quente len\u00e7o de l\u00e3 para os p\u00e9s da Zaffiro. O interior do protetor para os p\u00e9s \u00e9 feito de l\u00e3 natural de alta qualidade e cresce com o seu filho at\u00e9 aos 3 anos, gra\u00e7as \u00e0 inser\u00e7\u00e3o extra. O comprimento do saco para os p\u00e9s pode ser ajustado abrindo o fecho de correr na parte inferior. Gra\u00e7as \u00e0s aberturas longitudinais do cinto de seguran\u00e7a, adapta-se aos sistemas de arn\u00eas de 5 e 3 pontos, bem como aos modelos com correias fixas. A sec\u00e7\u00e3o inferior alargada tem um revestimento protetor especial resistente \u00e0 \u00e1gua, para que as crian\u00e7as maiores com sapatos possam entrar. Este pufe de l\u00e3 Zaffiro \u00e9 luxuoso, quente e confort\u00e1vel! A camada exterior especial \u00e9 \u00e0 prova de \u00e1gua e de vento, para que o seu filho esteja sempre protegido do frio. No interior, s\u00e3o utilizadas duas camadas de l\u00e3 de lobo para maior calor e conforto. O gorro de l\u00e3 Zaffiro pode ser utilizado durante todo o ano, mas \u00e9 mais \u00fatil no inverno e no outono. Pode contar com o facto de o seu filho estar bem quentinho e extremamente confort\u00e1vel com esta prote\u00e7\u00e3o para os p\u00e9s da Zaffiro. Para mais informa\u00e7\u00f5es, ver abaixo.<\/p>\n<p><strong>Marca: Zaffiro<\/strong><br \/>\n<strong>Produ\u00e7\u00e3o: Pol\u00f3nia<br \/>\nKeur: Oeko-Tex Standard<\/strong><\/p>\n<p><img loading=\"lazy\" decoding=\"async\" class=\"alignnone wp-image-28173 entered lazyloaded\" src=\"https:\/\/woolskins.eu\/wp-content\/uploads\/2024\/05\/csm_OEKO-TEX_Logo_2022_rgb_c1aaeb5ceb-300x300.jpg\" alt=\"\" width=\"89\" height=\"89\" data-lazy-src=\"https:\/\/woolskins.eu\/wp-content\/uploads\/2024\/05\/csm_OEKO-TEX_Logo_2022_rgb_c1aaeb5ceb-300x300.jpg\" data-ll-status=\"loaded\" srcset=\"https:\/\/woolskins.eu\/wp-content\/uploads\/2024\/05\/csm_OEKO-TEX_Logo_2022_rgb_c1aaeb5ceb-300x300.jpg 300w, https:\/\/woolskins.eu\/wp-content\/uploads\/2024\/05\/csm_OEKO-TEX_Logo_2022_rgb_c1aaeb5ceb-150x150.jpg 150w, https:\/\/woolskins.eu\/wp-content\/uploads\/2024\/05\/csm_OEKO-TEX_Logo_2022_rgb_c1aaeb5ceb-768x769.jpg 768w, https:\/\/woolskins.eu\/wp-content\/uploads\/2024\/05\/csm_OEKO-TEX_Logo_2022_rgb_c1aaeb5ceb-12x12.jpg 12w, https:\/\/woolskins.eu\/wp-content\/uploads\/2024\/05\/csm_OEKO-TEX_Logo_2022_rgb_c1aaeb5ceb-600x601.jpg 600w, https:\/\/woolskins.eu\/wp-content\/uploads\/2024\/05\/csm_OEKO-TEX_Logo_2022_rgb_c1aaeb5ceb-100x100.jpg 100w, https:\/\/woolskins.eu\/wp-content\/uploads\/2024\/05\/csm_OEKO-TEX_Logo_2022_rgb_c1aaeb5ceb-64x64.jpg 64w, https:\/\/woolskins.eu\/wp-content\/uploads\/2024\/05\/csm_OEKO-TEX_Logo_2022_rgb_c1aaeb5ceb.jpg 885w\" sizes=\"auto, (max-width: 89px) 100vw, 89px\" \/><\/p>","protected":false},"featured_media":20259,"comment_status":"closed","ping_status":"closed","template":"","meta":{"_acf_changed":false},"product_brand":[],"product_cat":[352,499,336,502],"product_tag":[],"class_list":{"0":"post-20255","1":"product","2":"type-product","3":"status-publish","4":"has-post-thumbnail","6":"product_cat-merken","7":"product_cat-new-arrivals","8":"product_cat-voetenzakken","9":"product_cat-zaffiro","11":"first","12":"outofstock","13":"sale","14":"taxable","15":"shipping-taxable","16":"purchasable","17":"product-type-simple"},"acf":[],"_links":{"self":[{"href":"https:\/\/woolskins.eu\/pt\/wp-json\/wp\/v2\/product\/20255","targetHints":{"allow":["GET"]}}],"collection":[{"href":"https:\/\/woolskins.eu\/pt\/wp-json\/wp\/v2\/product"}],"about":[{"href":"https:\/\/woolskins.eu\/pt\/wp-json\/wp\/v2\/types\/product"}],"replies":[{"embeddable":true,"href":"https:\/\/woolskins.eu\/pt\/wp-json\/wp\/v2\/comments?post=20255"}],"wp:featuredmedia":[{"embeddable":true,"href":"https:\/\/woolskins.eu\/pt\/wp-json\/wp\/v2\/media\/20259"}],"wp:attachment":[{"href":"https:\/\/woolskins.eu\/pt\/wp-json\/wp\/v2\/media?parent=20255"}],"wp:term":[{"taxonomy":"product_brand","embeddable":true,"href":"https:\/\/woolskins.eu\/pt\/wp-json\/wp\/v2\/product_brand?post=20255"},{"taxonomy":"product_cat","embeddable":true,"href":"https:\/\/woolskins.eu\/pt\/wp-json\/wp\/v2\/product_cat?post=20255"},{"taxonomy":"product_tag","embeddable":true,"href":"https:\/\/woolskins.eu\/pt\/wp-json\/wp\/v2\/product_tag?post=20255"}],"curies":[{"name":"wp","href":"https:\/\/api.w.org\/{rel}","templated":true}]}}