{"id":20251,"date":"2024-06-04T12:30:02","date_gmt":"2024-06-04T12:30:02","guid":{"rendered":"https:\/\/woolskins.eu\/?post_type=product&#038;p=20251"},"modified":"2026-02-15T18:10:56","modified_gmt":"2026-02-15T18:10:56","slug":"luvas-de-la-para-crianca-1-3-anos-zaffiro-feltro-bege","status":"publish","type":"product","link":"https:\/\/woolskins.eu\/pt\/wollen-wanten-voor-kind-1-3-jaar-zaffiro-felted-beige\/","title":{"rendered":"Luvas de l\u00e3 para crian\u00e7a 1-3 anos - Zaffiro | Feltro bege"},"content":{"rendered":"<h5>Luvas de l\u00e3 para crian\u00e7a 1-3 anos - Zaffiro<\/h5>\n<p>Houd de kleine handjes warm en comfortabel met de wollen wanten van Zaffiro. Deze schattige wantjes zijn ideaal voor koude dagen en gemaakt van zachte, natuurlijke felted premium wol, die vriendelijk is voor de gevoelige huid van je kindje.\u00a0Dankzij het <strong data-start=\"318\" data-end=\"337\">handige koortje<\/strong> blijven de wantjes bij elkaar en raak je ze <strong data-start=\"382\" data-end=\"417\">veel minder snel kwijt onderweg<\/strong> \u2013 superpraktisch tijdens wandelingen of uitstapjes.\u00a0De wollen wanten bieden uitstekende isolatie en zijn geschikt voor kindjes van 1 tot 3 jaar..<\/p>\n<p>Algumas carater\u00edsticas:<\/p>\n<ul>\n<li>Calor: A l\u00e3 isola naturalmente e mant\u00e9m as m\u00e3os do seu beb\u00e9 quentes e agrad\u00e1veis mesmo com o tempo mais frio.<\/li>\n<li>Suavidade: As luvas s\u00e3o feitas de l\u00e3 luxuosamente macia que n\u00e3o irrita a pele do seu beb\u00e9.<\/li>\n<li>Respirabilidade: A l\u00e3 \u00e9 naturalmente respir\u00e1vel, mantendo as m\u00e3os do seu beb\u00e9 confort\u00e1veis e sem suor.<\/li>\n<li>F\u00e1ceis de p\u00f4r e tirar: as luvas t\u00eam um punho, pelo que s\u00e3o f\u00e1ceis de p\u00f4r e tirar, mesmo para os mais pequenos que se mexem.<\/li>\n<li>As luvas combinam bem com todos os outros produtos da nossa cole\u00e7\u00e3o Felted.<\/li>\n<\/ul>\n<h5>Zaffiro<\/h5>\n<p>A empresa Zaffiro \u00e9 uma empresa familiar polaca. Desde o nosso in\u00edcio, em 1989, especializ\u00e1mo-nos na produ\u00e7\u00e3o de produtos para beb\u00e9s e crian\u00e7as e a maior parte do que produzimos \u00e9 exportada para mais de 40 pa\u00edses. Cri\u00e1mos a marca Zaffiro para promover produtos que apoiam os pais que est\u00e3o conscientes da import\u00e2ncia da intimidade e da liga\u00e7\u00e3o com o seu beb\u00e9 desde as primeiras horas ap\u00f3s o nascimento. Promovemos o conceito de \u2018cora\u00e7\u00e3o a cora\u00e7\u00e3o\u2019, transportando as crian\u00e7as em slings e porta-beb\u00e9s, reintroduzindo a s\u00e1bia tradi\u00e7\u00e3o das gera\u00e7\u00f5es anteriores, redescoberta e desenvolvida tendo em conta a investiga\u00e7\u00e3o psicol\u00f3gica contempor\u00e2nea.<\/p>","protected":false},"excerpt":{"rendered":"<p data-start=\"62\" data-end=\"304\">Houd de kleine handjes warm en comfortabel met de wollen wanten van Zaffiro. Deze schattige wantjes zijn ideaal voor koude dagen en gemaakt van zachte, natuurlijke felted premium wol, die vriendelijk is voor de gevoelige huid van je kindje.\u00a0Dankzij het <strong data-start=\"318\" data-end=\"337\">handige koortje<\/strong> blijven de wantjes bij elkaar en raak je ze <strong data-start=\"382\" data-end=\"417\">veel minder snel kwijt onderweg<\/strong> \u2013 superpraktisch tijdens wandelingen of uitstapjes.\u00a0De wollen wanten bieden uitstekende isolatie en zijn geschikt voor kindjes van 1 tot 3 jaar.<\/p>\n<div class=\"woocommerce-product-details__short-description\">\n<p><strong>Marca: Zaffiro<\/strong><br \/>\n<strong>Produ\u00e7\u00e3o: Pol\u00f3nia<br \/>\nKeur: Oeko-Tex Standard<\/strong><\/p>\n<p><img loading=\"lazy\" decoding=\"async\" class=\"alignnone wp-image-28173 entered lazyloaded\" src=\"https:\/\/woolskins.eu\/wp-content\/uploads\/2024\/05\/csm_OEKO-TEX_Logo_2022_rgb_c1aaeb5ceb-300x300.jpg\" alt=\"\" width=\"89\" height=\"89\" data-lazy-src=\"https:\/\/woolskins.eu\/wp-content\/uploads\/2024\/05\/csm_OEKO-TEX_Logo_2022_rgb_c1aaeb5ceb-300x300.jpg\" data-ll-status=\"loaded\" srcset=\"https:\/\/woolskins.eu\/wp-content\/uploads\/2024\/05\/csm_OEKO-TEX_Logo_2022_rgb_c1aaeb5ceb-300x300.jpg 300w, https:\/\/woolskins.eu\/wp-content\/uploads\/2024\/05\/csm_OEKO-TEX_Logo_2022_rgb_c1aaeb5ceb-150x150.jpg 150w, https:\/\/woolskins.eu\/wp-content\/uploads\/2024\/05\/csm_OEKO-TEX_Logo_2022_rgb_c1aaeb5ceb-768x769.jpg 768w, https:\/\/woolskins.eu\/wp-content\/uploads\/2024\/05\/csm_OEKO-TEX_Logo_2022_rgb_c1aaeb5ceb-12x12.jpg 12w, https:\/\/woolskins.eu\/wp-content\/uploads\/2024\/05\/csm_OEKO-TEX_Logo_2022_rgb_c1aaeb5ceb-600x601.jpg 600w, https:\/\/woolskins.eu\/wp-content\/uploads\/2024\/05\/csm_OEKO-TEX_Logo_2022_rgb_c1aaeb5ceb-100x100.jpg 100w, https:\/\/woolskins.eu\/wp-content\/uploads\/2024\/05\/csm_OEKO-TEX_Logo_2022_rgb_c1aaeb5ceb-64x64.jpg 64w, https:\/\/woolskins.eu\/wp-content\/uploads\/2024\/05\/csm_OEKO-TEX_Logo_2022_rgb_c1aaeb5ceb.jpg 885w\" sizes=\"auto, (max-width: 89px) 100vw, 89px\" \/><\/p>\n<\/div>","protected":false},"featured_media":20252,"comment_status":"open","ping_status":"closed","template":"","meta":{"_acf_changed":false},"product_brand":[],"product_cat":[502,345,361,362,200,196,346],"product_tag":[],"class_list":{"0":"post-20251","1":"product","2":"type-product","3":"status-publish","4":"has-post-thumbnail","6":"product_cat-zaffiro","7":"product_cat-accessoires","8":"product_cat-babyshower","9":"product_cat-cadeaus-tot-e-25","10":"product_cat-wollen-babykleding","11":"product_cat-slaapkleding-baby","12":"product_cat-mutsjesensjaaltjes","14":"first","15":"instock","16":"taxable","17":"shipping-taxable","18":"purchasable","19":"product-type-simple"},"acf":[],"_links":{"self":[{"href":"https:\/\/woolskins.eu\/pt\/wp-json\/wp\/v2\/product\/20251","targetHints":{"allow":["GET"]}}],"collection":[{"href":"https:\/\/woolskins.eu\/pt\/wp-json\/wp\/v2\/product"}],"about":[{"href":"https:\/\/woolskins.eu\/pt\/wp-json\/wp\/v2\/types\/product"}],"replies":[{"embeddable":true,"href":"https:\/\/woolskins.eu\/pt\/wp-json\/wp\/v2\/comments?post=20251"}],"wp:featuredmedia":[{"embeddable":true,"href":"https:\/\/woolskins.eu\/pt\/wp-json\/wp\/v2\/media\/20252"}],"wp:attachment":[{"href":"https:\/\/woolskins.eu\/pt\/wp-json\/wp\/v2\/media?parent=20251"}],"wp:term":[{"taxonomy":"product_brand","embeddable":true,"href":"https:\/\/woolskins.eu\/pt\/wp-json\/wp\/v2\/product_brand?post=20251"},{"taxonomy":"product_cat","embeddable":true,"href":"https:\/\/woolskins.eu\/pt\/wp-json\/wp\/v2\/product_cat?post=20251"},{"taxonomy":"product_tag","embeddable":true,"href":"https:\/\/woolskins.eu\/pt\/wp-json\/wp\/v2\/product_tag?post=20251"}],"curies":[{"name":"wp","href":"https:\/\/api.w.org\/{rel}","templated":true}]}}