{"id":20157,"date":"2024-05-30T09:57:45","date_gmt":"2024-05-30T09:57:45","guid":{"rendered":"https:\/\/woolskins.eu\/?post_type=product&#038;p=20157"},"modified":"2026-02-10T14:02:30","modified_gmt":"2026-02-10T14:02:30","slug":"insercao-de-la-para-carrinho-de-bebe-zaffiro-feltrado-bege","status":"publish","type":"product","link":"https:\/\/woolskins.eu\/pt\/wollen-inleg-kinderwagen-zaffiro-felted-beige\/","title":{"rendered":"Carrinho de beb\u00e9 com incrusta\u00e7\u00f5es de l\u00e3 - Zaffiro | Feltro bege"},"content":{"rendered":"<h5>Carrinho de beb\u00e9 com incrusta\u00e7\u00f5es de l\u00e3 - Zaffiro<\/h5>\n<p data-sourcepos=\"5:1-5:57\">Fabricado em l\u00e3 de qualidade superior 100%, este revestimento de l\u00e3 para carrinho de beb\u00e9 oferece ao seu beb\u00e9 o m\u00e1ximo conforto durante todo o ano. A l\u00e3 feltrada macia \u00e9 respir\u00e1vel e regula a humidade, mantendo o seu filho sempre confortavelmente seco. Para al\u00e9m disso, a parte de tr\u00e1s do encaixe possui AIR-Mash para manter o ar a circular livremente. A parte inferior do resguardo \u00e9 feita de tecido imperme\u00e1vel e resistente \u00e0 sujidade, o que facilita a sua limpeza. O resguardo \u00e9 espesso e macio, oferecendo um apoio extra \u00e0s costas e ao pesco\u00e7o do seu filho.<\/p>\n<p data-sourcepos=\"5:1-5:57\">- Dimens\u00f5es: 85 x 35,5\/40,5 cm.<br \/>\n- L\u00e3 de primeira qualidade, macia e agrad\u00e1vel ao toque.<br \/>\n- A parte inferior tem um tecido imperme\u00e1vel e repelente de sujidade.<br \/>\n- Protege contra a transpira\u00e7\u00e3o, as \u201cassaduras\u201d e os efeitos nefastos do pl\u00e1stico do carrinho de beb\u00e9 na pele da crian\u00e7a.<br \/>\n- Melhora o conforto de desloca\u00e7\u00e3o ao conduzir o carrinho de beb\u00e9 em superf\u00edcies irregulares.<br \/>\n- Protege o revestimento do banco da sujidade.<br \/>\n- Instala\u00e7\u00e3o f\u00e1cil e r\u00e1pida da inser\u00e7\u00e3o.<\/p>\n<h5>Zaffiro<\/h5>\n<p>A empresa Zaffiro \u00e9 uma empresa familiar polaca. Desde o nosso in\u00edcio, em 1989, especializ\u00e1mo-nos na produ\u00e7\u00e3o de produtos para beb\u00e9s e crian\u00e7as e a maior parte do que produzimos \u00e9 exportada para mais de 40 pa\u00edses. Cri\u00e1mos a marca Zaffiro para promover produtos que apoiam os pais que est\u00e3o conscientes da import\u00e2ncia da intimidade e da liga\u00e7\u00e3o com o seu beb\u00e9 desde as primeiras horas ap\u00f3s o nascimento. Promovemos o conceito de \u2018cora\u00e7\u00e3o a cora\u00e7\u00e3o\u2019, transportando as crian\u00e7as em slings e porta-beb\u00e9s, reintroduzindo a s\u00e1bia tradi\u00e7\u00e3o das gera\u00e7\u00f5es anteriores, redescoberta e desenvolvida tendo em conta a investiga\u00e7\u00e3o psicol\u00f3gica contempor\u00e2nea.<\/p>","protected":false},"excerpt":{"rendered":"<p class=\"product_title entry-title\">Aproveite para levar o seu beb\u00e9 a passear com este quente acess\u00f3rio Zaffiro para o carrinho de beb\u00e9. Este pufe \u00e9 fabricado em l\u00e3 de primeira qualidade 100% (feltrada) e adquire imediatamente a temperatura do seu filho. Ret\u00e9m bem o calor sem fazer suar a crian\u00e7a, porque a l\u00e3 respira. Gra\u00e7as a estas propriedades \u00fanicas da l\u00e3, o seu filho estar\u00e1 quente e confort\u00e1vel. Gra\u00e7as \u00e0s pr\u00e1ticas aberturas para o cinto, pode instalar rapidamente este protetor para os p\u00e9s de l\u00e3 no carrinho de beb\u00e9 ou no carrinho de passeio. Pode puxar o cord\u00e3o da gola para proteger a cabe\u00e7a do seu filho das intemp\u00e9ries. Este gorro para os p\u00e9s da Zaffiro pode ser utilizado durante todo o ano, mas \u00e9 muito \u00fatil na primavera, no inverno e no outono.<\/p>\n<div class=\"woocommerce-product-details__short-description\">\n<p><strong>Marca: Zaffiro<\/strong><br \/>\n<strong>Produ\u00e7\u00e3o: Pol\u00f3nia<br \/>\nKeur: Oeko-Tex Standard<\/strong><\/p>\n<p><img loading=\"lazy\" decoding=\"async\" class=\"alignnone wp-image-28173 entered lazyloaded\" src=\"https:\/\/woolskins.eu\/wp-content\/uploads\/2024\/05\/csm_OEKO-TEX_Logo_2022_rgb_c1aaeb5ceb-300x300.jpg\" alt=\"\" width=\"89\" height=\"89\" data-lazy-src=\"https:\/\/woolskins.eu\/wp-content\/uploads\/2024\/05\/csm_OEKO-TEX_Logo_2022_rgb_c1aaeb5ceb-300x300.jpg\" data-ll-status=\"loaded\" srcset=\"https:\/\/woolskins.eu\/wp-content\/uploads\/2024\/05\/csm_OEKO-TEX_Logo_2022_rgb_c1aaeb5ceb-300x300.jpg 300w, https:\/\/woolskins.eu\/wp-content\/uploads\/2024\/05\/csm_OEKO-TEX_Logo_2022_rgb_c1aaeb5ceb-150x150.jpg 150w, https:\/\/woolskins.eu\/wp-content\/uploads\/2024\/05\/csm_OEKO-TEX_Logo_2022_rgb_c1aaeb5ceb-768x769.jpg 768w, https:\/\/woolskins.eu\/wp-content\/uploads\/2024\/05\/csm_OEKO-TEX_Logo_2022_rgb_c1aaeb5ceb-12x12.jpg 12w, https:\/\/woolskins.eu\/wp-content\/uploads\/2024\/05\/csm_OEKO-TEX_Logo_2022_rgb_c1aaeb5ceb-600x601.jpg 600w, https:\/\/woolskins.eu\/wp-content\/uploads\/2024\/05\/csm_OEKO-TEX_Logo_2022_rgb_c1aaeb5ceb-100x100.jpg 100w, https:\/\/woolskins.eu\/wp-content\/uploads\/2024\/05\/csm_OEKO-TEX_Logo_2022_rgb_c1aaeb5ceb-64x64.jpg 64w, https:\/\/woolskins.eu\/wp-content\/uploads\/2024\/05\/csm_OEKO-TEX_Logo_2022_rgb_c1aaeb5ceb.jpg 885w\" sizes=\"auto, (max-width: 89px) 100vw, 89px\" \/><\/p>\n<p>&nbsp;<\/p>\n<\/div>","protected":false},"featured_media":20161,"comment_status":"open","ping_status":"closed","template":"","meta":{"_acf_changed":false},"product_brand":[],"product_cat":[502,336],"product_tag":[],"class_list":{"0":"post-20157","1":"product","2":"type-product","3":"status-publish","4":"has-post-thumbnail","6":"product_cat-zaffiro","7":"product_cat-voetenzakken","9":"first","10":"outofstock","11":"sale","12":"taxable","13":"shipping-taxable","14":"purchasable","15":"product-type-simple"},"acf":[],"_links":{"self":[{"href":"https:\/\/woolskins.eu\/pt\/wp-json\/wp\/v2\/product\/20157","targetHints":{"allow":["GET"]}}],"collection":[{"href":"https:\/\/woolskins.eu\/pt\/wp-json\/wp\/v2\/product"}],"about":[{"href":"https:\/\/woolskins.eu\/pt\/wp-json\/wp\/v2\/types\/product"}],"replies":[{"embeddable":true,"href":"https:\/\/woolskins.eu\/pt\/wp-json\/wp\/v2\/comments?post=20157"}],"wp:featuredmedia":[{"embeddable":true,"href":"https:\/\/woolskins.eu\/pt\/wp-json\/wp\/v2\/media\/20161"}],"wp:attachment":[{"href":"https:\/\/woolskins.eu\/pt\/wp-json\/wp\/v2\/media?parent=20157"}],"wp:term":[{"taxonomy":"product_brand","embeddable":true,"href":"https:\/\/woolskins.eu\/pt\/wp-json\/wp\/v2\/product_brand?post=20157"},{"taxonomy":"product_cat","embeddable":true,"href":"https:\/\/woolskins.eu\/pt\/wp-json\/wp\/v2\/product_cat?post=20157"},{"taxonomy":"product_tag","embeddable":true,"href":"https:\/\/woolskins.eu\/pt\/wp-json\/wp\/v2\/product_tag?post=20157"}],"curies":[{"name":"wp","href":"https:\/\/api.w.org\/{rel}","templated":true}]}}