{"id":20055,"date":"2024-05-27T10:28:15","date_gmt":"2024-05-27T10:28:15","guid":{"rendered":"https:\/\/woolskins.eu\/?post_type=product&#038;p=20055"},"modified":"2026-05-02T14:10:28","modified_gmt":"2026-05-02T14:10:28","slug":"zaffiro-footmuff-de-la-saco-de-dormir-para-carrinho-de-bebe-e-alcofa-bege","status":"publish","type":"product","link":"https:\/\/woolskins.eu\/pt\/zaffiro-wollen-voetenzak-slaapzak-voor-buggy-en-reiswieg-beige\/","title":{"rendered":"Zaffiro | Peito de L\u00e3 - Saco de Dormir para Buggy e Alcofa | Feltro bege"},"content":{"rendered":"<h5 style=\"padding-left: 40px;\">Saco-cama de l\u00e3 para carrinho de beb\u00e9, alcofa e cesto de Mois\u00e9s.<\/h5>\n<p>Deze Wollen voetenzakken &#8211; slaapzak voor buggy en Maxi-Cosi zijn zeer geschikt voor de allerkleinste dankzij de natuurlijke eigenschappen van wolvezels. Deze ademen en hebben de eigenschap op te treden als een natuurlijke thermostaat die de lichaamstemperatuur reguleert? Dit helpt je baby in het onderhouden van een stabiele temperatuur en houdt je baby droog en comfortabel. Schapenwol heeft bovendien anti-allergische eigenschappen en is anti bacterieel en heeft hierdoor hygi\u00ebnische en zelfreinigende eigenschappen. Het neutraliseert onaangename geuren en vuil. Je kan er van op aan dat je kindje het lekker warm &amp; comfortabel heeft in deze wollen voetenzak Zaffiro. Alle soorten veiligheidsriempjes passen zonder probleem in dit model door het gebruik van de speciale openingen<\/p>\n<p>\u2013 100% zuiver scheerwolvezel, Felted.<br \/>\n\u2013 Heeft het Oeko-Tex Standard keurmerk.<br \/>\n- Adequado para 0-18 meses.<br \/>\n- Cord\u00e3o na gola para proteger a cabe\u00e7a da crian\u00e7a.<br \/>\n- Parte superior completamente destac\u00e1vel da parte inferior.<br \/>\n- Aberturas c\u00f3modas para os cintos de seguran\u00e7a (5 pontos).<br \/>\n- comprimento 90cm x largura 40\/42 cm.<br \/>\n- lav\u00e1vel num ciclo de lavagem com l\u00e3 a 30\u00b0C.<\/p>\n<h5 data-start=\"59\" data-end=\"101\">Samenstelling van dit product<\/h5>\n<p data-start=\"103\" data-end=\"453\" data-is-last-node=\"\" data-is-only-node=\"\">70% hoogwaardig premiumwol (voelbare wollen buitenlaag), 30% polyester (structurele vertserkende basis).<\/p>\n<p data-start=\"103\" data-end=\"453\" data-is-last-node=\"\" data-is-only-node=\"\">Bij Woolskins staat openheid en eerlijkheid voorop, daarom leggen we graag uit dat het gangbaar is dat <strong data-start=\"204\" data-end=\"239\">bij alle geweven wollen stoffen<\/strong> \u2013 zowel van Zaffiro als van andere merken \u2013 een verstevigende onderlaag van polyester wordt gebruikt. Deze laag is <strong>niet zichtbaar en niet voelbaar<\/strong>, maar is noodzakelijk voor stevigheid en vormbehoud van het product. Zo weet je precies wat je koopt en waar je op kunt vertrouwen.<\/p>\n<p data-start=\"103\" data-end=\"453\" data-is-last-node=\"\" data-is-only-node=\"\"><strong data-start=\"60\" data-end=\"101\">Let op: wol kan in het begin pluizen.<\/strong> Dit is normaal en verdwijnt grotendeels na verloop van tijd. Je kunt losse vezels in het begin voorzichtig verwijderen door het product uit te kloppen of met een wolkam te kammen.<\/p>\n<h5>Zaffiro<\/h5>\n<p>A empresa Zaffiro \u00e9 uma empresa familiar polaca. Desde o nosso in\u00edcio, em 1989, especializ\u00e1mo-nos na produ\u00e7\u00e3o de produtos para beb\u00e9s e crian\u00e7as e a maior parte do que produzimos \u00e9 exportada para mais de 40 pa\u00edses. Cri\u00e1mos a marca Zaffiro para promover produtos que apoiam os pais que est\u00e3o conscientes da import\u00e2ncia da intimidade e da liga\u00e7\u00e3o com o seu beb\u00e9 desde as primeiras horas ap\u00f3s o nascimento. Promovemos o conceito de \u2018cora\u00e7\u00e3o a cora\u00e7\u00e3o\u2019, transportando as crian\u00e7as em slings e porta-beb\u00e9s, reintroduzindo a s\u00e1bia tradi\u00e7\u00e3o das gera\u00e7\u00f5es anteriores, redescoberta e desenvolvida tendo em conta a investiga\u00e7\u00e3o psicol\u00f3gica contempor\u00e2nea.<\/p>","protected":false},"excerpt":{"rendered":"<p>Heerlijk op stap met je kindje in deze warme wollen voetenzak &#8211; slaapzak van Zaffiro voor in de kinderwagen, buggy, Moses mand of lekker thuis. Deze voetenzak is van zuiver premium scheerwol (Felted) en neemt direct de temperatuur aan van je kindje. Het houdt de warmte goed vast zonder dat je kindje gaat zweten omdat wol ademt. Dankzij deze unieke eigenschapen van wol zal je kindje het heerlijk warm en comfortabel hebben. Door de handige riemopeningen instaleer je deze wollen voetenzak razend snel in je kinderwagen of Buggy. Je kunt het koortje in de kraag aantrekken om zo het hoofdje te beschermen tegen de weersinvloeden. Deze voetenzak van Zaffiro kan het hele jaar door gebruikt worden maar komt het best van pas in het voorjaar, winter en najaar.<\/p>\n<div class=\"woocommerce-product-details__short-description\">\n<p><strong>Marca: Zaffiro<\/strong><br \/>\n<strong>Produ\u00e7\u00e3o: Pol\u00f3nia<br \/>\nKeur: Oeko-Tex Standard<\/strong><\/p>\n<p><img loading=\"lazy\" decoding=\"async\" class=\"alignnone wp-image-28173\" src=\"https:\/\/woolskins.eu\/wp-content\/uploads\/2024\/05\/csm_OEKO-TEX_Logo_2022_rgb_c1aaeb5ceb-300x300.jpg\" alt=\"\" width=\"89\" height=\"89\" srcset=\"https:\/\/woolskins.eu\/wp-content\/uploads\/2024\/05\/csm_OEKO-TEX_Logo_2022_rgb_c1aaeb5ceb-300x300.jpg 300w, https:\/\/woolskins.eu\/wp-content\/uploads\/2024\/05\/csm_OEKO-TEX_Logo_2022_rgb_c1aaeb5ceb-150x150.jpg 150w, https:\/\/woolskins.eu\/wp-content\/uploads\/2024\/05\/csm_OEKO-TEX_Logo_2022_rgb_c1aaeb5ceb-768x769.jpg 768w, https:\/\/woolskins.eu\/wp-content\/uploads\/2024\/05\/csm_OEKO-TEX_Logo_2022_rgb_c1aaeb5ceb-12x12.jpg 12w, https:\/\/woolskins.eu\/wp-content\/uploads\/2024\/05\/csm_OEKO-TEX_Logo_2022_rgb_c1aaeb5ceb-600x601.jpg 600w, https:\/\/woolskins.eu\/wp-content\/uploads\/2024\/05\/csm_OEKO-TEX_Logo_2022_rgb_c1aaeb5ceb-100x100.jpg 100w, https:\/\/woolskins.eu\/wp-content\/uploads\/2024\/05\/csm_OEKO-TEX_Logo_2022_rgb_c1aaeb5ceb-64x64.jpg 64w, https:\/\/woolskins.eu\/wp-content\/uploads\/2024\/05\/csm_OEKO-TEX_Logo_2022_rgb_c1aaeb5ceb.jpg 885w\" sizes=\"auto, (max-width: 89px) 100vw, 89px\" \/><\/p>\n<\/div>","protected":false},"featured_media":20069,"comment_status":"closed","ping_status":"closed","template":"","meta":{"_acf_changed":false},"product_brand":[],"product_cat":[502,545,499,370,336],"product_tag":[],"class_list":{"0":"post-20055","1":"product","2":"type-product","3":"status-publish","4":"has-post-thumbnail","6":"product_cat-zaffiro","7":"product_cat-best_verkocht","8":"product_cat-new-arrivals","9":"product_cat-slaapzakken","10":"product_cat-voetenzakken","12":"first","13":"instock","14":"taxable","15":"shipping-taxable","16":"purchasable","17":"product-type-simple"},"acf":[],"_links":{"self":[{"href":"https:\/\/woolskins.eu\/pt\/wp-json\/wp\/v2\/product\/20055","targetHints":{"allow":["GET"]}}],"collection":[{"href":"https:\/\/woolskins.eu\/pt\/wp-json\/wp\/v2\/product"}],"about":[{"href":"https:\/\/woolskins.eu\/pt\/wp-json\/wp\/v2\/types\/product"}],"replies":[{"embeddable":true,"href":"https:\/\/woolskins.eu\/pt\/wp-json\/wp\/v2\/comments?post=20055"}],"wp:featuredmedia":[{"embeddable":true,"href":"https:\/\/woolskins.eu\/pt\/wp-json\/wp\/v2\/media\/20069"}],"wp:attachment":[{"href":"https:\/\/woolskins.eu\/pt\/wp-json\/wp\/v2\/media?parent=20055"}],"wp:term":[{"taxonomy":"product_brand","embeddable":true,"href":"https:\/\/woolskins.eu\/pt\/wp-json\/wp\/v2\/product_brand?post=20055"},{"taxonomy":"product_cat","embeddable":true,"href":"https:\/\/woolskins.eu\/pt\/wp-json\/wp\/v2\/product_cat?post=20055"},{"taxonomy":"product_tag","embeddable":true,"href":"https:\/\/woolskins.eu\/pt\/wp-json\/wp\/v2\/product_tag?post=20055"}],"curies":[{"name":"wp","href":"https:\/\/api.w.org\/{rel}","templated":true}]}}