{"id":19410,"date":"2024-02-29T13:30:42","date_gmt":"2024-02-29T13:30:42","guid":{"rendered":"https:\/\/woolskins.eu\/?post_type=product&#038;p=19410"},"modified":"2026-05-12T11:28:12","modified_gmt":"2026-05-12T11:28:12","slug":"colchao-de-pele-de-carneiro-para-alcofa-e-cama-de-grades","status":"publish","type":"product","link":"https:\/\/woolskins.eu\/pt\/schapenvacht-matrasje-voor-reiswieg-en-co-sleeper\/","title":{"rendered":"Colch\u00e3o de pele de carneiro para ber\u00e7o de viagem e cama de casal"},"content":{"rendered":"<p>Os colch\u00f5es de pele de carneiro Woolskins Baby-Care t\u00eam um pelo mais curto, o que os torna \u00e0 prova de beb\u00e9. S\u00e3o adequados desde o nascimento e, como o seu processamento tem em conta o ambiente, protegem tanto os mais pequenos como o planeta. Em casa ou fora dela, cria um ambiente confort\u00e1vel onde o seu filho se sente feliz e descontra\u00eddo. Sabia que uma pele de carneiro tamb\u00e9m \u00e9 saud\u00e1vel para o seu filho?<\/p>\n<p>- Comprimento 40-90 cm ou 50\u00d790 cm \/ pelo 3cm.<br \/>\n- Curtido medicinalmente.<br \/>\n- C\u00f3modas faixas el\u00e1sticas que se colocam \u00e0 volta do colch\u00e3o.<br \/>\n- Pelagem macia e compacta.<br \/>\n- Lav\u00e1vel e sec\u00e1vel na m\u00e1quina.<br \/>\n- F\u00e1cil de manter.<\/p>\n<p>Encomende uma escova de manuten\u00e7\u00e3o para manter o seu pelo bonito durante muito tempo e\/ou personalize o seu pelo com o seu presente de nascimento ou o do seu filho. Um presente bonito e \u00fanico, dispon\u00edvel exclusivamente na Woolskins.<\/p>\n<h5 class=\"_2tV5m fggS- cell\">Carater\u00edsticas Casaco essencial<\/h5>\n<div class=\"rah-static rah-static--height-auto\" aria-hidden=\"false\">\n<div>\n<div class=\"_1yvxJ fggS- cell\">\n<div class=\"WncCi NTPd3\" data-hook=\"info-section-description\">\n<p>Esta pele de carneiro Baby-Care \u00e9 proveniente da ovelha inglesa. \u00c9 um velo muito macio e compacto e \u00e9 o nosso TIP! Tal como todos os outros velos, as fibras de l\u00e3 respiram. Isto ajuda o seu beb\u00e9 a manter uma temperatura est\u00e1vel e mant\u00e9m-no seco e confort\u00e1vel. Fresco no ver\u00e3o e quente no inverno.<\/p>\n<\/div>\n<\/div>\n<\/div>\n<\/div>\n<h5 class=\"Text4179662635__root Text4179662635---typography-11-runningText Text4179662635---priority-7-primary s8gg2 _2UIKs InfoSectionTitle3095652555__root\" aria-hidden=\"false\" data-hook=\"info-section-title\">Amigo do ambiente<\/h5>\n<div class=\"rah-static rah-static--height-auto\" aria-hidden=\"false\">\n<div class=\"_1yvxJ fggS- cell\">\n<div class=\"WncCi NTPd3\" data-hook=\"info-section-description\">\n<p>Todos os agentes utilizados no curtimento e acabamento cumprem as diretivas essenciais da UE relativas \u00e0 preserva\u00e7\u00e3o e prote\u00e7\u00e3o do ambiente.<\/p>\n<p>Os nossos casacos s\u00e3o curtidos de acordo com os regulamentos REACH adoptados para melhorar a prote\u00e7\u00e3o da sa\u00fade humana e do ambiente contra os riscos que os produtos qu\u00edmicos podem representar, aumentando simultaneamente a competitividade da ind\u00fastria qu\u00edmica da UE. N\u00e3o s\u00e3o utilizados corantes AZO na produ\u00e7\u00e3o.<\/p>\n<p>PRODUTOS ECO - as peles s\u00e3o peles ecol\u00f3gicas, o seu processamento e tratamento s\u00e3o seguros para adultos e crian\u00e7as. As peles s\u00e3o biodegrad\u00e1veis e org\u00e2nicas.<\/p>\n<p>A Woolskins n\u00e3o vende l\u00e3 de ovelhas que tenham sido submetidas ao Mulesing! O Mulesing n\u00e3o \u00e9 utilizado em ovelhas europeias porque o parasita que leva os agricultores a utilizarem o Mulesing n\u00e3o se encontra na Europa.<\/p>\n<h5 class=\"Text4179662635__root Text4179662635---typography-11-runningText Text4179662635---priority-7-primary s8gg2 _2UIKs InfoSectionTitle3095652555__root\" aria-hidden=\"false\" data-hook=\"info-section-title\">Quem dorme de barriga para baixo... tome nota!<\/h5>\n<div class=\"rah-static rah-static--height-auto\" aria-hidden=\"false\">\n<div class=\"_1yvxJ fggS- cell\">\n<div class=\"WncCi NTPd3\" data-hook=\"info-section-description\">\n<p>Os beb\u00e9s que dormem de barriga para baixo nos primeiros 12 meses n\u00e3o devem dormir em cima de nada macio por raz\u00f5es de seguran\u00e7a, pois pode ser perigoso. Por isso, recomendamos que utilize o pelo Woolskins de forma sensata! Preste sempre aten\u00e7\u00e3o quando o seu filho estiver deitado ou a dormir de barriga para baixo e certifique-se de que ele est\u00e1 sempre sob vigil\u00e2ncia.<\/p>\n<\/div>\n<\/div>\n<\/div>\n<\/div>\n<\/div>\n<\/div>","protected":false},"excerpt":{"rendered":"<p>Este velo de pele de ovelha da Woolskins pode ser utilizado em qualquer esta\u00e7\u00e3o do ano. O velo \u00e9 feito de l\u00e3 de ovelha macia curtida medicinalmente, com uma altura de l\u00e3 de 3 cm. Dormir numa pele de carneiro \u00e9 muito reconfortante e, gra\u00e7as \u00e0 fibra oca da l\u00e3, o seu filho n\u00e3o transpirar\u00e1 facilmente e, por isso, sentir-se-\u00e1 extremamente confort\u00e1vel. Este colch\u00e3o pode ser utilizado durante todo o ano e ajuda o seu beb\u00e9 a manter uma temperatura est\u00e1vel. F\u00e1-lo de forma \u2018din\u00e2mica\u2019, ou seja, quando \u00e9 necess\u00e1rio, e n\u00e3o quando n\u00e3o \u00e9. Quente no inverno e fresco no ver\u00e3o. Gra\u00e7as aos dois el\u00e1sticos, o colch\u00e3o mant\u00e9m-se firme no s\u00edtio.<\/p>","protected":false},"featured_media":19417,"comment_status":"open","ping_status":"closed","template":"","meta":{"_acf_changed":false},"product_brand":[],"product_cat":[354,216,222],"product_tag":[],"class_list":{"0":"post-19410","1":"product","2":"type-product","3":"status-publish","4":"has-post-thumbnail","6":"product_cat-woolskins","7":"product_cat-schapenvacht-voor-baby","8":"product_cat-buggy-schapenvachtjes","10":"first","11":"instock","12":"taxable","13":"shipping-taxable","14":"purchasable","15":"product-type-variable"},"acf":[],"_links":{"self":[{"href":"https:\/\/woolskins.eu\/pt\/wp-json\/wp\/v2\/product\/19410","targetHints":{"allow":["GET"]}}],"collection":[{"href":"https:\/\/woolskins.eu\/pt\/wp-json\/wp\/v2\/product"}],"about":[{"href":"https:\/\/woolskins.eu\/pt\/wp-json\/wp\/v2\/types\/product"}],"replies":[{"embeddable":true,"href":"https:\/\/woolskins.eu\/pt\/wp-json\/wp\/v2\/comments?post=19410"}],"wp:featuredmedia":[{"embeddable":true,"href":"https:\/\/woolskins.eu\/pt\/wp-json\/wp\/v2\/media\/19417"}],"wp:attachment":[{"href":"https:\/\/woolskins.eu\/pt\/wp-json\/wp\/v2\/media?parent=19410"}],"wp:term":[{"taxonomy":"product_brand","embeddable":true,"href":"https:\/\/woolskins.eu\/pt\/wp-json\/wp\/v2\/product_brand?post=19410"},{"taxonomy":"product_cat","embeddable":true,"href":"https:\/\/woolskins.eu\/pt\/wp-json\/wp\/v2\/product_cat?post=19410"},{"taxonomy":"product_tag","embeddable":true,"href":"https:\/\/woolskins.eu\/pt\/wp-json\/wp\/v2\/product_tag?post=19410"}],"curies":[{"name":"wp","href":"https:\/\/api.w.org\/{rel}","templated":true}]}}