{"id":18821,"date":"2024-01-12T12:46:36","date_gmt":"2024-01-12T12:46:36","guid":{"rendered":"https:\/\/woolskins.eu\/?post_type=product&#038;p=18821"},"modified":"2026-04-15T09:17:48","modified_gmt":"2026-04-15T09:17:48","slug":"camisola-de-alcas-de-la-para-adulto-ecru-da-marca-a-basic","status":"publish","type":"product","link":"https:\/\/woolskins.eu\/pt\/a-basic-brand-bodywarmer-wol-adult-ecru\/","title":{"rendered":"A Basic Brand - Camisola de l\u00e3 para adulto | ecru"},"content":{"rendered":"<h6><strong>Uma marca para beb\u00e9s<\/strong><\/h6>\n<p>Bodywarmer 100% de l\u00e3. Maravilhosamente quente e confort\u00e1vel, totalmente natural, respir\u00e1vel e super moderno. O colete tem pequenos bolsos e fecha-se com um fecho de correr. Use-o por cima de uma camisola num dia de vento ou por baixo de um casaco durante o tempo muito frio. Este casaco de malha tamb\u00e9m est\u00e1 dispon\u00edvel para as m\u00e3es.<\/p>\n<p>Composi\u00e7\u00e3o<br \/>\n100% l\u00e3.<\/p>\n<p>Tamanhos:<\/p>\n<div class=\"item-bottom__text _active\">\n<p>comprimento cm \/ largura cm \/ circunfer\u00eancia cm<\/p>\n<p>S: 60 \/ 50 \/ 100<\/p>\n<p>M: 60 \/ 55 \/ 110<\/p>\n<p>L : 60 \/ 60 \/ 120<\/p>\n<\/div>\n<p>Instru\u00e7\u00f5es de lavagem:<\/p>\n<p>Recomendamos que os nossos produtos sejam lavados \u00e0 m\u00e3o em \u00e1gua morna e com um detergente \u00e0 base de lanolina.<\/p>","protected":false},"excerpt":{"rendered":"<h6><strong>Uma marca para beb\u00e9s<\/strong><\/h6>\n<p>Super quente e confort\u00e1vel, mas tamb\u00e9m completamente natural e respir\u00e1vel. O colete tem bons bolsos e fecha-se com um fecho de correr. Recomendamos a lavagem \u00e0 m\u00e3o dos nossos produtos em \u00e1gua morna e com um detergente \u00e0 base de lanolina. O modelo da imagem est\u00e1 a usar o tamanho M.<\/p>\n<p><strong>Marca: A Basic Brand<\/strong><br \/>\n<strong>Produ\u00e7\u00e3o: Pol\u00f3nia<\/strong><\/p>","protected":false},"featured_media":18833,"comment_status":"open","ping_status":"closed","template":"","meta":{"_acf_changed":false},"product_brand":[],"product_cat":[335,360,364,350,31],"product_tag":[423,424,420,421,422,425],"class_list":{"0":"post-18821","1":"product","2":"type-product","3":"status-publish","4":"has-post-thumbnail","6":"product_cat-a_baby_brand","7":"product_cat-cadeautips","8":"product_cat-cadeaus-vanaf-e50","9":"product_cat-fashion","10":"product_cat-yogamat-wol","11":"product_tag-a-baby-brand","12":"product_tag-alwero-bodywarmer","13":"product_tag-bodywarmer-wol","14":"product_tag-wollen-bodywarmer","15":"product_tag-wool-vest","16":"product_tag-woolskins","17":"pa_maat-adult-size-l","18":"pa_maat-adult-size-m","19":"pa_maat-adult-size-s","21":"first","22":"instock","23":"taxable","24":"shipping-taxable","25":"purchasable","26":"product-type-variable"},"acf":[],"_links":{"self":[{"href":"https:\/\/woolskins.eu\/pt\/wp-json\/wp\/v2\/product\/18821","targetHints":{"allow":["GET"]}}],"collection":[{"href":"https:\/\/woolskins.eu\/pt\/wp-json\/wp\/v2\/product"}],"about":[{"href":"https:\/\/woolskins.eu\/pt\/wp-json\/wp\/v2\/types\/product"}],"replies":[{"embeddable":true,"href":"https:\/\/woolskins.eu\/pt\/wp-json\/wp\/v2\/comments?post=18821"}],"wp:featuredmedia":[{"embeddable":true,"href":"https:\/\/woolskins.eu\/pt\/wp-json\/wp\/v2\/media\/18833"}],"wp:attachment":[{"href":"https:\/\/woolskins.eu\/pt\/wp-json\/wp\/v2\/media?parent=18821"}],"wp:term":[{"taxonomy":"product_brand","embeddable":true,"href":"https:\/\/woolskins.eu\/pt\/wp-json\/wp\/v2\/product_brand?post=18821"},{"taxonomy":"product_cat","embeddable":true,"href":"https:\/\/woolskins.eu\/pt\/wp-json\/wp\/v2\/product_cat?post=18821"},{"taxonomy":"product_tag","embeddable":true,"href":"https:\/\/woolskins.eu\/pt\/wp-json\/wp\/v2\/product_tag?post=18821"}],"curies":[{"name":"wp","href":"https:\/\/api.w.org\/{rel}","templated":true}]}}