{"id":18303,"date":"2023-12-07T15:10:52","date_gmt":"2023-12-07T15:10:52","guid":{"rendered":"https:\/\/woolskins.eu\/?post_type=product&#038;p=18303"},"modified":"2026-03-10T10:58:02","modified_gmt":"2026-03-10T10:58:02","slug":"insercao-de-pele-de-carneiro-para-cadeira-auto-maxi-cosi-comfort-rosa-palido","status":"publish","type":"product","link":"https:\/\/woolskins.eu\/pt\/schapenvacht-inlegkussen-voor-maxi-cosi-autostoel-comfort-pale-pink\/","title":{"rendered":"Almofada de pele de carneiro para Maxi Cosi &amp; Assento de autom\u00f3vel - Conforto (Rosa p\u00e1lido)"},"content":{"rendered":"<p>Muito confort\u00e1vel na estrada e em casa. Ideal para longas viagens de f\u00e9rias em pa\u00edses frios e quentes. \u00c9 extremamente confort\u00e1vel, pois respira e absorve instantaneamente o suor sem que o beb\u00e9 se sinta molhado ou com frio.<\/p>\n<p>- Dimens\u00f5es 70 x 33-22-29 cm (comprimento x topo-centro-fundo), pelo 3 cm.<br \/>\n- Entalhes para cintas de seguran\u00e7a de 3 e 5 pontos.<br \/>\n- Curtido medicinalmente.<br \/>\n- Pelagem macia e compacta.<br \/>\n- Lav\u00e1vel e sec\u00e1vel na m\u00e1quina.<br \/>\n- F\u00e1cil de manter.<\/p>\n<h5 class=\"Text1234883549__root Text1234883549---typography-11-runningText Text1234883549---priority-7-primary s8gg2 _2UIKs InfoSectionTitle3095652555__root\" aria-hidden=\"false\" data-hook=\"info-section-title\">Viagem confort\u00e1vel<\/h5>\n<div class=\"rah-static rah-static--height-auto\" aria-hidden=\"false\">\n<div>\n<div class=\"_1yvxJ fggS- cell\">\n<div class=\"WncCi NTPd3\" data-hook=\"info-section-description\">\n<p>As fibras de l\u00e3 respiram e t\u00eam a capacidade de atuar como um term\u00f3stato natural que regula a temperatura do corpo? Isto ajuda o seu beb\u00e9 a manter uma temperatura est\u00e1vel e mant\u00e9m-no seco e confort\u00e1vel. F\u00e1-lo \u2018dinamicamente\u2019, o que significa que acontece quando \u00e9 necess\u00e1rio e n\u00e3o quando n\u00e3o \u00e9. Quente no inverno e fresco no ver\u00e3o.<\/p>\n<\/div>\n<\/div>\n<\/div>\n<\/div>\n<p>Os casacos Woolskins Baby-Care t\u00eam uma pelagem mais curta, o que os torna \u00e0 prova de beb\u00e9. S\u00e3o adequados desde o nascimento e, como o seu processamento tem em conta o ambiente, protegem tanto os mais pequenos como o planeta. Em casa ou em viagem, cria um ambiente confort\u00e1vel no qual o seu filho se sente feliz e descontra\u00eddo. Embalado \u2018pronto a oferecer\u2019 com uma nota pessoal como padr\u00e3o.<\/p>\n<h5><strong>Carater\u00edsticas Pele de carneiro islandesa<\/strong><\/h5>\n<p>As ovelhas islandesas s\u00e3o mais conhecidas pelo seu pelo comprido. Tosqui\u00e1mos estas ovelhas para um comprimento curto, especialmente para os beb\u00e9s, fazendo sobressair a camada de l\u00e3 isolante. Esta pelagem \u00e9 particularmente caracterizada pela flexibilidade do lado do couro e cai como um cobertor. Tal como todas as nossas l\u00e3s, as fibras de l\u00e3 respiram. Isto ajuda o seu beb\u00e9 a manter uma temperatura est\u00e1vel e mant\u00e9m-no seco e confort\u00e1vel. Fresco no ver\u00e3o e quente no inverno.<\/p>\n<h5><b>Amigo do ambiente<\/b><\/h5>\n<p><span style=\"font-weight: 400;\">Todos os agentes utilizados no curtimento e acabamento cumprem as diretivas essenciais da UE relativas \u00e0 preserva\u00e7\u00e3o e prote\u00e7\u00e3o do ambiente.<\/span><\/p>\n<p><span style=\"font-weight: 400;\">Os nossos casacos s\u00e3o curtidos de acordo com os regulamentos REACH adoptados para melhorar a prote\u00e7\u00e3o da sa\u00fade humana e do ambiente contra os riscos que os produtos qu\u00edmicos podem representar, aumentando simultaneamente a competitividade da ind\u00fastria qu\u00edmica da UE. N\u00e3o s\u00e3o utilizados corantes AZO na produ\u00e7\u00e3o.<\/span><\/p>\n<p><span style=\"font-weight: 400;\">PRODUTOS ECO - as peles s\u00e3o peles ecol\u00f3gicas, o seu processamento e tratamento s\u00e3o seguros para adultos e crian\u00e7as. As peles s\u00e3o biodegrad\u00e1veis e org\u00e2nicas.<\/span><\/p>\n<p><span style=\"font-weight: 400;\">A Woolskins n\u00e3o vende l\u00e3 de ovelhas que tenham sido submetidas ao Mulesing! O Mulesing n\u00e3o \u00e9 utilizado em ovelhas europeias porque o parasita que leva os agricultores a utilizarem o Mulesing n\u00e3o se encontra na Europa.<\/span><\/p>\n<h5><b>Quem dorme de barriga para baixo... tome nota!<\/b><\/h5>\n<p><span style=\"font-weight: 400;\">Os beb\u00e9s que dormem de barriga para baixo nos primeiros 12 meses n\u00e3o devem dormir em cima de nada macio por raz\u00f5es de seguran\u00e7a, pois pode ser perigoso. Por isso, recomendamos que utilize o pelo Woolskins de forma sensata! Preste sempre aten\u00e7\u00e3o quando o seu filho estiver deitado ou a dormir de barriga para baixo e certifique-se de que ele est\u00e1 sempre sob vigil\u00e2ncia.<\/span><\/p>\n<p>&nbsp;<\/p>","protected":false},"excerpt":{"rendered":"<p>Esta ador\u00e1vel almofada de inser\u00e7\u00e3o para o maxi cosi, feita de pele de carneiro, \u00e9 um produto confort\u00e1vel e natural que manter\u00e1 o seu beb\u00e9 quente e aconchegado em viagem e durante as longas viagens. Uma almofada de inser\u00e7\u00e3o em pele de carneiro tem v\u00e1rias vantagens, tais como:<\/p>\n<ul>\n<li>\u00c9 feita de pele de carneiro genu\u00edna 100%, que \u00e9 macia, respir\u00e1vel e regula a humidade. A pele de carneiro \u00e9 tamb\u00e9m hipoalerg\u00e9nica e antibacteriana, o que a torna adequada para beb\u00e9s com pele sens\u00edvel ou alergias.<\/li>\n<li>Adapta-se \u00e0 maioria dos modelos maxi cosi, gra\u00e7as \u00e0 sua forma redonda e \u00e0s ranhuras para as correias. Pode colocar e retirar facilmente a almofada, mas esta inser\u00e7\u00e3o n\u00e3o \u00e9 lav\u00e1vel como a nossa inser\u00e7\u00e3o Medicinal.<\/li>\n<li>Garante uma temperatura \u00f3ptima para o seu beb\u00e9, tanto no ver\u00e3o como no inverno. No ver\u00e3o, a almofada \u00e9 fresca e absorve o suor, enquanto no inverno \u00e9 quente e acolhedora. A almofada tamb\u00e9m ajuda a melhorar a circula\u00e7\u00e3o e o t\u00f3nus muscular do beb\u00e9.<\/li>\n<\/ul>\n<p>Uma almofada de pele de carneiro para o maxi cosi \u00e9, portanto, um produto ideal para os pais que querem dar o melhor ao seu beb\u00e9. \u00c9 um produto duradouro e amigo do ambiente, feito de materiais naturais e sem subst\u00e2ncias nocivas. Com uma almofada de pele de carneiro para o maxi cosi, todas as viagens com o seu beb\u00e9 ser\u00e3o confort\u00e1veis e acolhedoras.<\/p>","protected":false},"featured_media":18306,"comment_status":"closed","ping_status":"closed","template":"","meta":{"_acf_changed":false},"product_brand":[],"product_cat":[364,498,216,354],"product_tag":[],"class_list":{"0":"post-18303","1":"product","2":"type-product","3":"status-publish","4":"has-post-thumbnail","6":"product_cat-cadeaus-vanaf-e50","7":"product_cat-inlegkussenmaxicosi","8":"product_cat-schapenvacht-voor-baby","9":"product_cat-woolskins","11":"first","12":"instock","13":"taxable","14":"shipping-taxable","15":"purchasable","16":"product-type-variable","17":"has-default-attributes"},"acf":[],"_links":{"self":[{"href":"https:\/\/woolskins.eu\/pt\/wp-json\/wp\/v2\/product\/18303","targetHints":{"allow":["GET"]}}],"collection":[{"href":"https:\/\/woolskins.eu\/pt\/wp-json\/wp\/v2\/product"}],"about":[{"href":"https:\/\/woolskins.eu\/pt\/wp-json\/wp\/v2\/types\/product"}],"replies":[{"embeddable":true,"href":"https:\/\/woolskins.eu\/pt\/wp-json\/wp\/v2\/comments?post=18303"}],"wp:featuredmedia":[{"embeddable":true,"href":"https:\/\/woolskins.eu\/pt\/wp-json\/wp\/v2\/media\/18306"}],"wp:attachment":[{"href":"https:\/\/woolskins.eu\/pt\/wp-json\/wp\/v2\/media?parent=18303"}],"wp:term":[{"taxonomy":"product_brand","embeddable":true,"href":"https:\/\/woolskins.eu\/pt\/wp-json\/wp\/v2\/product_brand?post=18303"},{"taxonomy":"product_cat","embeddable":true,"href":"https:\/\/woolskins.eu\/pt\/wp-json\/wp\/v2\/product_cat?post=18303"},{"taxonomy":"product_tag","embeddable":true,"href":"https:\/\/woolskins.eu\/pt\/wp-json\/wp\/v2\/product_tag?post=18303"}],"curies":[{"name":"wp","href":"https:\/\/api.w.org\/{rel}","templated":true}]}}