{"id":17855,"date":"2023-11-17T13:51:52","date_gmt":"2023-11-17T13:51:52","guid":{"rendered":"https:\/\/woolskins.eu\/?post_type=product&#038;p=17855"},"modified":"2025-05-16T15:15:56","modified_gmt":"2025-05-16T15:15:56","slug":"tapete-de-jogos-para-quarto-de-bebe-exterior-cinzento-claro","status":"publish","type":"product","link":"https:\/\/woolskins.eu\/pt\/speelkleed-voor-babykamer-buiten-lichtgrijs\/","title":{"rendered":"Tapete de brincar para o quarto das crian\u00e7as e para o exterior | Cinzento claro"},"content":{"rendered":"","protected":false},"excerpt":{"rendered":"<p>Os nossos tapetes de l\u00e3 s\u00e3o perfeitos para brincar, para os gin\u00e1sios de beb\u00e9 ou para levar para o exterior. \u00c9 maravilhosamente quente, dur\u00e1vel e isola-se bem contra uma superf\u00edcie fria. Este tapete de brincar redondo \u00e9 feito de l\u00e3 natural, tem uma camada interm\u00e9dia macia e uma parte inferior em pele ecol\u00f3gica. S\u00e3o perfeitos para o interior, mas tamb\u00e9m podem ser facilmente levados para o exterior. Tamb\u00e9m se adaptam perfeitamente ao Wobbel 360.<\/p>\n<ul>\n<li>Dimens\u00f5es \u00f8 70 cm.<\/li>\n<\/ul>\n<p><strong>Marca: Woolskins<br \/>\nProdu\u00e7\u00e3o: Pol\u00f3nia<\/strong><\/p>","protected":false},"featured_media":17857,"comment_status":"open","ping_status":"closed","template":"","meta":{"_acf_changed":false},"product_brand":[],"product_cat":[348,363],"product_tag":[],"class_list":{"0":"post-17855","1":"product","2":"type-product","3":"status-publish","4":"has-post-thumbnail","6":"product_cat-kussens","7":"product_cat-cadeaus-e25-e50","9":"first","10":"outofstock","11":"taxable","12":"shipping-taxable","13":"purchasable","14":"product-type-simple"},"acf":[],"_links":{"self":[{"href":"https:\/\/woolskins.eu\/pt\/wp-json\/wp\/v2\/product\/17855","targetHints":{"allow":["GET"]}}],"collection":[{"href":"https:\/\/woolskins.eu\/pt\/wp-json\/wp\/v2\/product"}],"about":[{"href":"https:\/\/woolskins.eu\/pt\/wp-json\/wp\/v2\/types\/product"}],"replies":[{"embeddable":true,"href":"https:\/\/woolskins.eu\/pt\/wp-json\/wp\/v2\/comments?post=17855"}],"wp:featuredmedia":[{"embeddable":true,"href":"https:\/\/woolskins.eu\/pt\/wp-json\/wp\/v2\/media\/17857"}],"wp:attachment":[{"href":"https:\/\/woolskins.eu\/pt\/wp-json\/wp\/v2\/media?parent=17855"}],"wp:term":[{"taxonomy":"product_brand","embeddable":true,"href":"https:\/\/woolskins.eu\/pt\/wp-json\/wp\/v2\/product_brand?post=17855"},{"taxonomy":"product_cat","embeddable":true,"href":"https:\/\/woolskins.eu\/pt\/wp-json\/wp\/v2\/product_cat?post=17855"},{"taxonomy":"product_tag","embeddable":true,"href":"https:\/\/woolskins.eu\/pt\/wp-json\/wp\/v2\/product_tag?post=17855"}],"curies":[{"name":"wp","href":"https:\/\/api.w.org\/{rel}","templated":true}]}}