{"id":17786,"date":"2023-11-17T12:02:22","date_gmt":"2023-11-17T12:02:22","guid":{"rendered":"https:\/\/woolskins.eu\/?post_type=product&#038;p=17786"},"modified":"2025-11-03T14:12:22","modified_gmt":"2025-11-03T14:12:22","slug":"tapete-para-quarto-de-crianca","status":"publish","type":"product","link":"https:\/\/woolskins.eu\/pt\/vloerkleed-voor-babykamer-kinderkamer\/","title":{"rendered":"Tapete para ber\u00e7\u00e1rio e quarto de crian\u00e7a"},"content":{"rendered":"","protected":false},"excerpt":{"rendered":"<p>Os nossos tapetes de l\u00e3 tricotados \u00e0 m\u00e3o s\u00e3o um complemento perfeito para os quartos das crian\u00e7as. \u00c9 quente, duradouro e f\u00e1cil de manter. Este tapete de l\u00e3 \u00e9 feito de l\u00e3 natural, que \u00e9 hipoalerg\u00e9nica, repelente de sujidade e resistente ao fogo. Al\u00e9m disso, um tapete feito \u00e0 m\u00e3o d\u00e1 um toque \u00fanico e pessoal ao quarto, uma vez que cada tapete \u00e9 diferente.<\/p>\n<p>\u00c9 uma \u00f3ptima maneira de tornar o quarto do beb\u00e9 mais acolhedor, confort\u00e1vel e divertido. \u00c9 um investimento que durar\u00e1 muitos anos e dar\u00e1 \u00e0s crian\u00e7as muito prazer, em parte devido ao relevo l\u00fadico da l\u00e3 em padr\u00f5es divertidos no tapete. Desfrute das vantagens de um produto artesanal natural, bonito e de alta qualidade.<\/p>\n<ul>\n<li>Dimens\u00f5es 150 x 80 cm.<\/li>\n<li>100% l\u00e3.<\/li>\n<\/ul>\n<p><strong>Marca: Woolskins<br \/>\nProdu\u00e7\u00e3o: Europa<\/strong><\/p>","protected":false},"featured_media":17834,"comment_status":"open","ping_status":"closed","template":"","meta":{"_acf_changed":false},"product_brand":[],"product_cat":[348,528],"product_tag":[],"class_list":{"0":"post-17786","1":"product","2":"type-product","3":"status-publish","4":"has-post-thumbnail","6":"product_cat-kussens","7":"product_cat-schapenvachten-voor-thuis","9":"first","10":"instock","11":"taxable","12":"shipping-taxable","13":"purchasable","14":"product-type-simple"},"acf":[],"_links":{"self":[{"href":"https:\/\/woolskins.eu\/pt\/wp-json\/wp\/v2\/product\/17786","targetHints":{"allow":["GET"]}}],"collection":[{"href":"https:\/\/woolskins.eu\/pt\/wp-json\/wp\/v2\/product"}],"about":[{"href":"https:\/\/woolskins.eu\/pt\/wp-json\/wp\/v2\/types\/product"}],"replies":[{"embeddable":true,"href":"https:\/\/woolskins.eu\/pt\/wp-json\/wp\/v2\/comments?post=17786"}],"wp:featuredmedia":[{"embeddable":true,"href":"https:\/\/woolskins.eu\/pt\/wp-json\/wp\/v2\/media\/17834"}],"wp:attachment":[{"href":"https:\/\/woolskins.eu\/pt\/wp-json\/wp\/v2\/media?parent=17786"}],"wp:term":[{"taxonomy":"product_brand","embeddable":true,"href":"https:\/\/woolskins.eu\/pt\/wp-json\/wp\/v2\/product_brand?post=17786"},{"taxonomy":"product_cat","embeddable":true,"href":"https:\/\/woolskins.eu\/pt\/wp-json\/wp\/v2\/product_cat?post=17786"},{"taxonomy":"product_tag","embeddable":true,"href":"https:\/\/woolskins.eu\/pt\/wp-json\/wp\/v2\/product_tag?post=17786"}],"curies":[{"name":"wp","href":"https:\/\/api.w.org\/{rel}","templated":true}]}}