{"id":17301,"date":"2023-10-29T14:57:25","date_gmt":"2023-10-29T14:57:25","guid":{"rendered":"https:\/\/woolskins.eu\/?post_type=product&#038;p=17301"},"modified":"2025-12-11T12:44:29","modified_gmt":"2025-12-11T12:44:29","slug":"casaco-de-la-para-bebe-de-uma-marca-basica-cinzento-claro","status":"publish","type":"product","link":"https:\/\/woolskins.eu\/pt\/wollen-babyjas-a-basic-brand-lichtgrijs\/","title":{"rendered":"A Basic Brand - Casaco de l\u00e3 para beb\u00e9 | cinzento claro"},"content":{"rendered":"<p>O casaco de l\u00e3 da\u00a0<strong>Uma marca b\u00e1sica<\/strong> est\u00e1 dispon\u00edvel na Woolskins em v\u00e1rias cores e \u00e9 perfeito para combinar com todos os outros produtos de l\u00e3 da nossa cole\u00e7\u00e3o<\/p>\n<p>Composi\u00e7\u00e3o:<br \/>\n100% l\u00e3.<\/p>\n<p>Tabela de tamanhos:<\/p>\n<p>Comprimento total cm \/ largura total cm \/ comprimento da manga cm<br \/>\n6 meses - 30cm \/ 30cm \/ 25cm<br \/>\n1 ano - 34cm \/ 32cm \/<\/p>\n<h5 class=\"seo_titel_cat\">Uma marca para beb\u00e9s<\/h5>\n<p>Descubra um guarda-roupa verdadeiramente minimalista da A Basic Brand, repleto de objectos essenciais pr\u00e1ticos. Misture e combine os nossos modelos e cores unissexo.  Sem log\u00f3tipo, sem estampado, sem confus\u00e3o.<\/p>\n<p>A sua miss\u00e3o \u00e9 tornar a sua vida mais f\u00e1cil, pelo que uma das ideias principais por detr\u00e1s da nossa filosofia \u00e9 a PR\u00c1TICA. Tamb\u00e9m nos preocupamos muito com o nosso planeta e desejamos que toda a gente viva uma vida mais minimalista e, por conseguinte, use menos roupa (#CONSUMEWISELY).<\/p>\n<p>Por conseguinte, a sua qualidade \u00e9 a mais elevada poss\u00edvel. Pode us\u00e1-los durante anos e pass\u00e1-los adiante quando terminar. Utilizamos tecidos de alta qualidade com o certificado de algod\u00e3o org\u00e2nico GOTS e STANDARD 100 da OEKO-TEX\u00ae. Todos os produtos podem ser lavados na m\u00e1quina e secos na m\u00e1quina com a frequ\u00eancia que desejar. Ir\u00e1 descobrir que a nossa l\u00e3 de algod\u00e3o nem precisa de ser passada a ferro para ficar com bom aspeto.<\/p>\n<h5>Instru\u00e7\u00f5es de lavagem:<\/h5>\n<p>Recomendamos que os nossos produtos sejam lavados \u00e0 m\u00e3o em \u00e1gua morna e com um detergente \u00e0 base de lanolina.<\/p>","protected":false},"excerpt":{"rendered":"<p>Os materiais naturais e macios s\u00e3o essenciais para a pele sens\u00edvel dos beb\u00e9s e das crian\u00e7as. Este casaco de l\u00e3 para beb\u00e9 da <strong>Uma marca b\u00e1sica<\/strong> \u00e9 a escolha perfeita para os pais que procuram um casaco quente e confort\u00e1vel para o seu beb\u00e9. Este casaco \u00e9 feito de l\u00e3 natural 100%, que \u00e9 conhecida pelas suas propriedades isolantes e capacidade de absor\u00e7\u00e3o da humidade. O casaco \u00e9 ideal para a primavera e o outono, ou como um casaco de malha quente no inverno.<\/p>\n<p>O casaco tem um design intemporal e est\u00e1 dispon\u00edvel em diferentes cores. As mangas viradas para cima fecham bem o casaco e garantem que pode ser usado durante muito tempo em termos de tamanho. O casaco \u00e9 adequado tanto para rapazes como para raparigas.<\/p>\n<p>A l\u00e3 \u00e9 hipoalerg\u00e9nica e isenta de subst\u00e2ncias nocivas, o que a torna muito adequada para beb\u00e9s com alergias ou pele sens\u00edvel. Para al\u00e9m disso, a l\u00e3 \u00e9 dur\u00e1vel e aguenta bem as agress\u00f5es, fazendo com que o casaco dure muito tempo.<\/p>\n<p><strong>Marca: A Basic Brand<\/strong><br \/>\n<strong>Produ\u00e7\u00e3o: Pol\u00f3nia<\/strong><\/p>","protected":false},"featured_media":17283,"comment_status":"open","ping_status":"closed","template":"","meta":{"_acf_changed":false},"product_brand":[],"product_cat":[360,335,364,200,337,413],"product_tag":[],"class_list":{"0":"post-17301","1":"product","2":"type-product","3":"status-publish","4":"has-post-thumbnail","6":"product_cat-cadeautips","7":"product_cat-a_baby_brand","8":"product_cat-cadeaus-vanaf-e50","9":"product_cat-wollen-babykleding","10":"product_cat-vestjes","11":"product_cat-alwero-bodywarmer","13":"first","14":"instock","15":"taxable","16":"shipping-taxable","17":"purchasable","18":"product-type-variable"},"acf":[],"_links":{"self":[{"href":"https:\/\/woolskins.eu\/pt\/wp-json\/wp\/v2\/product\/17301","targetHints":{"allow":["GET"]}}],"collection":[{"href":"https:\/\/woolskins.eu\/pt\/wp-json\/wp\/v2\/product"}],"about":[{"href":"https:\/\/woolskins.eu\/pt\/wp-json\/wp\/v2\/types\/product"}],"replies":[{"embeddable":true,"href":"https:\/\/woolskins.eu\/pt\/wp-json\/wp\/v2\/comments?post=17301"}],"wp:featuredmedia":[{"embeddable":true,"href":"https:\/\/woolskins.eu\/pt\/wp-json\/wp\/v2\/media\/17283"}],"wp:attachment":[{"href":"https:\/\/woolskins.eu\/pt\/wp-json\/wp\/v2\/media?parent=17301"}],"wp:term":[{"taxonomy":"product_brand","embeddable":true,"href":"https:\/\/woolskins.eu\/pt\/wp-json\/wp\/v2\/product_brand?post=17301"},{"taxonomy":"product_cat","embeddable":true,"href":"https:\/\/woolskins.eu\/pt\/wp-json\/wp\/v2\/product_cat?post=17301"},{"taxonomy":"product_tag","embeddable":true,"href":"https:\/\/woolskins.eu\/pt\/wp-json\/wp\/v2\/product_tag?post=17301"}],"curies":[{"name":"wp","href":"https:\/\/api.w.org\/{rel}","templated":true}]}}