{"id":16558,"date":"2023-09-25T10:50:25","date_gmt":"2023-09-25T10:50:25","guid":{"rendered":"https:\/\/woolskins.eu\/?post_type=product&#038;p=16558"},"modified":"2026-02-21T13:30:55","modified_gmt":"2026-02-21T13:30:55","slug":"alwero-aquecedores-de-maos-luvas-thumbled-cinzento-claro","status":"publish","type":"product","link":"https:\/\/woolskins.eu\/pt\/alwero-handwarmers-wanten-thumbled-licht-grijs\/","title":{"rendered":"Luvas de l\u00e3 para senhora - Desmoronadas | Cinzento claro"},"content":{"rendered":"<p>Para as mam\u00e3s, temos estes bonitos aquecedores de m\u00e3os em l\u00e3 - luvas. A pura l\u00e3 nova \u00e9 maravilhosamente quente, respir\u00e1vel e extremamente confort\u00e1vel. Gra\u00e7as \u00e0s aberturas pr\u00e1ticas, pode ter luvas sem dedos num instante, facilitando assim a entrada e sa\u00edda do seu filho do carrinho de beb\u00e9, por exemplo, ou dar-lhe o biber\u00e3o.<\/p>\n<p>- L\u00e3 virgem 100%, etiqueta Woolmark.<br \/>\n- Com uma cobertura c\u00f3moda para o dedo sem dedos.<br \/>\n- Cores diferentes dispon\u00edveis.<\/p>\n<p>Tamanhos em cent\u00edmetros:<\/p>\n<p>Tamanho S: 10 cm de largura no pulso x 24 cm de comprimento<br \/>\nTamanho M: 11 cm de largura no pulso x 25 cm de comprimento<br \/>\nTamanho L: 12 cm de largura no pulso x 26 cm de comprimento<\/p>\n<h5>Etiqueta de peles de l\u00e3<\/h5>\n<p class=\"brz-lh-xs-1_8 brz-fs-xs-17 brz-text-xs-center brz-text-lg-center brz-tp-lg-empty brz-ff-roboto brz-ft-google brz-fs-lg-17 brz-fss-lg-px brz-fw-lg-400 brz-ls-lg-0 brz-lh-lg-1_8 brz-css-vesng\" data-generated-css=\"brz-css-djhzh\" data-uniq-id=\"odjfi\"><span class=\"brz-cp-color8\">Ap\u00f3s anos de coopera\u00e7\u00e3o bem sucedida com a Alwero, temos o orgulho de anunciar que pass\u00e1mos a comercializar os nossos produtos sob a nossa pr\u00f3pria marca Woolskins. <\/span><\/p>\n<p class=\"brz-lh-xs-1_8 brz-fs-xs-17 brz-text-xs-center brz-text-lg-center brz-tp-lg-empty brz-ff-roboto brz-ft-google brz-fs-lg-17 brz-fss-lg-px brz-fw-lg-400 brz-ls-lg-0 brz-lh-lg-1_8 brz-css-vesng\" data-generated-css=\"brz-css-djhzh\" data-uniq-id=\"odjfi\"><span class=\"brz-cp-color8\">Desta forma, continua a obter a melhor qualidade combinada com os produtos\/designs mais bonitos e \u00fanicos da Woolskins. <\/span><\/p>\n<p class=\"brz-lh-xs-1_8 brz-fs-xs-17 brz-text-xs-center brz-text-lg-center brz-tp-lg-empty brz-ff-roboto brz-ft-google brz-fs-lg-17 brz-fss-lg-px brz-fw-lg-400 brz-ls-lg-0 brz-lh-lg-1_8 brz-css-vesng\" data-generated-css=\"brz-css-djhzh\" data-uniq-id=\"odjfi\"><span class=\"brz-cp-color8\">A qualidade dos tecidos e das cores continua a ser a mesma de sempre, s\u00f3 que agora existe uma escolha mais vasta com a qual a Woolskins pensa poder diferenciar-se. <\/span><\/p>\n<p class=\"brz-lh-xs-1_8 brz-fs-xs-17 brz-text-xs-center brz-text-lg-center brz-tp-lg-empty brz-ff-roboto brz-ft-google brz-fs-lg-17 brz-fss-lg-px brz-fw-lg-400 brz-ls-lg-0 brz-lh-lg-1_8 brz-css-gyngf\" data-generated-css=\"brz-css-djhzh\" data-uniq-id=\"odjfi\"><span class=\"brz-cp-color8\">A nossa vasta cole\u00e7\u00e3o foi concebida para ser um excelente complemento para qualquer roupa de beb\u00e9, fabricada em l\u00e3 europeia 100%, que \u00e9 respir\u00e1vel e adequada para todas as esta\u00e7\u00f5es. <\/span><\/p>\n<p class=\"brz-lh-xs-1_8 brz-fs-xs-17 brz-text-xs-center brz-text-lg-center brz-tp-lg-empty brz-ff-roboto brz-ft-google brz-fs-lg-17 brz-fss-lg-px brz-fw-lg-400 brz-ls-lg-0 brz-lh-lg-1_8 brz-css-gyngf\" data-generated-css=\"brz-css-djhzh\" data-uniq-id=\"odjfi\"><span class=\"brz-cp-color8\">Juntamos for\u00e7as com entusiasmo para criar um produto sustent\u00e1vel, natural e o mais confort\u00e1vel para o seu beb\u00e9.<\/span><\/p>","protected":false},"excerpt":{"rendered":"<p>Para as mam\u00e3s, temos estes bonitos aquecedores de m\u00e3os em l\u00e3 - luvas. A pura l\u00e3 nova \u00e9 maravilhosamente quente, respir\u00e1vel e extremamente confort\u00e1vel. Gra\u00e7as \u00e0s aberturas pr\u00e1ticas, pode ter luvas sem dedos num instante, facilitando assim a entrada e sa\u00edda do seu filho do carrinho de beb\u00e9, por exemplo, ou dar-lhe o biber\u00e3o.<\/p>\n<p><strong>Marca: Woolskins<\/strong><br \/>\n<strong>Produ\u00e7\u00e3o: Pol\u00f3nia<\/strong><\/p>","protected":false},"featured_media":17591,"comment_status":"open","ping_status":"closed","template":"","meta":{"_acf_changed":false},"product_brand":[],"product_cat":[360,351,362,350,31,194],"product_tag":[],"class_list":{"0":"post-16558","1":"product","2":"type-product","3":"status-publish","4":"has-post-thumbnail","6":"product_cat-cadeautips","7":"product_cat-accessoiresvoormama","8":"product_cat-cadeaus-tot-e-25","9":"product_cat-fashion","10":"product_cat-yogamat-wol","11":"product_cat-wollen-babyproducten","12":"pa_maat-l","13":"pa_maat-m","14":"pa_maat-s","16":"first","17":"instock","18":"taxable","19":"shipping-taxable","20":"purchasable","21":"product-type-variable"},"acf":[],"_links":{"self":[{"href":"https:\/\/woolskins.eu\/pt\/wp-json\/wp\/v2\/product\/16558","targetHints":{"allow":["GET"]}}],"collection":[{"href":"https:\/\/woolskins.eu\/pt\/wp-json\/wp\/v2\/product"}],"about":[{"href":"https:\/\/woolskins.eu\/pt\/wp-json\/wp\/v2\/types\/product"}],"replies":[{"embeddable":true,"href":"https:\/\/woolskins.eu\/pt\/wp-json\/wp\/v2\/comments?post=16558"}],"wp:featuredmedia":[{"embeddable":true,"href":"https:\/\/woolskins.eu\/pt\/wp-json\/wp\/v2\/media\/17591"}],"wp:attachment":[{"href":"https:\/\/woolskins.eu\/pt\/wp-json\/wp\/v2\/media?parent=16558"}],"wp:term":[{"taxonomy":"product_brand","embeddable":true,"href":"https:\/\/woolskins.eu\/pt\/wp-json\/wp\/v2\/product_brand?post=16558"},{"taxonomy":"product_cat","embeddable":true,"href":"https:\/\/woolskins.eu\/pt\/wp-json\/wp\/v2\/product_cat?post=16558"},{"taxonomy":"product_tag","embeddable":true,"href":"https:\/\/woolskins.eu\/pt\/wp-json\/wp\/v2\/product_tag?post=16558"}],"curies":[{"name":"wp","href":"https:\/\/api.w.org\/{rel}","templated":true}]}}