{"id":14683,"date":"2023-03-13T14:54:02","date_gmt":"2023-03-13T14:54:02","guid":{"rendered":"https:\/\/woolskins.eu\/?post_type=product&#038;p=14683"},"modified":"2026-04-30T16:08:25","modified_gmt":"2026-04-30T16:08:25","slug":"manta-alwero-wrap-bege-3","status":"publish","type":"product","link":"https:\/\/woolskins.eu\/pt\/alwero-wikkeldeken-wingy-beige-3\/","title":{"rendered":"Manta de l\u00e3 para beb\u00e9 | Wingy Thumbled beige"},"content":{"rendered":"<p>Uma vez que o tamanho normal \u00e9 ligeiramente maior e menos adequado para a cadeira maxi-cosi e para a cadeira auto, mand\u00e1mos fazer uma vers\u00e3o mais pequena que se adapta melhor \u00e0s crian\u00e7as mais pequenas e \u00e0 cadeira maxi-cosi e \u00e0 cadeira auto. Naturalmente, o mini tamb\u00e9m se adapta ao carrinho de beb\u00e9, tal como o tamanho original.<\/p>\n<p>A l\u00e3 respira e regula instantaneamente a temperatura do seu beb\u00e9. Quente no inverno e fresco no ver\u00e3o. Pr\u00e1tico para usar em casa e no maxi-cosi ou no carrinho de beb\u00e9.<\/p>\n<p>- L\u00e3 virgem 100% com certifica\u00e7\u00e3o Woolmark.<br \/>\n- Exclusivamente dispon\u00edvel na Woolskins.<br \/>\n- Para casa e em viagem.<br \/>\n- Aberturas para os cintos de seguran\u00e7a (5 pontos).<br \/>\n- Tamanho: comprimento 80cm x largura 50cm - Mini: comprimento 75cm x 40cm<br \/>\n- O tamanho mini tem um rebordo diferente, este \u00e9 o nosso modelo mais recente.<br \/>\n- lav\u00e1vel num ciclo de lavagem com l\u00e3 a 30\u00b0C.<\/p>\n<p>As fibras de l\u00e3 respiram e t\u00eam a capacidade de atuar como um term\u00f3stato natural que regula a temperatura do corpo? Isto ajuda o seu beb\u00e9 a manter uma temperatura est\u00e1vel e mant\u00e9m-no seco e confort\u00e1vel. F\u00e1-lo \u2018dinamicamente\u2019, o que significa que acontece quando \u00e9 necess\u00e1rio e n\u00e3o quando n\u00e3o \u00e9. Quente no inverno e fresco no ver\u00e3o.<\/p>\n<p>Este produto tem os r\u00f3tulos Safe for Children e Woolmark, entre outros.<\/p>\n<h5>Etiqueta de peles de l\u00e3<\/h5>\n<p>Ap\u00f3s anos de coopera\u00e7\u00e3o bem sucedida com a Alwero, temos o orgulho de anunciar que pass\u00e1mos a comercializar os nossos produtos sob a nossa pr\u00f3pria marca Woolskins.<\/p>\n<p>Desta forma, continua a obter a melhor qualidade, mas combinada com os produtos e designs mais bonitos e \u00fanicos.<\/p>\n<p>A qualidade dos tecidos e das cores continua a ser a mesma de sempre, s\u00f3 que agora existe uma maior escolha com a qual a Woolskins pensa poder distinguir-se.<\/p>\n<p>A nossa vasta cole\u00e7\u00e3o \u00e9 t\u00e3o igual que \u00e9 um excelente complemento para o enxoval de qualquer beb\u00e9, fabricada em l\u00e3 europeia 100% que respira e \u00e9 adequada para todas as esta\u00e7\u00f5es.<\/p>\n<p>Juntamos for\u00e7as com entusiasmo para criar um produto sustent\u00e1vel, natural e o mais confort\u00e1vel poss\u00edvel para o seu filho<\/p>","protected":false},"excerpt":{"rendered":"<p>O seu beb\u00e9 vai dormir e sonhar com este confort\u00e1vel cobertor de l\u00e3 Wingy da nossa cole\u00e7\u00e3o \u2018Thumbled\u2019. Esta manta de enrolar cai suavemente e \u00e9 muito macia. Tem um aspeto bonito e luxuoso e \u00e9 extremamente confort\u00e1vel. O cobertor \u00e9 feito de l\u00e3 100% e regula imediatamente a temperatura do seu filho, podendo ser utilizado em qualquer esta\u00e7\u00e3o do ano. Gra\u00e7as \u00e0s aberturas para as correias de seguran\u00e7a (5 pontos), adapta-se perfeitamente ao carrinho de beb\u00e9 e leva o seu filho para o exterior de forma quente e confort\u00e1vel. Especialmente para os mais pequeninos, temos tamb\u00e9m uma vers\u00e3o mais pequena (mini) que se adapta perfeitamente ao maxi-cosi.<\/p>\n<div class=\"woocommerce-product-details__short-description\">\n<p><strong>Marca: Woolskins<\/strong><br \/>\n<strong>Produ\u00e7\u00e3o: Pol\u00f3nia<\/strong><\/p>\n<\/div>","protected":false},"featured_media":14694,"comment_status":"closed","ping_status":"closed","template":"","meta":{"_acf_changed":false},"product_brand":[],"product_cat":[361,360,364,196,321,194],"product_tag":[],"class_list":{"0":"post-14683","1":"product","2":"type-product","3":"status-publish","4":"has-post-thumbnail","6":"product_cat-babyshower","7":"product_cat-cadeautips","8":"product_cat-cadeaus-vanaf-e50","9":"product_cat-slaapkleding-baby","10":"product_cat-wikkeldekens","11":"product_cat-wollen-babyproducten","12":"pa_maat-mini","13":"pa_maat-standaard-maat","15":"first","16":"instock","17":"taxable","18":"shipping-taxable","19":"purchasable","20":"product-type-variable"},"acf":[],"_links":{"self":[{"href":"https:\/\/woolskins.eu\/pt\/wp-json\/wp\/v2\/product\/14683","targetHints":{"allow":["GET"]}}],"collection":[{"href":"https:\/\/woolskins.eu\/pt\/wp-json\/wp\/v2\/product"}],"about":[{"href":"https:\/\/woolskins.eu\/pt\/wp-json\/wp\/v2\/types\/product"}],"replies":[{"embeddable":true,"href":"https:\/\/woolskins.eu\/pt\/wp-json\/wp\/v2\/comments?post=14683"}],"wp:featuredmedia":[{"embeddable":true,"href":"https:\/\/woolskins.eu\/pt\/wp-json\/wp\/v2\/media\/14694"}],"wp:attachment":[{"href":"https:\/\/woolskins.eu\/pt\/wp-json\/wp\/v2\/media?parent=14683"}],"wp:term":[{"taxonomy":"product_brand","embeddable":true,"href":"https:\/\/woolskins.eu\/pt\/wp-json\/wp\/v2\/product_brand?post=14683"},{"taxonomy":"product_cat","embeddable":true,"href":"https:\/\/woolskins.eu\/pt\/wp-json\/wp\/v2\/product_cat?post=14683"},{"taxonomy":"product_tag","embeddable":true,"href":"https:\/\/woolskins.eu\/pt\/wp-json\/wp\/v2\/product_tag?post=14683"}],"curies":[{"name":"wp","href":"https:\/\/api.w.org\/{rel}","templated":true}]}}