{"id":14398,"date":"2023-02-22T09:24:44","date_gmt":"2023-02-22T09:24:44","guid":{"rendered":"https:\/\/woolskins.eu\/?post_type=product&#038;p=14398"},"modified":"2025-07-15T07:35:51","modified_gmt":"2025-07-15T07:35:51","slug":"roupao-de-maternidade-recem-nascido-natural","status":"publish","type":"product","link":"https:\/\/woolskins.eu\/pt\/zwangerschapsjas-ochtendjas-newborn-natural\/","title":{"rendered":"Roup\u00e3o de maternidade - Roup\u00e3o Morning coat Woolblend Newborn | Natural"},"content":{"rendered":"<p>Este belo casaco de maternidade em l\u00e3 \u00e9 ideal para quando est\u00e1 gr\u00e1vida ou prestes a dar \u00e0 luz. Quer d\u00ea \u00e0 luz em casa ou no hospital, este confort\u00e1vel roup\u00e3o de maternidade dar-lhe-\u00e1 um aspeto fant\u00e1stico quando as visitas chegarem. Os debruns largos conferem-lhe um aspeto luxuoso. Este casaco de maternidade \u00e9 \u00f3timo para usar depois do banho ou quando quiser passar o dia no sof\u00e1. A l\u00e3 respira e \u00e9 extremamente macia e confort\u00e1vel.<\/p>\n<p>- Exclusivamente dispon\u00edvel na Woolskins, produzido por Alwero<br \/>\n- Mistura de l\u00e3 56% pura l\u00e3 crua nova (etiqueta Woolmark) 44% fibra sint\u00e9tica.<br \/>\n- Para casa e em viagem.<br \/>\n- Produ\u00e7\u00e3o europeia.<br \/>\n- lav\u00e1vel num ciclo de lavagem com l\u00e3 a 30\u00b0C.<\/p>\n<h5>Marca pr\u00f3pria Woolskins fabricada pela Alwero<\/h5>\n<p>Ap\u00f3s anos de coopera\u00e7\u00e3o bem sucedida com a Alwero, temos o orgulho de anunciar que estamos autorizados a comercializar a Alwero sob a nossa pr\u00f3pria marca Woolskins.<\/p>\n<p>Desta forma, continua a obter a melhor qualidade da Alwero combinada com os produtos\/designs mais bonitos e \u00fanicos da Woolskins.<\/p>\n<p>Ent\u00e3o, o que \u00e9 que muda? N\u00e3o muito! A qualidade, os tecidos e as cores permanecem os mesmos, mas h\u00e1 uma maior escolha de produtos \u00fanicos com os quais a Woolskins pensa que se pode distinguir e que s\u00e3o uma boa adi\u00e7\u00e3o ao equipamento para beb\u00e9s.<\/p>\n<p>Os nossos produtos podem ser reconhecidos pela nossa etiqueta Woolskins e a etiqueta de lavagem indica que s\u00e3o produzidos pela Alwero.<\/p>\n<p>Juntamos for\u00e7as com entusiasmo para criar um produto sustent\u00e1vel, natural e o mais confort\u00e1vel para o seu beb\u00e9.<\/p>\n<h5>Alwero<\/h5>\n<p>A empresa familiar Alwero nasceu no final dos anos 90 da necessidade de criar algo. No meio da natureza, onde as ovelhas pastam nas montanhas, a Alwerode encontra a mat\u00e9ria-prima \u00fanica que lhe serve de base: a l\u00e3 em bruto.<\/p>\n<p>Ao combinar tradi\u00e7\u00f5es antigas e inova\u00e7\u00e3o t\u00e9cnica, a Alwero cria um mundo de conforto. O conhecimento, o artesanato e o amor pela l\u00e3 fazem com que os produtos da Alwero sejam apreciados em todo o mundo.<\/p>","protected":false},"excerpt":{"rendered":"<p>Este belo casaco de maternidade em l\u00e3 \u00e9 ideal para quando est\u00e1 gr\u00e1vida ou prestes a dar \u00e0 luz. Quer d\u00ea \u00e0 luz em casa ou no hospital, este confort\u00e1vel roup\u00e3o de maternidade dar-lhe-\u00e1 um aspeto fant\u00e1stico quando as visitas chegarem. Os debruns largos conferem-lhe um aspeto luxuoso. Este casaco de maternidade \u00e9 \u00f3timo para usar depois do banho ou quando quiser passar o dia no sof\u00e1. A l\u00e3 respira e \u00e9 extremamente macia e confort\u00e1vel.<\/p>\n<p><strong>Marca: Woolskins<\/strong><br \/>\n<strong>Produtor: Woolskins Private Lable \u00e9 produzido por Alwero<\/strong><\/p>","protected":false},"featured_media":14400,"comment_status":"open","ping_status":"closed","template":"","meta":{"_acf_changed":false},"product_brand":[],"product_cat":[360,349,364,350,31,194],"product_tag":[],"class_list":{"0":"post-14398","1":"product","2":"type-product","3":"status-publish","4":"has-post-thumbnail","6":"product_cat-cadeautips","7":"product_cat-borstvoedingenvoedingskussens","8":"product_cat-cadeaus-vanaf-e50","9":"product_cat-fashion","10":"product_cat-yogamat-wol","11":"product_cat-wollen-babyproducten","12":"pa_maat-s-m","13":"pa_maat-xxs-xs","15":"first","16":"instock","17":"taxable","18":"shipping-taxable","19":"purchasable","20":"product-type-variable"},"acf":[],"_links":{"self":[{"href":"https:\/\/woolskins.eu\/pt\/wp-json\/wp\/v2\/product\/14398","targetHints":{"allow":["GET"]}}],"collection":[{"href":"https:\/\/woolskins.eu\/pt\/wp-json\/wp\/v2\/product"}],"about":[{"href":"https:\/\/woolskins.eu\/pt\/wp-json\/wp\/v2\/types\/product"}],"replies":[{"embeddable":true,"href":"https:\/\/woolskins.eu\/pt\/wp-json\/wp\/v2\/comments?post=14398"}],"wp:featuredmedia":[{"embeddable":true,"href":"https:\/\/woolskins.eu\/pt\/wp-json\/wp\/v2\/media\/14400"}],"wp:attachment":[{"href":"https:\/\/woolskins.eu\/pt\/wp-json\/wp\/v2\/media?parent=14398"}],"wp:term":[{"taxonomy":"product_brand","embeddable":true,"href":"https:\/\/woolskins.eu\/pt\/wp-json\/wp\/v2\/product_brand?post=14398"},{"taxonomy":"product_cat","embeddable":true,"href":"https:\/\/woolskins.eu\/pt\/wp-json\/wp\/v2\/product_cat?post=14398"},{"taxonomy":"product_tag","embeddable":true,"href":"https:\/\/woolskins.eu\/pt\/wp-json\/wp\/v2\/product_tag?post=14398"}],"curies":[{"name":"wp","href":"https:\/\/api.w.org\/{rel}","templated":true}]}}