{"id":14150,"date":"2023-01-25T10:53:36","date_gmt":"2023-01-25T10:53:36","guid":{"rendered":"https:\/\/woolskins.eu\/?post_type=product&#038;p=14150"},"modified":"2023-11-25T12:31:09","modified_gmt":"2023-11-25T12:31:09","slug":"colete-alwero-3","status":"publish","type":"product","link":"https:\/\/woolskins.eu\/pt\/alwero-vest\/","title":{"rendered":"Colete Alwero"},"content":{"rendered":"<p>Este casaco de malha Alwero \u00e9 feito de l\u00e3. Cai suavemente e, uma vez vestido, sentir\u00e1 o conforto que a l\u00e3 tem para oferecer. Mantenha-se bem quente com este casaco de l\u00e3 da Alwero durante os dias mais frios.<\/p>\n<p>- 100% Tecido de l\u00e3<br \/>\n- Este colete oferece um calor extra para os dias mais frios.<br \/>\n- A l\u00e3 isola-se bem e respira.<\/p>\n<p>Este produto tem o selo de aprova\u00e7\u00e3o da Woolmark.<\/p>\n<h5>Alwero<\/h5>\n<p>A empresa familiar Alwero nasceu no final dos anos 90 da necessidade de criar algo. No meio da natureza, onde as ovelhas pastam nas montanhas, a Alwerode encontra a mat\u00e9ria-prima \u00fanica que lhe serve de base: a l\u00e3 em bruto.<\/p>\n<p>Ao combinar tradi\u00e7\u00f5es antigas e inova\u00e7\u00e3o t\u00e9cnica, a Alwero cria um mundo de conforto. O conhecimento, o artesanato e o amor pela l\u00e3 fazem com que os produtos da Alwero sejam apreciados em todo o mundo.<\/p>","protected":false},"excerpt":{"rendered":"<p>Este casaco de malha Alwero \u00e9 feito de l\u00e3. Cai suavemente e, uma vez vestido, sentir\u00e1 o conforto que a l\u00e3 tem para oferecer. Mantenha-se bem quente com este casaco de l\u00e3 da Alwero durante os dias mais frios.<\/p>","protected":false},"featured_media":14155,"comment_status":"open","ping_status":"closed","template":"","meta":{"_acf_changed":false},"product_brand":[],"product_cat":[31,350,459],"product_tag":[],"class_list":{"0":"post-14150","1":"product","2":"type-product","3":"status-publish","4":"has-post-thumbnail","6":"product_cat-yogamat-wol","7":"product_cat-fashion","8":"product_cat-sale","9":"pa_maat-l-xl","10":"pa_maat-s-m","12":"first","13":"outofstock","14":"sale","15":"taxable","16":"shipping-taxable","17":"purchasable","18":"product-type-variable"},"acf":[],"_links":{"self":[{"href":"https:\/\/woolskins.eu\/pt\/wp-json\/wp\/v2\/product\/14150","targetHints":{"allow":["GET"]}}],"collection":[{"href":"https:\/\/woolskins.eu\/pt\/wp-json\/wp\/v2\/product"}],"about":[{"href":"https:\/\/woolskins.eu\/pt\/wp-json\/wp\/v2\/types\/product"}],"replies":[{"embeddable":true,"href":"https:\/\/woolskins.eu\/pt\/wp-json\/wp\/v2\/comments?post=14150"}],"wp:featuredmedia":[{"embeddable":true,"href":"https:\/\/woolskins.eu\/pt\/wp-json\/wp\/v2\/media\/14155"}],"wp:attachment":[{"href":"https:\/\/woolskins.eu\/pt\/wp-json\/wp\/v2\/media?parent=14150"}],"wp:term":[{"taxonomy":"product_brand","embeddable":true,"href":"https:\/\/woolskins.eu\/pt\/wp-json\/wp\/v2\/product_brand?post=14150"},{"taxonomy":"product_cat","embeddable":true,"href":"https:\/\/woolskins.eu\/pt\/wp-json\/wp\/v2\/product_cat?post=14150"},{"taxonomy":"product_tag","embeddable":true,"href":"https:\/\/woolskins.eu\/pt\/wp-json\/wp\/v2\/product_tag?post=14150"}],"curies":[{"name":"wp","href":"https:\/\/api.w.org\/{rel}","templated":true}]}}