{"id":14069,"date":"2023-01-18T09:57:57","date_gmt":"2023-01-18T09:57:57","guid":{"rendered":"https:\/\/woolskins.eu\/?post_type=product&#038;p=14069"},"modified":"2026-03-03T13:23:20","modified_gmt":"2026-03-03T13:23:20","slug":"almofada-de-alimentacao-alwero-lammy-s-ecru","status":"publish","type":"product","link":"https:\/\/woolskins.eu\/pt\/alwero-voedingskussen-lammy-s-ecru\/","title":{"rendered":"Almofada de enfermagem em l\u00e3 Thumbled-S | Ecru"},"content":{"rendered":"<p>Como tanto a almofada como o enchimento s\u00e3o feitos de l\u00e3, a almofada respira, n\u00e3o faz barulho, \u00e9 leve e absorve instantaneamente a temperatura do corpo.<\/p>\n<p>- A capa \u00e9 de l\u00e3 virgem 100% \u2018Thumbled\u2019 e tem o selo Woolmark.<br \/>\n- Enchimento de novelos de l\u00e3 (l\u00e3 ecol\u00f3gica 100%).<br \/>\n- Almofada interior (algod\u00e3o ecol\u00f3gico) com fecho de correr.<br \/>\n- Enchimento natural silencioso!<br \/>\n- Peso leve (900 gramas).<br \/>\n- Almofada de alimenta\u00e7\u00e3o e ajuda o beb\u00e9 a sentar-se e a fazer a \u2018hora da barriga\u2019.<br \/>\n- Tamanho 55 x 50 cm (centro da circunfer\u00eancia 60cm).<br \/>\n- A capa e a almofada interior podem ser lavadas num ciclo de lavagem com l\u00e3 a 30\u00b0C.<\/p>\n<h5>Etiqueta de peles de l\u00e3<\/h5>\n<p>Ap\u00f3s anos de coopera\u00e7\u00e3o bem sucedida com a Alwero, temos o orgulho de anunciar que pass\u00e1mos a comercializar os nossos produtos sob a nossa pr\u00f3pria marca Woolskins.<\/p>\n<p>Desta forma, continua a obter a melhor qualidade, mas combinada com os produtos e designs mais bonitos e \u00fanicos.<\/p>\n<p>A qualidade dos tecidos e das cores continua a ser a mesma de sempre, s\u00f3 que agora existe uma maior escolha com a qual a Woolskins pensa poder distinguir-se.<\/p>\n<p>A nossa vasta cole\u00e7\u00e3o \u00e9 t\u00e3o igual que \u00e9 um excelente complemento para o enxoval de qualquer beb\u00e9, fabricada em l\u00e3 europeia 100% que respira e \u00e9 adequada para todas as esta\u00e7\u00f5es.<\/p>\n<p>Juntamos for\u00e7as com entusiasmo para criar um produto sustent\u00e1vel, natural e o mais confort\u00e1vel para o seu beb\u00e9.<\/p>","protected":false},"excerpt":{"rendered":"<p>Esta almofada de l\u00e3 para alimenta\u00e7\u00e3o \u00e9 extremamente confort\u00e1vel e calmante para o seu beb\u00e9 durante a alimenta\u00e7\u00e3o, pois \u00e9 silenciosa e adapta-se instantaneamente \u00e0 temperatura do corpo do seu beb\u00e9. Tamb\u00e9m ajuda o seu beb\u00e9 a sentar-se ou a utiliz\u00e1-la durante o \u2018Tummy time\u2019.<\/p>\n<p>Como a almofada e o enchimento s\u00e3o feitos de l\u00e3, a almofada respira e \u00e9 hipoalerg\u00e9nica. As fibras de l\u00e3 t\u00eam a capacidade de atuar como um term\u00f3stato natural que regula a temperatura do corpo? Isto garante uma temperatura est\u00e1vel e mant\u00e9m-no a si e ao seu beb\u00e9 secos e confort\u00e1veis.<\/p>\n<p>O enchimento exclusivo de bolas de l\u00e3 ecol\u00f3gica apoia bem o seu corpo e o do seu filho e, como o enchimento n\u00e3o faz barulho (ao contr\u00e1rio, por exemplo, do enchimento de fossas), pode alimentar o seu filho sem ser incomodado e, assim, divertirem-se mutuamente sem parar. A l\u00e3 \u00e9 limpa e lavada com detergentes biodegrad\u00e1veis e, devido \u00e0 lanolina naturalmente presente, a l\u00e3 n\u00e3o tem p\u00f3 e \u00e9, portanto, anti-al\u00e9rgica.<\/p>\n<p><strong>Marca: Woolskins<\/strong><br \/>\n<strong>Produ\u00e7\u00e3o: Pol\u00f3nia<\/strong><\/p>","protected":false},"featured_media":14073,"comment_status":"open","ping_status":"closed","template":"","meta":{"_acf_changed":false},"product_brand":[],"product_cat":[360,349,364,210],"product_tag":[],"class_list":{"0":"post-14069","1":"product","2":"type-product","3":"status-publish","4":"has-post-thumbnail","6":"product_cat-cadeautips","7":"product_cat-borstvoedingenvoedingskussens","8":"product_cat-cadeaus-vanaf-e50","9":"product_cat-wollen-voedingskussen","11":"first","12":"outofstock","13":"taxable","14":"shipping-taxable","15":"purchasable","16":"product-type-variable","17":"has-default-attributes"},"acf":[],"_links":{"self":[{"href":"https:\/\/woolskins.eu\/pt\/wp-json\/wp\/v2\/product\/14069","targetHints":{"allow":["GET"]}}],"collection":[{"href":"https:\/\/woolskins.eu\/pt\/wp-json\/wp\/v2\/product"}],"about":[{"href":"https:\/\/woolskins.eu\/pt\/wp-json\/wp\/v2\/types\/product"}],"replies":[{"embeddable":true,"href":"https:\/\/woolskins.eu\/pt\/wp-json\/wp\/v2\/comments?post=14069"}],"wp:featuredmedia":[{"embeddable":true,"href":"https:\/\/woolskins.eu\/pt\/wp-json\/wp\/v2\/media\/14073"}],"wp:attachment":[{"href":"https:\/\/woolskins.eu\/pt\/wp-json\/wp\/v2\/media?parent=14069"}],"wp:term":[{"taxonomy":"product_brand","embeddable":true,"href":"https:\/\/woolskins.eu\/pt\/wp-json\/wp\/v2\/product_brand?post=14069"},{"taxonomy":"product_cat","embeddable":true,"href":"https:\/\/woolskins.eu\/pt\/wp-json\/wp\/v2\/product_cat?post=14069"},{"taxonomy":"product_tag","embeddable":true,"href":"https:\/\/woolskins.eu\/pt\/wp-json\/wp\/v2\/product_tag?post=14069"}],"curies":[{"name":"wp","href":"https:\/\/api.w.org\/{rel}","templated":true}]}}