{"id":13998,"date":"2023-01-16T10:55:26","date_gmt":"2023-01-16T10:55:26","guid":{"rendered":"https:\/\/woolskins.eu\/?post_type=product&#038;p=13998"},"modified":"2025-09-03T16:40:26","modified_gmt":"2025-09-03T16:40:26","slug":"manta-de-berco-alwero-recem-nascido-natural","status":"publish","type":"product","link":"https:\/\/woolskins.eu\/pt\/alwero-wiegdeken-newborn-natural\/","title":{"rendered":"Cobertor de l\u00e3 para ber\u00e7o Rec\u00e9m-nascido | Natural"},"content":{"rendered":"<p>O seu beb\u00e9 vai dormir e sonhar com esta confort\u00e1vel manta de l\u00e3 da nossa cole\u00e7\u00e3o \u2018Newborn\u2019. Suave e arejado, este cobertor \u00e9 ideal para o tempo mais quente. Tem um aspeto bonito e luxuoso e \u00e9 extremamente confort\u00e1vel. O interior da manta \u00e9 inteiramente feito de l\u00e3. Pode facilmente lev\u00e1-la consigo em viagem para manter o seu beb\u00e9 bem quente.<\/p>\n<p>- Exclusivamente dispon\u00edvel na Woolskins<br \/>\n- Com duas faces, uma das quais (interior) \u00e9 de l\u00e3.<br \/>\n- Mistura de l\u00e3 56% pura l\u00e3 crua nova (etiqueta Woolmark) 44% fibra sint\u00e9tica.<br \/>\n- Para casa e em viagem.<br \/>\n- Dimens\u00f5es: 65 x 90 cm e 90 x 130 cm<br \/>\n- Produ\u00e7\u00e3o europeia.<br \/>\n- lav\u00e1vel num ciclo de lavagem com l\u00e3 a 30\u00b0C.<\/p>\n<p>Os nossos cobertores Eco Woolblend s\u00e3o \u00f3ptimos para os mais pequenos, gra\u00e7as \u00e0s propriedades naturais das fibras de l\u00e3. Estas respiram e t\u00eam a capacidade de atuar como um term\u00f3stato natural que regula a temperatura do corpo? Isto ajuda o seu beb\u00e9 a manter uma temperatura est\u00e1vel e mant\u00e9m-no seco e confort\u00e1vel.<\/p>\n<p>Este produto tem os r\u00f3tulos Safe for Children e Woolmark, entre outros.<\/p>\n<h5>Etiqueta de peles de l\u00e3<\/h5>\n<p>Ap\u00f3s anos de coopera\u00e7\u00e3o bem sucedida com a Alwero, temos o orgulho de anunciar que pass\u00e1mos a comercializar os nossos produtos sob a nossa pr\u00f3pria marca Woolskins.<\/p>\n<p>Desta forma, continua a obter a melhor qualidade, mas combinada com os produtos e designs mais bonitos e \u00fanicos.<\/p>\n<p>A qualidade dos tecidos e das cores continua a ser a mesma de sempre, s\u00f3 que agora existe uma maior escolha com a qual a Woolskins pensa poder distinguir-se.<\/p>\n<p>A nossa vasta cole\u00e7\u00e3o \u00e9 t\u00e3o igual que \u00e9 um excelente complemento para o enxoval de qualquer beb\u00e9, fabricada em l\u00e3 europeia 100% que respira e \u00e9 adequada para todas as esta\u00e7\u00f5es.<\/p>\n<p>Juntamos for\u00e7as com entusiasmo para criar um produto sustent\u00e1vel, natural e o mais confort\u00e1vel para o seu beb\u00e9.<\/p>","protected":false},"excerpt":{"rendered":"<p>O seu filho dormir\u00e1 bem e sonhar\u00e1 com este confort\u00e1vel cobertor de l\u00e3 para ber\u00e7o. A manta de l\u00e3 para ber\u00e7o \u00e9 flex\u00edvel e muito macia e \u00e9 rematada com um debrum. T\u00eam um aspeto bonito e luxuoso e fazem parte de qualquer enxoval de beb\u00e9. Os cobertores de l\u00e3 respiram e adquirem imediatamente a temperatura do seu filho. T\u00eam o tamanho e o peso ideais para dormir ou brincar em cima delas. Utilize-a em casa ou em viagem para manter o seu filho bem quente. A manta \u00e9 adequada para qualquer esta\u00e7\u00e3o do ano e um presente perfeito para um ch\u00e1 de beb\u00e9 ou uma visita de maternidade.<\/p>\n<p><strong>Marca: Woolskins<\/strong><br \/>\n<strong>Produ\u00e7\u00e3o: Pol\u00f3nia<\/strong><\/p>","protected":false},"featured_media":14009,"comment_status":"open","ping_status":"closed","template":"","meta":{"_acf_changed":false},"product_brand":[],"product_cat":[360,363,196,318,194],"product_tag":[],"class_list":{"0":"post-13998","1":"product","2":"type-product","3":"status-publish","4":"has-post-thumbnail","6":"product_cat-cadeautips","7":"product_cat-cadeaus-e25-e50","8":"product_cat-slaapkleding-baby","9":"product_cat-wollen-wiegdeken-ledikantdeken","10":"product_cat-wollen-babyproducten","11":"pa_maat-65-x-90-cm","12":"pa_maat-90-x-130-cm","14":"first","15":"instock","16":"taxable","17":"shipping-taxable","18":"purchasable","19":"product-type-variable"},"acf":[],"_links":{"self":[{"href":"https:\/\/woolskins.eu\/pt\/wp-json\/wp\/v2\/product\/13998","targetHints":{"allow":["GET"]}}],"collection":[{"href":"https:\/\/woolskins.eu\/pt\/wp-json\/wp\/v2\/product"}],"about":[{"href":"https:\/\/woolskins.eu\/pt\/wp-json\/wp\/v2\/types\/product"}],"replies":[{"embeddable":true,"href":"https:\/\/woolskins.eu\/pt\/wp-json\/wp\/v2\/comments?post=13998"}],"wp:featuredmedia":[{"embeddable":true,"href":"https:\/\/woolskins.eu\/pt\/wp-json\/wp\/v2\/media\/14009"}],"wp:attachment":[{"href":"https:\/\/woolskins.eu\/pt\/wp-json\/wp\/v2\/media?parent=13998"}],"wp:term":[{"taxonomy":"product_brand","embeddable":true,"href":"https:\/\/woolskins.eu\/pt\/wp-json\/wp\/v2\/product_brand?post=13998"},{"taxonomy":"product_cat","embeddable":true,"href":"https:\/\/woolskins.eu\/pt\/wp-json\/wp\/v2\/product_cat?post=13998"},{"taxonomy":"product_tag","embeddable":true,"href":"https:\/\/woolskins.eu\/pt\/wp-json\/wp\/v2\/product_tag?post=13998"}],"curies":[{"name":"wp","href":"https:\/\/api.w.org\/{rel}","templated":true}]}}