{"id":12868,"date":"2022-11-08T11:22:28","date_gmt":"2022-11-08T11:22:28","guid":{"rendered":"https:\/\/woolskins.eu\/?post_type=product&#038;p=12868"},"modified":"2026-02-07T13:37:21","modified_gmt":"2026-02-07T13:37:21","slug":"alwero-aquecedores-de-maos-luvas-bege","status":"publish","type":"product","link":"https:\/\/woolskins.eu\/pt\/alwero-handwarmers-wanten-beige\/","title":{"rendered":"Luvas de l\u00e3 para senhora - Bege"},"content":{"rendered":"<p>- L\u00e3 virgem 100%, etiqueta Woolmark.<br \/>\n- Com uma cobertura c\u00f3moda para o dedo sem dedos.<br \/>\n- Cores diferentes dispon\u00edveis.<\/p>\n<p>Tamanhos em cent\u00edmetros:<\/p>\n<p>Tamanho S: 10 cm de largura no pulso x 24 cm de comprimento<br \/>\nTamanho M: 11 cm de largura no pulso x 25 cm de comprimento<br \/>\nTamanho L: 12 cm de largura no pulso x 26 cm de comprimento<\/p>\n<h5>Etiqueta de peles de l\u00e3<\/h5>\n<p>Ap\u00f3s anos de coopera\u00e7\u00e3o bem sucedida com a Alwero, temos o orgulho de anunciar que pass\u00e1mos a comercializar os nossos produtos sob a nossa pr\u00f3pria marca Woolskins.<\/p>\n<p>Desta forma, continua a obter a melhor qualidade, mas combinada com os produtos e designs mais bonitos e \u00fanicos.<\/p>\n<p>A qualidade dos tecidos e das cores continua a ser a mesma de sempre, s\u00f3 que agora existe uma maior escolha com a qual a Woolskins pensa poder distinguir-se.<\/p>\n<p>A nossa vasta cole\u00e7\u00e3o \u00e9 t\u00e3o igual que \u00e9 um excelente complemento para o enxoval de qualquer beb\u00e9, fabricada em l\u00e3 europeia 100% que respira e \u00e9 adequada para todas as esta\u00e7\u00f5es.<\/p>\n<p>Juntamos for\u00e7as com entusiasmo para criar um produto sustent\u00e1vel, natural e o mais confort\u00e1vel para o seu beb\u00e9.<\/p>","protected":false},"excerpt":{"rendered":"<p>Se procura um par de luvas de l\u00e3 para se mimar ou mimar um ente querido, recomendamos vivamente estas luvas Woolskins. Gra\u00e7as \u00e0s aberturas pr\u00e1ticas, ter\u00e1 luvas sem dedos num instante, facilitando, por exemplo, a entrada e sa\u00edda do seu beb\u00e9 do carro ou a oferta de um biber\u00e3o. As nossas luvas de l\u00e3 s\u00e3o uma \u00f3ptima maneira de manter as m\u00e3os quentes e confort\u00e1veis nos meses frios de inverno. S\u00e3o macias e respir\u00e1veis, o que as torna adequadas para pessoas com pele sens\u00edvel. As nossas luvas de l\u00e3 est\u00e3o dispon\u00edveis em diferentes cores e tamanhos.<\/p>\n<p><strong>Marca: Woolskins<\/strong><br \/>\n<strong>Produ\u00e7\u00e3o: Pol\u00f3nia<\/strong><\/p>","protected":false},"featured_media":12859,"comment_status":"open","ping_status":"closed","template":"","meta":{"_acf_changed":false},"product_brand":[],"product_cat":[360,351,362,350,31,194],"product_tag":[],"class_list":{"0":"post-12868","1":"product","2":"type-product","3":"status-publish","4":"has-post-thumbnail","6":"product_cat-cadeautips","7":"product_cat-accessoiresvoormama","8":"product_cat-cadeaus-tot-e-25","9":"product_cat-fashion","10":"product_cat-yogamat-wol","11":"product_cat-wollen-babyproducten","12":"pa_maat-l","13":"pa_maat-m","14":"pa_maat-s","16":"first","17":"outofstock","18":"taxable","19":"shipping-taxable","20":"purchasable","21":"product-type-variable"},"acf":[],"_links":{"self":[{"href":"https:\/\/woolskins.eu\/pt\/wp-json\/wp\/v2\/product\/12868","targetHints":{"allow":["GET"]}}],"collection":[{"href":"https:\/\/woolskins.eu\/pt\/wp-json\/wp\/v2\/product"}],"about":[{"href":"https:\/\/woolskins.eu\/pt\/wp-json\/wp\/v2\/types\/product"}],"replies":[{"embeddable":true,"href":"https:\/\/woolskins.eu\/pt\/wp-json\/wp\/v2\/comments?post=12868"}],"wp:featuredmedia":[{"embeddable":true,"href":"https:\/\/woolskins.eu\/pt\/wp-json\/wp\/v2\/media\/12859"}],"wp:attachment":[{"href":"https:\/\/woolskins.eu\/pt\/wp-json\/wp\/v2\/media?parent=12868"}],"wp:term":[{"taxonomy":"product_brand","embeddable":true,"href":"https:\/\/woolskins.eu\/pt\/wp-json\/wp\/v2\/product_brand?post=12868"},{"taxonomy":"product_cat","embeddable":true,"href":"https:\/\/woolskins.eu\/pt\/wp-json\/wp\/v2\/product_cat?post=12868"},{"taxonomy":"product_tag","embeddable":true,"href":"https:\/\/woolskins.eu\/pt\/wp-json\/wp\/v2\/product_tag?post=12868"}],"curies":[{"name":"wp","href":"https:\/\/api.w.org\/{rel}","templated":true}]}}