{"id":12021,"date":"2022-09-15T12:35:04","date_gmt":"2022-09-15T12:35:04","guid":{"rendered":"https:\/\/woolskins.eu\/?post_type=product&#038;p=12021"},"modified":"2026-03-03T13:14:01","modified_gmt":"2026-03-03T13:14:01","slug":"tapete-muda-fraldas-alwero-cinzento","status":"publish","type":"product","link":"https:\/\/woolskins.eu\/pt\/alwero-verschoningsmat-grijs\/","title":{"rendered":"Vestidor de l\u00e3 para beb\u00e9 - Feltro | Cinzento claro"},"content":{"rendered":"<p>O tapete muda-fraldas Woolskins, bem pensado e muito pr\u00e1tico em viagem ou em casa quando \u00e9 preciso mudar o beb\u00e9. O nosso tapete muda-fraldas \u00e9 feito de l\u00e3 100% e tem uma inser\u00e7\u00e3o de flanela imperme\u00e1vel para aqueles pequenos acidentes. Isto evita que tenha de lavar todo o seu tapete muda-fraldas. O tapete muda-fraldas \u00e9 f\u00e1cil de dobrar e tem dois bolsos laterais para fraldas e mudas de roupa. O tapete muda-fraldas tamb\u00e9m pode ser utilizado em casa no tapete muda-fraldas.<\/p>\n<p>O cord\u00e3o n\u00e3o s\u00f3 mant\u00e9m o tapete dobrado, como tamb\u00e9m serve como uma pequena distra\u00e7\u00e3o com missangas para o seu filho, para que possa mud\u00e1-lo calmamente.<\/p>\n<p>Dimens\u00f5es: 50 x 70 cm, dobrado 24 x 22 cm.<\/p>\n<p>Um tapete de muda de roupa de l\u00e3 \u00e9:<\/p>\n<p>- L\u00e3 virgem 100% Feltrada com certifica\u00e7\u00e3o Woolmark.<br \/>\n- Estrutura suave, macia e compacta<br \/>\n- Boas propriedades t\u00e9rmicas<br \/>\n- Para casa e em viagem.<br \/>\n- Repelente de \u00e1gua, confort\u00e1vel e higi\u00e9nico<br \/>\n- Produ\u00e7\u00e3o europeia.<br \/>\n- lav\u00e1vel num ciclo de lavagem com l\u00e3 a 30\u00b0C.<\/p>\n<p>Este produto tem os r\u00f3tulos Safe for Children e Woolmark, entre outros.<\/p>","protected":false},"excerpt":{"rendered":"<p>Este tapete muda-fraldas de l\u00e3 \u00e9 um produto macio e quente, ideal para mudar o seu beb\u00e9. Este tapete muda-fraldas est\u00e1 bem concebido e \u00e9 muito pr\u00e1tico em viagem ou em casa, quando \u00e9 necess\u00e1rio mudar rapidamente o beb\u00e9. O nosso tapete muda-fraldas \u00e9 feito de l\u00e3 100% e tem uma inser\u00e7\u00e3o de flanela imperme\u00e1vel para aqueles pequenos acidentes, para que n\u00e3o tenha de lavar todo o seu tapete muda-fraldas de cada vez. O tapete muda-fraldas \u00e9 f\u00e1cil de dobrar e tem dois bolsos laterais para fraldas e mudas de roupa. O muda-fraldas tamb\u00e9m pode ser utilizado em casa, no tapete muda-fraldas. \u00c9 indispens\u00e1vel para qualquer pai que queira amamentar o seu beb\u00e9 de forma confort\u00e1vel e higi\u00e9nica.<\/p>\n<p><strong>Marca: Woolskins<\/strong><br \/>\n<strong>Produ\u00e7\u00e3o: Pol\u00f3nia<\/strong><\/p>","protected":false},"featured_media":12011,"comment_status":"open","ping_status":"closed","template":"","meta":{"_acf_changed":false},"product_brand":[],"product_cat":[360,363,196,318,194],"product_tag":[],"class_list":{"0":"post-12021","1":"product","2":"type-product","3":"status-publish","4":"has-post-thumbnail","6":"product_cat-cadeautips","7":"product_cat-cadeaus-e25-e50","8":"product_cat-slaapkleding-baby","9":"product_cat-wollen-wiegdeken-ledikantdeken","10":"product_cat-wollen-babyproducten","12":"first","13":"instock","14":"taxable","15":"shipping-taxable","16":"purchasable","17":"product-type-simple"},"acf":[],"_links":{"self":[{"href":"https:\/\/woolskins.eu\/pt\/wp-json\/wp\/v2\/product\/12021","targetHints":{"allow":["GET"]}}],"collection":[{"href":"https:\/\/woolskins.eu\/pt\/wp-json\/wp\/v2\/product"}],"about":[{"href":"https:\/\/woolskins.eu\/pt\/wp-json\/wp\/v2\/types\/product"}],"replies":[{"embeddable":true,"href":"https:\/\/woolskins.eu\/pt\/wp-json\/wp\/v2\/comments?post=12021"}],"wp:featuredmedia":[{"embeddable":true,"href":"https:\/\/woolskins.eu\/pt\/wp-json\/wp\/v2\/media\/12011"}],"wp:attachment":[{"href":"https:\/\/woolskins.eu\/pt\/wp-json\/wp\/v2\/media?parent=12021"}],"wp:term":[{"taxonomy":"product_brand","embeddable":true,"href":"https:\/\/woolskins.eu\/pt\/wp-json\/wp\/v2\/product_brand?post=12021"},{"taxonomy":"product_cat","embeddable":true,"href":"https:\/\/woolskins.eu\/pt\/wp-json\/wp\/v2\/product_cat?post=12021"},{"taxonomy":"product_tag","embeddable":true,"href":"https:\/\/woolskins.eu\/pt\/wp-json\/wp\/v2\/product_tag?post=12021"}],"curies":[{"name":"wp","href":"https:\/\/api.w.org\/{rel}","templated":true}]}}