{"id":12005,"date":"2022-09-15T12:00:16","date_gmt":"2022-09-15T12:00:16","guid":{"rendered":"https:\/\/woolskins.eu\/?post_type=product&#038;p=12005"},"modified":"2026-03-08T13:17:42","modified_gmt":"2026-03-08T13:17:42","slug":"tapete-muda-fraldas-alwero-bege","status":"publish","type":"product","link":"https:\/\/woolskins.eu\/pt\/alwero-verschoningsmat-beige\/","title":{"rendered":"Frald\u00e1rio de l\u00e3 para beb\u00e9 - Feltro | Bege"},"content":{"rendered":"<p>O tapete muda-fraldas Woolskins, bem pensado e muito pr\u00e1tico em viagem ou em casa quando \u00e9 preciso mudar o beb\u00e9. O nosso tapete muda-fraldas \u00e9 feito de l\u00e3 100% e tem uma inser\u00e7\u00e3o de flanela imperme\u00e1vel para aqueles pequenos acidentes. Isto evita que tenha de lavar todo o seu tapete muda-fraldas. O tapete muda-fraldas \u00e9 f\u00e1cil de dobrar e tem dois bolsos laterais para fraldas e mudas de roupa. O tapete muda-fraldas tamb\u00e9m pode ser utilizado em casa no tapete muda-fraldas.<\/p>\n<p>O cord\u00e3o n\u00e3o s\u00f3 mant\u00e9m o tapete dobrado, como tamb\u00e9m serve como uma pequena distra\u00e7\u00e3o com missangas para o seu filho, para que possa mud\u00e1-lo calmamente.<\/p>\n<p>Dimens\u00f5es: 50 x 70 cm, dobrado 24 x 22 cm.<\/p>\n<p>Um tapete de muda de roupa de l\u00e3 \u00e9:<\/p>\n<p>- L\u00e3 virgem 100% Feltrada com certifica\u00e7\u00e3o Woolmark.<br \/>\n- Estrutura suave, macia e compacta<br \/>\n- Boas propriedades t\u00e9rmicas<br \/>\n- Para casa e em viagem.<br \/>\n- Repelente de \u00e1gua, confort\u00e1vel e higi\u00e9nico<br \/>\n- Produ\u00e7\u00e3o europeia.<br \/>\n- lav\u00e1vel num ciclo de lavagem com l\u00e3 a 30\u00b0C.<\/p>\n<p>Este produto tem os r\u00f3tulos Safe for Children e Woolmark, entre outros.<\/p>\n<h5>Etiqueta de peles de l\u00e3<\/h5>\n<p>Ap\u00f3s anos de coopera\u00e7\u00e3o bem sucedida com a Alwero, temos o orgulho de anunciar que pass\u00e1mos a comercializar os nossos produtos sob a nossa pr\u00f3pria marca Woolskins.<\/p>\n<p>Desta forma, continua a obter a melhor qualidade, mas combinada com os produtos e designs mais bonitos e \u00fanicos.<\/p>\n<p>A qualidade dos tecidos e das cores continua a ser a mesma de sempre, s\u00f3 que agora existe uma maior escolha com a qual a Woolskins pensa poder distinguir-se.<\/p>\n<p>A nossa vasta cole\u00e7\u00e3o \u00e9 t\u00e3o igual que \u00e9 um excelente complemento para o enxoval de qualquer beb\u00e9, fabricada em l\u00e3 europeia 100% que respira e \u00e9 adequada para todas as esta\u00e7\u00f5es.<\/p>\n<p>Juntamos for\u00e7as com entusiasmo para criar um produto sustent\u00e1vel, natural e o mais confort\u00e1vel poss\u00edvel para o seu filho<span style=\"font-size: 16px;\">.<\/span><\/p>","protected":false},"excerpt":{"rendered":"<p>Este tapete muda-fraldas de l\u00e3 \u00e9 um produto macio e quente, ideal para mudar o seu beb\u00e9. Este tapete muda-fraldas est\u00e1 bem pensado e \u00e9 muito pr\u00e1tico em viagem ou em casa, quando \u00e9 necess\u00e1rio mudar rapidamente o beb\u00e9. O nosso tapete muda-fraldas \u00e9 feito de l\u00e3 100% e tem uma inser\u00e7\u00e3o de flanela imperme\u00e1vel para os pequenos acidentes. Isto evita que tenha de lavar todo o seu tapete muda-fraldas. O tapete muda-fraldas \u00e9 f\u00e1cil de dobrar e tem dois bolsos laterais para fraldas e mudas de roupa. O tapete muda-fraldas tamb\u00e9m pode ser utilizado em casa, no tapete muda-fraldas. \u00c9 indispens\u00e1vel para qualquer pai que queira amamentar o seu beb\u00e9 de forma confort\u00e1vel e higi\u00e9nica.<\/p>\n<p><strong>Marca: Woolskins<\/strong><br \/>\n<strong>Produ\u00e7\u00e3o: Pol\u00f3nia<\/strong><\/p>","protected":false},"featured_media":12009,"comment_status":"open","ping_status":"closed","template":"","meta":{"_acf_changed":false},"product_brand":[],"product_cat":[360,363,196,318,194],"product_tag":[],"class_list":{"0":"post-12005","1":"product","2":"type-product","3":"status-publish","4":"has-post-thumbnail","6":"product_cat-cadeautips","7":"product_cat-cadeaus-e25-e50","8":"product_cat-slaapkleding-baby","9":"product_cat-wollen-wiegdeken-ledikantdeken","10":"product_cat-wollen-babyproducten","12":"first","13":"instock","14":"taxable","15":"shipping-taxable","16":"purchasable","17":"product-type-simple"},"acf":[],"_links":{"self":[{"href":"https:\/\/woolskins.eu\/pt\/wp-json\/wp\/v2\/product\/12005","targetHints":{"allow":["GET"]}}],"collection":[{"href":"https:\/\/woolskins.eu\/pt\/wp-json\/wp\/v2\/product"}],"about":[{"href":"https:\/\/woolskins.eu\/pt\/wp-json\/wp\/v2\/types\/product"}],"replies":[{"embeddable":true,"href":"https:\/\/woolskins.eu\/pt\/wp-json\/wp\/v2\/comments?post=12005"}],"wp:featuredmedia":[{"embeddable":true,"href":"https:\/\/woolskins.eu\/pt\/wp-json\/wp\/v2\/media\/12009"}],"wp:attachment":[{"href":"https:\/\/woolskins.eu\/pt\/wp-json\/wp\/v2\/media?parent=12005"}],"wp:term":[{"taxonomy":"product_brand","embeddable":true,"href":"https:\/\/woolskins.eu\/pt\/wp-json\/wp\/v2\/product_brand?post=12005"},{"taxonomy":"product_cat","embeddable":true,"href":"https:\/\/woolskins.eu\/pt\/wp-json\/wp\/v2\/product_cat?post=12005"},{"taxonomy":"product_tag","embeddable":true,"href":"https:\/\/woolskins.eu\/pt\/wp-json\/wp\/v2\/product_tag?post=12005"}],"curies":[{"name":"wp","href":"https:\/\/api.w.org\/{rel}","templated":true}]}}