{"id":11434,"date":"2022-06-24T11:06:23","date_gmt":"2022-06-24T11:06:23","guid":{"rendered":"https:\/\/woolskins.eu\/?post_type=product&#038;p=11434"},"modified":"2025-12-12T15:05:40","modified_gmt":"2025-12-12T15:05:40","slug":"uma-camisola-de-alcas-da-marca-baby","status":"publish","type":"product","link":"https:\/\/woolskins.eu\/pt\/a-baby-brand-tanktop-stone\/","title":{"rendered":"A Basic Brand - Camisa para beb\u00e9 | Pedra"},"content":{"rendered":"<h6>Uma marca para beb\u00e9s<\/h6>\n<p>Este bonito Tank Top tem um corte solto com um acabamento fresco e cru. Super macio e fino, algod\u00e3o org\u00e2nico 100% GOTS. A camisola de al\u00e7as casual e confort\u00e1vel perfeita para o ver\u00e3o. Uma entrada fixe para um conjunto divertido. (as fotografias de humor s\u00e3o da cor \u2018branco natural\u2019)<\/p>\n<p>100% Algod\u00e3o org\u00e2nico com certifica\u00e7\u00e3o GOTS.<\/p>\n<p>Tamanhos:<\/p>\n<p>6 m - 68 cm<br \/>\n1 ano - 80cm<\/p>\n<h5>Uma marca para beb\u00e9s<\/h5>\n<p>Descubra um guarda-roupa verdadeiramente minimalista, cheio de objectos essenciais pr\u00e1ticos. Misture e combine os nossos modelos e cores unissexo.  Sem log\u00f3tipo, sem estampado, sem confus\u00e3o.<\/p>\n<p>A nossa miss\u00e3o \u00e9 tornar a sua vida mais f\u00e1cil, pelo que uma das ideias principais por detr\u00e1s da nossa filosofia \u00e9 a PR\u00c1TICA. Tamb\u00e9m nos preocupamos muito com o nosso planeta e desejamos que toda a gente viva uma vida mais minimalista e, por conseguinte, use menos roupa (#CONSUMEWISELY).<\/p>\n<p>Por conseguinte, a qualidade dos nossos produtos \u00e9 a mais elevada poss\u00edvel. Pode us\u00e1-los durante anos e pass\u00e1-los adiante quando terminar. Utilizamos tecidos de alta qualidade com certificado de algod\u00e3o org\u00e2nico GOTS e STANDARD 100 da OEKO-TEX\u00ae. Todos os nossos produtos podem ser lavados na m\u00e1quina e secados na m\u00e1quina quantas vezes quiser. Ir\u00e1 descobrir que a nossa l\u00e3 de algod\u00e3o nem precisa de ser passada a ferro para ficar com bom aspeto.<\/p>","protected":false},"excerpt":{"rendered":"<h6>Uma marca para beb\u00e9s<\/h6>\n<p>Este bonito Tank Top tem um corte solto com um acabamento fresco e cru. Super macio e fino, algod\u00e3o org\u00e2nico 100% GOTS. A camisola de al\u00e7as casual e confort\u00e1vel perfeita para o ver\u00e3o. Uma entrada fixe para um conjunto divertido. (fotos de ambiente apenas da cor \u2018branco natural\u2019)<\/p>","protected":false},"featured_media":11411,"comment_status":"closed","ping_status":"closed","template":"","meta":{"_acf_changed":false},"product_brand":[],"product_cat":[335,361,360,363,529,530],"product_tag":[],"class_list":{"0":"post-11434","1":"product","2":"type-product","3":"status-publish","4":"has-post-thumbnail","6":"product_cat-a_baby_brand","7":"product_cat-babyshower","8":"product_cat-cadeautips","9":"product_cat-cadeaus-e25-e50","10":"product_cat-katoenen-babykleertjes","11":"product_cat-katoenen-babyshirt","12":"pa_maat-1-jaar","13":"pa_maat-6-maanden","15":"first","16":"instock","17":"taxable","18":"shipping-taxable","19":"purchasable","20":"product-type-variable"},"acf":[],"_links":{"self":[{"href":"https:\/\/woolskins.eu\/pt\/wp-json\/wp\/v2\/product\/11434","targetHints":{"allow":["GET"]}}],"collection":[{"href":"https:\/\/woolskins.eu\/pt\/wp-json\/wp\/v2\/product"}],"about":[{"href":"https:\/\/woolskins.eu\/pt\/wp-json\/wp\/v2\/types\/product"}],"replies":[{"embeddable":true,"href":"https:\/\/woolskins.eu\/pt\/wp-json\/wp\/v2\/comments?post=11434"}],"wp:featuredmedia":[{"embeddable":true,"href":"https:\/\/woolskins.eu\/pt\/wp-json\/wp\/v2\/media\/11411"}],"wp:attachment":[{"href":"https:\/\/woolskins.eu\/pt\/wp-json\/wp\/v2\/media?parent=11434"}],"wp:term":[{"taxonomy":"product_brand","embeddable":true,"href":"https:\/\/woolskins.eu\/pt\/wp-json\/wp\/v2\/product_brand?post=11434"},{"taxonomy":"product_cat","embeddable":true,"href":"https:\/\/woolskins.eu\/pt\/wp-json\/wp\/v2\/product_cat?post=11434"},{"taxonomy":"product_tag","embeddable":true,"href":"https:\/\/woolskins.eu\/pt\/wp-json\/wp\/v2\/product_tag?post=11434"}],"curies":[{"name":"wp","href":"https:\/\/api.w.org\/{rel}","templated":true}]}}