{"id":11292,"date":"2022-06-21T13:36:49","date_gmt":"2022-06-21T13:36:49","guid":{"rendered":"https:\/\/woolskins.eu\/?post_type=product&#038;p=11292"},"modified":"2026-05-03T20:00:36","modified_gmt":"2026-05-03T20:00:36","slug":"calcas-de-canelado-cinzentas-claras","status":"publish","type":"product","link":"https:\/\/woolskins.eu\/pt\/rib-bloomers-light-grey\/","title":{"rendered":"A Basic Brand - Baby Bloomers Rib | Cinzento claro"},"content":{"rendered":"<h6>Uma marca para beb\u00e9s<\/h6>\n<p>Estes bonitos bloomers s\u00e3o feitos de tecido de algod\u00e3o canelado. Estes bloomers t\u00eam uma cintura el\u00e1stica confort\u00e1vel e assentam bem nas perninhas. Um verdadeiro favorito de ver\u00e3o.<\/p>\n<p>97% algod\u00e3o 3% elastano.<\/p>\n<p>STANDARD 100 da OEKO-TEX\u00ae<\/p>\n<p>Tamanhos:<\/p>\n<p>comprimento cm \/ largura cm<\/p>\n<p>0m - 15 \/ 15<br \/>\n3m - 16 \/ 16<br \/>\n6m - 18 \/ 18<\/p>\n<h5>Uma marca para beb\u00e9s<\/h5>\n<p>Descubra um guarda-roupa verdadeiramente minimalista, cheio de objectos essenciais pr\u00e1ticos. Misture e combine os nossos modelos e cores unissexo.  Sem log\u00f3tipo, sem estampado, sem confus\u00e3o.<\/p>\n<p>A nossa miss\u00e3o \u00e9 tornar a sua vida mais f\u00e1cil, pelo que uma das ideias principais por detr\u00e1s da nossa filosofia \u00e9 a PR\u00c1TICA. Tamb\u00e9m nos preocupamos muito com o nosso planeta e desejamos que toda a gente viva uma vida mais minimalista e, por conseguinte, use menos roupa (#CONSUMEWISELY).<\/p>\n<p>Por conseguinte, a qualidade dos nossos produtos \u00e9 a mais elevada poss\u00edvel. Pode us\u00e1-los durante anos e pass\u00e1-los adiante quando terminar. Utilizamos tecidos de alta qualidade com certificado de algod\u00e3o org\u00e2nico GOTS e STANDARD 100 da OEKO-TEX\u00ae. Todos os nossos produtos podem ser lavados na m\u00e1quina e secados na m\u00e1quina quantas vezes quiser. Ir\u00e1 descobrir que a nossa l\u00e3 de algod\u00e3o nem precisa de ser passada a ferro para ficar com bom aspeto.<\/p>","protected":false},"excerpt":{"rendered":"<h6>Uma marca para beb\u00e9s<\/h6>\n<p>Estes bonitos bloomers s\u00e3o feitos de tecido de algod\u00e3o canelado. Estes bloomers t\u00eam uma cintura el\u00e1stica confort\u00e1vel e assentam bem nas perninhas. Um verdadeiro favorito de ver\u00e3o.<\/p>","protected":false},"featured_media":11290,"comment_status":"closed","ping_status":"closed","template":"","meta":{"_acf_changed":false},"product_brand":[],"product_cat":[360,335,361,362,529,532],"product_tag":[423,430,429,431],"class_list":{"0":"post-11292","1":"product","2":"type-product","3":"status-publish","4":"has-post-thumbnail","6":"product_cat-cadeautips","7":"product_cat-a_baby_brand","8":"product_cat-babyshower","9":"product_cat-cadeaus-tot-e-25","10":"product_cat-katoenen-babykleertjes","11":"product_cat-katoenen-babybroekjes","12":"product_tag-a-baby-brand","13":"product_tag-babykleding","14":"product_tag-bloomers","15":"product_tag-wollen-babykleding","16":"pa_maat-0-maanden","17":"pa_maat-3-maanden","18":"pa_maat-6-maanden","20":"first","21":"instock","22":"taxable","23":"shipping-taxable","24":"purchasable","25":"product-type-variable"},"acf":[],"_links":{"self":[{"href":"https:\/\/woolskins.eu\/pt\/wp-json\/wp\/v2\/product\/11292","targetHints":{"allow":["GET"]}}],"collection":[{"href":"https:\/\/woolskins.eu\/pt\/wp-json\/wp\/v2\/product"}],"about":[{"href":"https:\/\/woolskins.eu\/pt\/wp-json\/wp\/v2\/types\/product"}],"replies":[{"embeddable":true,"href":"https:\/\/woolskins.eu\/pt\/wp-json\/wp\/v2\/comments?post=11292"}],"wp:featuredmedia":[{"embeddable":true,"href":"https:\/\/woolskins.eu\/pt\/wp-json\/wp\/v2\/media\/11290"}],"wp:attachment":[{"href":"https:\/\/woolskins.eu\/pt\/wp-json\/wp\/v2\/media?parent=11292"}],"wp:term":[{"taxonomy":"product_brand","embeddable":true,"href":"https:\/\/woolskins.eu\/pt\/wp-json\/wp\/v2\/product_brand?post=11292"},{"taxonomy":"product_cat","embeddable":true,"href":"https:\/\/woolskins.eu\/pt\/wp-json\/wp\/v2\/product_cat?post=11292"},{"taxonomy":"product_tag","embeddable":true,"href":"https:\/\/woolskins.eu\/pt\/wp-json\/wp\/v2\/product_tag?post=11292"}],"curies":[{"name":"wp","href":"https:\/\/api.w.org\/{rel}","templated":true}]}}