{"id":11038,"date":"2022-05-31T13:47:03","date_gmt":"2022-05-31T13:47:03","guid":{"rendered":"https:\/\/woolskins.eu\/?post_type=product&#038;p=11038"},"modified":"2026-05-12T13:24:45","modified_gmt":"2026-05-12T13:24:45","slug":"almofadas-de-amamentacao-lanacare-la","status":"publish","type":"product","link":"https:\/\/woolskins.eu\/pt\/lanacare-zoogcompressen-wol\/","title":{"rendered":"Almofadas de amamenta\u00e7\u00e3o em l\u00e3 LanaCare"},"content":{"rendered":"<p>As almofadas de amamenta\u00e7\u00e3o em l\u00e3 LanaCare foram especialmente concebidas para as m\u00e3es que amamentam. Proporcionam as melhores condi\u00e7\u00f5es para uma amamenta\u00e7\u00e3o prolongada bem sucedida e sem problemas.<\/p>\n<p>Estas almofadas de amamenta\u00e7\u00e3o em l\u00e3 s\u00e3o maravilhosamente macias e mant\u00eam os seios quentes e protegidos. O calor natural da l\u00e3 estimula a circula\u00e7\u00e3o e proporciona um al\u00edvio calmante durante a amamenta\u00e7\u00e3o.<\/p>\n<p>A l\u00e3 absorve a humidade sem a sentir molhada e mant\u00e9m o peito quente e confort\u00e1vel. As almofadas de amamenta\u00e7\u00e3o LanaCare cont\u00eam lanolina natural e acalmam os mamilos doridos e gretados.<\/p>\n<p>A LanaCare recomenda a utiliza\u00e7\u00e3o de um tamanho que cubra todo o peito. As almofadas de amamenta\u00e7\u00e3o LanaCare s\u00e3o fornecidas aos pares.<\/p>\n<h5 class=\"font_4\">Almofadas de amamenta\u00e7\u00e3o LANACare<\/h5>\n<p class=\"font_8\">As almofadas de suc\u00e7\u00e3o de l\u00e3 LANACare foram concebidas pela LANACare especialmente para as m\u00e3es que amamentam. Oferecem as melhores condi\u00e7\u00f5es para um per\u00edodo de amamenta\u00e7\u00e3o bem sucedido e prolongado.<\/p>\n<p class=\"font_8\">As compressas de l\u00e3 s\u00e3o extremamente macias e confort\u00e1veis, mantendo os seios quentes e c\u00f3modos. O calor natural da l\u00e3 estimula a circula\u00e7\u00e3o e proporciona um al\u00edvio calmante durante a amamenta\u00e7\u00e3o. A l\u00e3 merino absorve a humidade sem dar uma sensa\u00e7\u00e3o de humidade e frio.<\/p>\n<p class=\"font_8\">As almofadas de amamenta\u00e7\u00e3o LanaCare cont\u00eam lanolina natural, que acalma os mamilos doridos e tem propriedades anti-bacterianas. Recomenda-se a utiliza\u00e7\u00e3o de um tamanho que cubra todo o peito. Os discos podem ser utilizados durante todo o ano. Mesmo no ver\u00e3o!<\/p>\n<div id=\"comp-knyogau5\" class=\"_1Q9if\" data-testid=\"richTextElement\">\n<h5 class=\"font_4\">Vantagens das almofadas de amamenta\u00e7\u00e3o de l\u00e3:<\/h5>\n<ul class=\"font_8\">\n<li>\n<p class=\"font_8\">A maioria das mulheres s\u00f3 precisa de 2-3 pares para todo o per\u00edodo de amamenta\u00e7\u00e3o. Portanto, isto \u00e9 econ\u00f3mico, sustent\u00e1vel e amigo do ambiente!<\/p>\n<\/li>\n<li>\n<p class=\"font_8\">A l\u00e3 absorve a humidade e mant\u00e9m a pele seca e confort\u00e1vel, mesmo em climas quentes. Quando h\u00famidos, os discos de amamenta\u00e7\u00e3o ficam secos e n\u00e3o arrefecem como os discos de algod\u00e3o ou de papel.<\/p>\n<\/li>\n<li>\n<p class=\"font_8\">A pele mant\u00e9m-se seca e pode respirar, permitindo a cicatriza\u00e7\u00e3o dos mamilos doridos.<\/p>\n<\/li>\n<li>\n<p class=\"font_8\">Como as almofadas de amamenta\u00e7\u00e3o LANACare cont\u00eam lanolina, a utiliza\u00e7\u00e3o da pomada para os mamilos LanaCare \u00e9 uma combina\u00e7\u00e3o perfeita para tratar os mamilos doridos.<\/p>\n<\/li>\n<li>\n<p class=\"font_8\">H\u00e1 s\u00e9culos que os obstetras e parteiras escandinavos aconselham as m\u00e3es a manter os seios quentes para evitar a obstru\u00e7\u00e3o dos canais de leite e a mastite (infe\u00e7\u00e3o mam\u00e1ria).<\/p>\n<\/li>\n<li>\n<p class=\"font_8\">Os tamanhos maiores oferecem uma cobertura protetora de todo o peito. O rebordo deste tamanho de protectores de seios fica mais saliente sobre o peito, pelo que os protectores ficam invis\u00edveis sob a roupa.<\/p>\n<\/li>\n<\/ul>\n<\/div>\n<div id=\"comp-knyoktft\" class=\"_1Q9if\" data-testid=\"richTextElement\">\n<h5 class=\"font_2\">Qualidade<\/h5>\n<p class=\"font_8\">A l\u00e3 selecionada para os produtos LanaCare \u00e9 tratada com especial cuidado. Utilizamos apenas l\u00e3 que cumpre os mais elevados requisitos ambientais europeus. Testes regulares comprovam que a nossa l\u00e3 est\u00e1 isenta de subst\u00e2ncias nocivas. As pastagens onde as ovelhas pastam est\u00e3o isentas de fertilizantes artificiais e pesticidas e n\u00e3o s\u00e3o utilizados produtos qu\u00edmicos agressivos para lavar a l\u00e3. Apenas a l\u00e3 merino mais macia \u00e9 utilizada nos produtos LANACare.<\/p>\n<h5><strong>Cuidados com as almofadas de enfermagem<\/strong><\/h5>\n<h5><strong>Lavagem<\/strong><\/h5>\n<p>Lavar \u00e0 m\u00e3o em \u00e1gua t\u00e9pida com LANACare Lanolin Soap para repor o teor de lanolina da l\u00e3. Tanto a \u00e1gua fria como a \u00e1gua quente podem irritar as fibras da l\u00e3, fazendo-as sentir e\/ou encolher. A \u00e1gua quente tamb\u00e9m retira a lanolina da l\u00e3. Utilize apenas sab\u00e3o de lanolina suficiente para manter a \u00e1gua ligeiramente espumosa. Coloque suavemente as almofadas na \u00e1gua e deixe-as de molho durante 5 a 10 minutos.<\/p>\n<h5><strong>Bobinas<\/strong><\/h5>\n<p>Enxaguar com \u00e1gua morna. Utilize sempre \u00e1gua morna para lavar e enxaguar a l\u00e3. A \u00e1gua fria pode irritar as fibras da l\u00e3, provocando o seu encolhimento e\/ou feltragem.<\/p>\n<h5><strong>Secagem<\/strong><\/h5>\n<p>Colocar ou enrolar as almofadas de amamenta\u00e7\u00e3o numa toalha e espremer o excesso de \u00e1gua. Sacudir r\u00e1pida e vigorosamente as almofadas para recuperar a sua forma e elasticidade. Colocar as almofadas a secar, de prefer\u00eancia sobre uma fonte de calor suave.<\/p>\n<h5 class=\"font_8\"><span class=\"wixGuard\">\u200b<\/span>Certificados<\/h5>\n<p class=\"font_8\">LanaCare utiliza apenas l\u00e3 org\u00e2nica certificada e n\u00e3o tratada quimicamente.<\/p>\n<p class=\"font_8\">A l\u00e3 LanaCare possui o certificado internacional Oeko-Tex, emitido pela Associa\u00e7\u00e3o Internacional para a Investiga\u00e7\u00e3o e Ensaios em Ecologia T\u00eaxtil (Oeko-Tex), com sede na Su\u00ed\u00e7a, e recentemente tamb\u00e9m o certificado KbT. Este certificado \u00e9 atribu\u00eddo se as pastagens onde as ovelhas pastam estiverem isentas de fertilizantes artificiais e pesticidas e se n\u00e3o forem utilizados produtos qu\u00edmicos agressivos para lavar a l\u00e3. A l\u00e3 \u00e9 t\u00e3o pura nas nossas ovelhas como o \u00e9 mais tarde na roupa do seu beb\u00e9.<\/p>\n<h5 class=\"font_8\"><span class=\"wixGuard\">\u200b<\/span>Os produtos LANACare possuem os seguintes certificados internacionais:<\/h5>\n<p class=\"font_8\">- GOTS - Global Organic Textile Standard O Global Organic Textile Standard (GOTS) \u00e9 reconhecido como a principal norma de processamento para t\u00eaxteis fabricados a partir de fibras org\u00e2nicas em todo o mundo. Define crit\u00e9rios ambientais de alto n\u00edvel ao longo de toda a cadeia de fornecimento de t\u00eaxteis org\u00e2nicos e tamb\u00e9m exige o cumprimento de crit\u00e9rios sociais.<\/p>\n<p class=\"font_8\">- IVN BEST e KBT - Naturtextil IVN certified BEST Este selo de qualidade, bem conhecido na Europa, estabelece atualmente a norma ecol\u00f3gica mais rigorosa para a produ\u00e7\u00e3o t\u00eaxtil ao mais alto n\u00edvel t\u00e9cnico poss\u00edvel.<br \/>\nO BEST reflecte as normas para t\u00eaxteis ecol\u00f3gicos desenvolvidas pela Associa\u00e7\u00e3o Internacional da Ind\u00fastria de T\u00eaxteis Naturais (IVN) desde 1990 e avalia toda a cadeia de produ\u00e7\u00e3o t\u00eaxtil em termos de normas ecol\u00f3gicas e de responsabilidade social.<\/p>\n<p class=\"font_8\">- O IVN Best excede a norma GOTS, que permite at\u00e9 30% de fibras n\u00e3o org\u00e2nicas. A produ\u00e7\u00e3o ao abrigo da IVN cumpre a norma GOTS. A utiliza\u00e7\u00e3o do selo IVN exige a ades\u00e3o e a certifica\u00e7\u00e3o de acordo com as normas IVN.<\/p>\n<p class=\"font_8\">- As l\u00e3s dos programas da cadeia de abastecimento da IVN prov\u00eam de gado biol\u00f3gico certificado (tamb\u00e9m conhecido como kbT).<\/p>\n<p class=\"font_8\">- N\u00e3o se aplicou mulesing \u00e0s ovelhas - uma forma muito criticada de \u2018vacinar\u2019 as ovelhas na Austr\u00e1lia.<\/p>\n<p class=\"font_8\">- O creme para o peito LANAcare recebeu o r\u00f3tulo \u2018A\u2019 da Associa\u00e7\u00e3o Dinamarquesa de Consumidores porque n\u00e3o foram encontrados produtos qu\u00edmicos problem\u00e1ticos no creme.<\/p>\n<\/div>\n<div id=\"comp-knyoha3p\" class=\"_1Q9if\" data-testid=\"richTextElement\">\n<h5 class=\"font_2\">Hist\u00f3ria da LANACare<\/h5>\n<p class=\"font_8\">A LANACare foi fundada pela enfermeira dinamarquesa Jeannette Almstr\u00f8m na Dinamarca em 1990. Como m\u00e3e de tr\u00eas filhos, Jeannette Almstr\u00f8m desenvolveu uma gama de produtos para m\u00e3es e beb\u00e9s em l\u00e3 merino pura e org\u00e2nica. O seu passado como enfermeira e a sua forma\u00e7\u00e3o profissional em t\u00eaxteis e design provaram ser uma combina\u00e7\u00e3o perfeita de compet\u00eancias. Cada artigo da LANACare foi concebido para promover a sa\u00fade e o bem-estar da m\u00e3e e do beb\u00e9, proporcionando o conforto calmante e o calor respir\u00e1vel que s\u00f3 a l\u00e3 pura pode proporcionar.<\/p>\n<p class=\"font_8\"><span class=\"wixGuard\">\u200b<\/span>Atualmente, todas as actividades da LANACare s\u00e3o geridas pela pr\u00f3pria Jeannette Almtr\u00f8m, que \u00e9 apaixonada por encontrar materiais novos e sustent\u00e1veis para utilizar em novos produtos que n\u00e3o s\u00f3 promovam a sa\u00fade de um indiv\u00edduo, mas tamb\u00e9m a da nossa M\u00e3e Terra.<\/p>\n<p class=\"font_8\"><span class=\"wixGuard\">\u200b<\/span>Ao longo dos anos, os volumes de produ\u00e7\u00e3o e distribui\u00e7\u00e3o da LANACare desenvolveram-se enormemente. Os produtos s\u00e3o atualmente vendidos em 28 pa\u00edses em todo o mundo.<\/p>\n<\/div>","protected":false},"excerpt":{"rendered":"<p>O aleitamento materno \u00e9 o melhor alimento para o seu beb\u00e9. Protege o seu beb\u00e9 de doen\u00e7as e tamb\u00e9m \u00e9 bom para a sua sa\u00fade. Por exemplo, ajuda-a a recuperar rapidamente o seu peso. As almofadas de amamenta\u00e7\u00e3o ultra macias LanaCare s\u00e3o uma boa escolha para este efeito.<\/p>","protected":false},"featured_media":5511,"comment_status":"closed","ping_status":"closed","template":"","meta":{"_acf_changed":false},"product_brand":[],"product_cat":[349,353,225],"product_tag":[],"class_list":{"0":"post-11038","1":"product","2":"type-product","3":"status-publish","4":"has-post-thumbnail","6":"product_cat-borstvoedingenvoedingskussens","7":"product_cat-lanacare","8":"product_cat-tepelzalf-zoogcompressen","9":"pa_maat-zoogcompres-l-22cm","10":"pa_maat-zoogcompres-m-18cm","11":"pa_maat-zoogcompres-mini-10cm","12":"pa_maat-zoogcompres-s-15cm","13":"pa_maat-zoogcompres-xs-12cm","15":"first","16":"instock","17":"taxable","18":"shipping-taxable","19":"purchasable","20":"product-type-variable"},"acf":[],"_links":{"self":[{"href":"https:\/\/woolskins.eu\/pt\/wp-json\/wp\/v2\/product\/11038","targetHints":{"allow":["GET"]}}],"collection":[{"href":"https:\/\/woolskins.eu\/pt\/wp-json\/wp\/v2\/product"}],"about":[{"href":"https:\/\/woolskins.eu\/pt\/wp-json\/wp\/v2\/types\/product"}],"replies":[{"embeddable":true,"href":"https:\/\/woolskins.eu\/pt\/wp-json\/wp\/v2\/comments?post=11038"}],"wp:featuredmedia":[{"embeddable":true,"href":"https:\/\/woolskins.eu\/pt\/wp-json\/wp\/v2\/media\/5511"}],"wp:attachment":[{"href":"https:\/\/woolskins.eu\/pt\/wp-json\/wp\/v2\/media?parent=11038"}],"wp:term":[{"taxonomy":"product_brand","embeddable":true,"href":"https:\/\/woolskins.eu\/pt\/wp-json\/wp\/v2\/product_brand?post=11038"},{"taxonomy":"product_cat","embeddable":true,"href":"https:\/\/woolskins.eu\/pt\/wp-json\/wp\/v2\/product_cat?post=11038"},{"taxonomy":"product_tag","embeddable":true,"href":"https:\/\/woolskins.eu\/pt\/wp-json\/wp\/v2\/product_tag?post=11038"}],"curies":[{"name":"wp","href":"https:\/\/api.w.org\/{rel}","templated":true}]}}