{"id":7910,"date":"2022-03-03T15:16:22","date_gmt":"2022-03-03T15:16:22","guid":{"rendered":"https:\/\/woolskins.eu\/?post_type=product&#038;p=7910"},"modified":"2026-01-30T13:19:53","modified_gmt":"2026-01-30T13:19:53","slug":"onderhoudsborstel-2","status":"publish","type":"product","link":"https:\/\/woolskins.eu\/pl\/onderhoudsborstel-2\/","title":{"rendered":"Szczotka do konserwacji"},"content":{"rendered":"<p>Utrzymanie sier\u015bci najlepiej wykonywa\u0107 poprzez regularne wietrzenie jej na zewn\u0105trz, wybijanie jej i kr\u00f3tkie szczotkowanie. W ten spos\u00f3b zachowasz pi\u0119kny wygl\u0105d swojej sier\u015bci przez d\u0142ugi czas bez jej spl\u0105tania.<\/p>\n<p>\u2013 Szczotka do piel\u0119gnacji 14cm.<\/p>\n<p>Je\u015bli masz p\u0142aszcz, kt\u00f3ry mo\u017cna pra\u0107 (klasa medyczna, z\u0142ocisto\u017c\u00f3\u0142ty p\u0142aszcz), zalecamy jak najd\u0142u\u017csze odczekanie przed jego wypraniem. Zwykle w razie drobnego wypadku wystarczy przetrze\u0107 wilgotn\u0105 myjk\u0105, nast\u0119pnie pozostawi\u0107 do wyschni\u0119cia\/przewietrzy\u0107 i kr\u00f3tko wyczesa\u0107.<\/p>","protected":false},"excerpt":{"rendered":"<p>Ten zestaw piel\u0119gnacyjny jest przeznaczony specjalnie do piel\u0119gnacji (nadaj\u0105cych si\u0119 do prania) sk\u00f3r owczych. Ekologiczny detergent na bazie oliwy z oliwek ma dzia\u0142anie nat\u0142uszczaj\u0105ce i zawiera lanolin\u0119, kt\u00f3ra pomaga zachowa\u0107 zdrowe w\u0142a\u015bciwo\u015bci i spr\u0119\u017cysto\u015b\u0107 sier\u015bci. 250 ml = pranie 5x.<\/p>","protected":false},"featured_media":7906,"comment_status":"closed","ping_status":"closed","template":"","meta":{"_acf_changed":false},"product_brand":[],"product_cat":[357,216,222,354],"product_tag":[],"class_list":{"0":"post-7910","1":"product","2":"type-product","3":"status-publish","4":"has-post-thumbnail","6":"product_cat-onderhoud","7":"product_cat-schapenvacht-voor-baby","8":"product_cat-buggy-schapenvachtjes","9":"product_cat-woolskins","11":"first","12":"instock","13":"taxable","14":"shipping-taxable","15":"purchasable","16":"product-type-simple"},"acf":[],"_links":{"self":[{"href":"https:\/\/woolskins.eu\/pl\/wp-json\/wp\/v2\/product\/7910","targetHints":{"allow":["GET"]}}],"collection":[{"href":"https:\/\/woolskins.eu\/pl\/wp-json\/wp\/v2\/product"}],"about":[{"href":"https:\/\/woolskins.eu\/pl\/wp-json\/wp\/v2\/types\/product"}],"replies":[{"embeddable":true,"href":"https:\/\/woolskins.eu\/pl\/wp-json\/wp\/v2\/comments?post=7910"}],"wp:featuredmedia":[{"embeddable":true,"href":"https:\/\/woolskins.eu\/pl\/wp-json\/wp\/v2\/media\/7906"}],"wp:attachment":[{"href":"https:\/\/woolskins.eu\/pl\/wp-json\/wp\/v2\/media?parent=7910"}],"wp:term":[{"taxonomy":"product_brand","embeddable":true,"href":"https:\/\/woolskins.eu\/pl\/wp-json\/wp\/v2\/product_brand?post=7910"},{"taxonomy":"product_cat","embeddable":true,"href":"https:\/\/woolskins.eu\/pl\/wp-json\/wp\/v2\/product_cat?post=7910"},{"taxonomy":"product_tag","embeddable":true,"href":"https:\/\/woolskins.eu\/pl\/wp-json\/wp\/v2\/product_tag?post=7910"}],"curies":[{"name":"wp","href":"https:\/\/api.w.org\/{rel}","templated":true}]}}