{"id":7909,"date":"2022-03-03T15:02:21","date_gmt":"2022-03-03T15:02:21","guid":{"rendered":"https:\/\/woolskins.eu\/?post_type=product&#038;p=7909"},"modified":"2024-12-05T11:12:27","modified_gmt":"2024-12-05T11:12:27","slug":"ecologisch-wolwasmiddel-met-lanoline","status":"publish","type":"product","link":"https:\/\/woolskins.eu\/pl\/ecologisch-wolwasmiddel-met-lanoline\/","title":{"rendered":"Ekologiczny p\u0142yn do prania we\u0142ny z lanolin\u0105"},"content":{"rendered":"<p>Ten detergent do we\u0142ny skutecznie, ale delikatnie czy\u015bci we\u0142niane ubrania i delikatne tkaniny. Zar\u00f3wno do prania r\u0119cznego, jak i do delikatnego prania w pralce. Dodano dodatkow\u0105 lanolin\u0119, aby odnowi\u0107 produkt we\u0142niany i uczyni\u0107 go cudownie mi\u0119kkim.<\/p>\n<p>\u2013 Bez rozja\u015bniaczy optycznych.<br \/>\n&#8211; 250 ml (genoeg voor 5x je wasbare schapenvacht wassen).<br \/>\n\u2013 Do pralki i prania r\u0119cznego w temperaturze do 40\u00b0C.<br \/>\n&#8211; <i class=\"sui sui-leaf\"><\/i>Baza ro\u015blinna, bez oleju palmowego.<\/p>\n<p>Szukasz dobrego ekologicznego \u015brodka pior\u0105cego do we\u0142ny i jedwabiu? W takim razie wypr\u00f3buj nasz \u015brodek do prania we\u0142ny i delikatny \u015brodek do prania na bazie myd\u0142a z oliw\u0105 z oliwek. Naturalnie skutecznie czy\u015bci i usuwa plamy, nawet w niskich temperaturach. Ten detergent do we\u0142ny zosta\u0142 opracowany z my\u015bl\u0105 o skutecznym czyszczeniu i nie zawiera \u017cadnych wybielaczy optycznych.<\/p>\n<p>Nie ma to wp\u0142ywu na naturalny t\u0142uszcz we\u0142niany w odzie\u017cy we\u0142nianej, dzi\u0119ki czemu zachowuje ona swoj\u0105 mi\u0119kko\u015b\u0107, tekstur\u0119 i wygl\u0105d. Ten ekologiczny detergent do we\u0142ny nie zawiera oleju palmowego, optycznych wzmacniaczy koloru ani silikon\u00f3w.<\/p>\n<p>Je\u015bli chcesz wypra\u0107 sw\u00f3j nadaj\u0105cy si\u0119 do prania p\u0142aszcz (fartuchy medyczne, z\u0142ocisto\u017c\u00f3\u0142te), mo\u017cesz to zrobi\u0107 r\u00f3wnie\u017c za pomoc\u0105 tego detergentu.<\/p>","protected":false},"excerpt":{"rendered":"<p>Zoek je een goed ecologisch wasmiddel voor wol &amp; zijde? Probeer dan ons wolwasmiddel en fijnwasmiddel op basis van olijfoliezeep. Het wast op natuurlijke wijze effici\u00ebnt schoon en verwijdert vlekken, ook op lage temperaturen. Inhoud: 250 ml.<\/p>","protected":false},"featured_media":7908,"comment_status":"closed","ping_status":"closed","template":"","meta":{"_acf_changed":false},"product_brand":[],"product_cat":[357,216,354],"product_tag":[],"class_list":{"0":"post-7909","1":"product","2":"type-product","3":"status-publish","4":"has-post-thumbnail","6":"product_cat-onderhoud","7":"product_cat-schapenvacht-voor-baby","8":"product_cat-woolskins","10":"first","11":"instock","12":"taxable","13":"shipping-taxable","14":"purchasable","15":"product-type-simple"},"acf":[],"_links":{"self":[{"href":"https:\/\/woolskins.eu\/pl\/wp-json\/wp\/v2\/product\/7909","targetHints":{"allow":["GET"]}}],"collection":[{"href":"https:\/\/woolskins.eu\/pl\/wp-json\/wp\/v2\/product"}],"about":[{"href":"https:\/\/woolskins.eu\/pl\/wp-json\/wp\/v2\/types\/product"}],"replies":[{"embeddable":true,"href":"https:\/\/woolskins.eu\/pl\/wp-json\/wp\/v2\/comments?post=7909"}],"wp:featuredmedia":[{"embeddable":true,"href":"https:\/\/woolskins.eu\/pl\/wp-json\/wp\/v2\/media\/7908"}],"wp:attachment":[{"href":"https:\/\/woolskins.eu\/pl\/wp-json\/wp\/v2\/media?parent=7909"}],"wp:term":[{"taxonomy":"product_brand","embeddable":true,"href":"https:\/\/woolskins.eu\/pl\/wp-json\/wp\/v2\/product_brand?post=7909"},{"taxonomy":"product_cat","embeddable":true,"href":"https:\/\/woolskins.eu\/pl\/wp-json\/wp\/v2\/product_cat?post=7909"},{"taxonomy":"product_tag","embeddable":true,"href":"https:\/\/woolskins.eu\/pl\/wp-json\/wp\/v2\/product_tag?post=7909"}],"curies":[{"name":"wp","href":"https:\/\/api.w.org\/{rel}","templated":true}]}}