{"id":7854,"date":"2022-03-02T11:30:06","date_gmt":"2022-03-02T11:30:06","guid":{"rendered":"https:\/\/woolskins.eu\/?post_type=product&#038;p=7854"},"modified":"2025-09-30T14:01:45","modified_gmt":"2025-09-30T14:01:45","slug":"skiep-woolcare-lanoline-spray","status":"publish","type":"product","link":"https:\/\/woolskins.eu\/pl\/skiep-woolcare-lanoline-spray\/","title":{"rendered":"Pomi\u0144 Woolcare | Lanolina w sprayu"},"content":{"rendered":"<p>Naturalnie bezwonny spray lanolinowy holenderskiej marki Skiep Woolcare. Wykonane z organicznych i naturalnych sk\u0142adnik\u00f3w 100%.<\/p>\n<p>Idealny do piel\u0119gnacji sk\u00f3r owczych i odzie\u017cy we\u0142nianej. Szybko i \u0142atwo od\u017cywia, piel\u0119gnuje i chroni Twoj\u0105 ulubion\u0105 we\u0142nian\u0105 odzie\u017c.<\/p>\n<p>\u2013 Zawarto\u015b\u0107: 100 ml<br \/>\n\u2013 Sk\u0142adniki: woda, zmydlone organiczne oleje z oliwek, kokosa i s\u0142onecznika, lanolina.<\/p>\n<p>Lanolina znana jest ze swojego dzia\u0142ania od\u017cywczego i odka\u017caj\u0105cego. Mo\u017ce dzia\u0142a\u0107 koj\u0105co na wra\u017cliw\u0105 i\/lub podra\u017cnion\u0105 sk\u00f3r\u0119. <span style=\"font-style: var(--fontStyle, inherit); font-weight: var(--fontWeight); letter-spacing: var(--letterSpacing); text-transform: var(--textTransform);\">Butelki maj\u0105 nieco szary \/ szary kolor. To dlatego, \u017ce s\u0105 wykonane z plastiku pochodz\u0105cego z recyklingu!<\/span><\/p>\n<p>Stosowanie:<\/p>\n<p>Wstrz\u0105sn\u0105\u0107 delikatnie przed u\u017cyciem. Spryskaj \u015bwie\u017co wypran\u0105, ulubion\u0105 we\u0142nian\u0105 odzie\u017c lub sk\u00f3r\u0119 owcz\u0105 Skiep Lanolin Spray. Nast\u0119pnie delikatnie wmasuj roztw\u00f3r lanoliny we w\u0142\u00f3kna, a nast\u0119pnie zawie\u015b ubranie na chwil\u0119, aby lanolina mog\u0142a zosta\u0107 odpowiednio wch\u0142oni\u0119ta przez we\u0142n\u0119.<\/p>\n<p>Uwaga: Lanolina w sprayu nie wymaga sp\u0142ukiwania.<\/p>\n<div id=\"jw-element-126665088\" class=\"jw-tree-node jw-element jw-text jw-node-is-first-child jw-image-text\" data-jw-element-id=\"126665088\">\n<div class=\"jw-element-imagetext-text\">\n<h5 class=\"jw-heading-100\">Skiep Piel\u0119gnacja we\u0142ny<\/h5>\n<\/div>\n<\/div>\n<div id=\"jw-element-126755716\" class=\"jw-tree-node jw-element jw-text jw-node-is-last-child jw-image-text\" data-jw-element-id=\"126755716\">\n<div class=\"jw-element-imagetext-text\">\n<p>Wytwarzanie myde\u0142 to moje hobby od lat, wywodz\u0105ce si\u0119 z nieustannych poszukiwa\u0144 naturalnych (piel\u0119gnacyjnych) produkt\u00f3w, na kt\u00f3re moja sk\u00f3ra dobrze reaguje. Dodaj do tego moj\u0105 wielk\u0105 mi\u0142o\u015b\u0107 do we\u0142ny, a pomys\u0142 na Skiep Woolcare ju\u017c by\u0142!<\/p>\n<p>Po wielu badaniach i testach w ko\u0144cu sformu\u0142owa\u0142em dobry przepis na moje myd\u0142o do prania we\u0142ny organicznej z lanolin\u0105. Dzi\u0119ki wysokiej zawarto\u015bci lanoliny myd\u0142o sprawia, \u017ce we\u0142na jest cudownie \u015bwie\u017ca i mi\u0119kka. Nieco p\u00f3\u017aniej opracowa\u0142em r\u00f3wnie\u017c spray z lanolin\u0105 organiczn\u0105. Jest rzecz\u0105 oczywist\u0105, \u017ce u\u017cy\u0142em tylko organicznych i naturalnych sk\u0142adnik\u00f3w. Mam nadziej\u0119, \u017ce jeste\u015bcie tak podekscytowani jak ja!<\/p>\n<h5>Czy wiedzia\u0142e\u015b:<\/h5>\n<p>\u2013 Nasze myd\u0142a do prania we\u0142ny lanolinowej s\u0105 wykonane z organicznych olej\u00f3w ro\u015blinnych (i naturalnej lanoliny) i czy nie zawieraj\u0105 oleju palmowego?<br \/>\n\u2013 Czy dla wszystkich myde\u0142 wykorzystali\u015bmy maksymaln\u0105 dozwolon\u0105 ilo\u015b\u0107 olejku eterycznego zgodnie z normami UE? Zapach jest zatem dobrze obecny, ale nie ekstremalny.<br \/>\n\u2013 Ka\u017cde myd\u0142o ma inny wygl\u0105d? Jeden jest nieco bardziej szorstki z wygl\u0105du ni\u017c drugi. To dlatego, \u017ce nasze myd\u0142a s\u0105 wykonywane r\u0119cznie i s\u0105 r\u00f3wnie\u017c ci\u0119te r\u0119cznie.<br \/>\n\u2013 Czasami na mydle mo\u017ce by\u0107 widoczna bia\u0142a \u201emgie\u0142ka\u201d lub bia\u0142e plamy? Nazywa si\u0119 to popio\u0142em mydlanym i jest naturaln\u0105 reakcj\u0105 mi\u0119dzy wszystkimi sk\u0142adnikami a tlenem. Jest to wi\u0119c kwestia czysto kosmetyczna i nie wp\u0142ywa na jako\u015b\u0107 myd\u0142a. Poniewa\u017c kochamy czyst\u0105 natur\u0119, zdecydowali\u015bmy si\u0119 nie dodawa\u0107 \u017cadnych innych substancji, aby temu zapobiec.<br \/>\n\u2013 Nasze materia\u0142y opakowaniowe itp. s\u0105 wykonane z materia\u0142\u00f3w pochodz\u0105cych z recyklingu? Na przyk\u0142ad br\u0105zowe papiery otaczaj\u0105ce myd\u0142a do 80% nadaj\u0105 si\u0119 do kompostowania, a butelki z lanolin\u0105 w aerozolu s\u0105 wykonane z plastiku 100% pochodz\u0105cego z recyklingu!<\/p>\n<p>&nbsp;<\/p>\n<\/div>\n<\/div>","protected":false},"excerpt":{"rendered":"<p>Spray do lanoliny Skiep Woolcare jest idealny do piel\u0119gnacji sk\u00f3r owczych i odzie\u017cy we\u0142nianej. Szybko i \u0142atwo od\u017cywia, piel\u0119gnuje i chroni Twoj\u0105 ulubion\u0105 we\u0142nian\u0105 odzie\u017c.<\/p>","protected":false},"featured_media":7853,"comment_status":"open","ping_status":"closed","template":"","meta":{"_acf_changed":false},"product_brand":[],"product_cat":[349,200,31,352,357,216,222,356,196,210],"product_tag":[],"class_list":{"0":"post-7854","1":"product","2":"type-product","3":"status-publish","4":"has-post-thumbnail","6":"product_cat-borstvoedingenvoedingskussens","7":"product_cat-wollen-babykleding","8":"product_cat-yogamat-wol","9":"product_cat-merken","10":"product_cat-onderhoud","11":"product_cat-schapenvacht-voor-baby","12":"product_cat-buggy-schapenvachtjes","13":"product_cat-skiep-woolcare","14":"product_cat-slaapkleding-baby","15":"product_cat-wollen-voedingskussen","17":"first","18":"outofstock","19":"taxable","20":"shipping-taxable","21":"purchasable","22":"product-type-simple"},"acf":[],"_links":{"self":[{"href":"https:\/\/woolskins.eu\/pl\/wp-json\/wp\/v2\/product\/7854","targetHints":{"allow":["GET"]}}],"collection":[{"href":"https:\/\/woolskins.eu\/pl\/wp-json\/wp\/v2\/product"}],"about":[{"href":"https:\/\/woolskins.eu\/pl\/wp-json\/wp\/v2\/types\/product"}],"replies":[{"embeddable":true,"href":"https:\/\/woolskins.eu\/pl\/wp-json\/wp\/v2\/comments?post=7854"}],"wp:featuredmedia":[{"embeddable":true,"href":"https:\/\/woolskins.eu\/pl\/wp-json\/wp\/v2\/media\/7853"}],"wp:attachment":[{"href":"https:\/\/woolskins.eu\/pl\/wp-json\/wp\/v2\/media?parent=7854"}],"wp:term":[{"taxonomy":"product_brand","embeddable":true,"href":"https:\/\/woolskins.eu\/pl\/wp-json\/wp\/v2\/product_brand?post=7854"},{"taxonomy":"product_cat","embeddable":true,"href":"https:\/\/woolskins.eu\/pl\/wp-json\/wp\/v2\/product_cat?post=7854"},{"taxonomy":"product_tag","embeddable":true,"href":"https:\/\/woolskins.eu\/pl\/wp-json\/wp\/v2\/product_tag?post=7854"}],"curies":[{"name":"wp","href":"https:\/\/api.w.org\/{rel}","templated":true}]}}