{"id":7718,"date":"2022-02-15T15:16:34","date_gmt":"2022-02-15T15:16:34","guid":{"rendered":"https:\/\/woolskins.eu\/?post_type=product&#038;p=7718"},"modified":"2025-06-16T09:53:47","modified_gmt":"2025-06-16T09:53:47","slug":"baby-shorts-alpaca-wol-katoen-ecru","status":"publish","type":"product","link":"https:\/\/woolskins.eu\/pl\/baby-shorts-alpaca-wol-katoen-ecru\/","title":{"rendered":"Spodenki niemowl\u0119ce Alpaka We\u0142na i Bawe\u0142na | ecru"},"content":{"rendered":"<p>Idealne szorty dla Twojego malucha, aby czu\u0142 si\u0119 wolny i biega\u0142 po swoich przygodach. Po\u0142\u0105cz te szorty z naszymi bawe\u0142nianymi skarpetami z alpaki, aby uzyska\u0107 idealne dopasowanie.<\/p>\n<p>Wykonane z niebarwionej mieszanki bawe\u0142ny organicznej i delikatnej baby alpaki, aby sk\u00f3ra mog\u0142a oddycha\u0107, zapewniaj\u0105c Twojemu pupilowi \u015bwie\u017co\u015b\u0107 i wygod\u0119 przez ca\u0142y rok. Te szorty maj\u0105 zawi\u0105zywan\u0105 kokardk\u0119 do regulacji talii.<\/p>\n<p>\u2013 Jeden rozmiar 0-3 miesi\u0105ce<br \/>\n\u2013 Jest lekki i bardzo mi\u0119kki<br \/>\n\u2013 Jest termiczny, wi\u0119c latem ch\u0142odzi, a zim\u0105 grzeje<br \/>\n\u2013 Jest 4 razy mniej \u201ewra\u017cliwa na zu\u017cycie\u201d ni\u017c we\u0142na merynosowa<br \/>\n- Nie kurczy si\u0119 po praniu<br \/>\n\u2013 35% delikatna we\u0142na z alpaki \u2013 65% bawe\u0142na organiczna<br \/>\n\u2013 100% organiczny zgodnie z Oeko-Tex\u00ae Standard 100<\/p>\n<p>We\u0142na z alpaki jest jeszcze bardziej mi\u0119kka ni\u017c we\u0142na z merynos\u00f3w i izoluje nieco lepiej ni\u017c zwyk\u0142a we\u0142na. Robi to dynamicznie, dzi\u0119ki czemu we\u0142na jest przyjemna i ciep\u0142a zim\u0105 i ch\u0142odna latem. Ma delikatny po\u0142ysk i dlatego wygl\u0105da bardzo luksusowo. We\u0142na baby alpaka to najdelikatniejsze w\u0142osie doros\u0142ej alpaki. Jest lekki i bardzo mi\u0119kki.<\/p>\n<h5 class=\"Text1893342656__root Text1893342656---typography-11-runningText Text1893342656---priority-7-primary s8gg2 _2UIKs InfoSectionTitle3095652555__root\" aria-hidden=\"false\" data-hook=\"info-section-title\">We\u0142na Baby Alpaka<\/h5>\n<div class=\"rah-static rah-static--height-auto\" aria-hidden=\"false\">\n<div>\n<div class=\"_1yvxJ fggS- cell\">\n<div class=\"WncCi\" data-hook=\"info-section-description\">\n<p>Struktura w\u0142\u00f3kien Baby Alpaca Wool jest bardzo cienka, a mi\u0119kko\u015b\u0107 jest por\u00f3wnywalna z we\u0142n\u0105 kaszmirow\u0105, ale jest jeszcze bardziej mi\u0119kka. We\u0142na alpaki jest znana ze swojej najwy\u017cszej jako\u015bci, jest bardzo mi\u0119kka w dotyku i hipoalergiczna. We\u0142na baby alpaka to najdelikatniejsza we\u0142na alpaki z pierwszej osnowy. Baby alpaka nie oznacza, \u017ce we\u0142na pochodzi od m\u0142odych alpak, ale \u017ce u\u017cywana jest tylko najlepsza we\u0142na. Ma \u015brednic\u0119 oko\u0142o 20 mikron\u00f3w, co jest niezwykle cienkie.Mikron to 0,001 milimetra. Im cie\u0144sza we\u0142na, tym bardziej mi\u0119kki produkt.<\/p>\n<h5>Ma\u0142y koliber<\/h5>\n<p class=\"\">PETIT KOLIBRI wywodzi si\u0119 z bezwarunkowej mi\u0142o\u015bci do autentycznych, ekologicznych i naturalnych produkt\u00f3w. Nasze produkty zrodzi\u0142y si\u0119 z nieustannego zaanga\u017cowania w promowanie zr\u00f3wnowa\u017conego rozwoju \u015brodowiska i \u015bwiadomego biznesu w lokalnych spo\u0142eczno\u015bciach Ameryki \u0141aci\u0144skiej.<\/p>\n<p class=\"\">Wszystkie nasze ubrania z ekologicznej alpaki i dzieci\u0119cej alpaki s\u0105 pozyskiwane z trosk\u0105 i uwag\u0105 w ramach wzajemnie korzystnych i przejrzystych relacji z naszymi dostawcami. Produkty ko\u0144cowe s\u0105 o\u017cywiane w uczciwych warunkach przez kolektyw rzemie\u015blnik\u00f3w z Kolumbii i Peru. Sprawiedliwy handel sta\u0142 si\u0119 nasz\u0105 naczeln\u0105 zasad\u0105.<\/p>\n<p class=\"\">Dzieci s\u0105 populacj\u0105 jutra. Wp\u0142yw, jaki wywr\u0105 na nasz\u0105 planet\u0119, zale\u017cy od zasad, kt\u00f3rych uczymy ich dzisiaj. Nasza minimalistyczna dzianina o organicznym designie jest stworzona na wszystkie ma\u0142e przygody!<\/p>\n<p>Naszym celem jest zapewnienie bezpiecznej odzie\u017cy i akcesori\u00f3w dla dzieci, poniewa\u017c wierzymy, \u017ce produkty, kt\u00f3rych dotykaj\u0105 dzieci, powinny by\u0107 w najczystszym i nienaruszonym stanie. Z dum\u0105 oferujemy produkty ekologiczne wolne od szkodliwych substancji, certyfikowane przez Standard 100 by OEKO-TEX\u00ae. We\u0142na, kt\u00f3rej u\u017cywamy w PETIT KOLIBRI pochodzi z Peru, jednego z g\u0142\u00f3wnych kraj\u00f3w eksportuj\u0105cych we\u0142n\u0119 z alpak.<\/p>\n<\/div>\n<\/div>\n<\/div>\n<\/div>","protected":false},"excerpt":{"rendered":"<p>Idealne szorty dla Twojego malucha, aby czu\u0142 si\u0119 wolny i biega\u0142 po swoich przygodach.<\/p>","protected":false},"featured_media":7728,"comment_status":"closed","ping_status":"closed","template":"","meta":{"_acf_changed":false},"product_brand":[],"product_cat":[361,360,363,200,232,322,344],"product_tag":[],"class_list":{"0":"post-7718","1":"product","2":"type-product","3":"status-publish","4":"has-post-thumbnail","6":"product_cat-babyshower","7":"product_cat-cadeautips","8":"product_cat-cadeaus-e25-e50","9":"product_cat-wollen-babykleding","10":"product_cat-petit-kolibri","11":"product_cat-broekjes","12":"product_cat-kleertjes","13":"pa_maat-0-3-maanden","14":"pa_maat-3-6-maanden","16":"first","17":"instock","18":"taxable","19":"shipping-taxable","20":"purchasable","21":"product-type-variable"},"acf":[],"_links":{"self":[{"href":"https:\/\/woolskins.eu\/pl\/wp-json\/wp\/v2\/product\/7718","targetHints":{"allow":["GET"]}}],"collection":[{"href":"https:\/\/woolskins.eu\/pl\/wp-json\/wp\/v2\/product"}],"about":[{"href":"https:\/\/woolskins.eu\/pl\/wp-json\/wp\/v2\/types\/product"}],"replies":[{"embeddable":true,"href":"https:\/\/woolskins.eu\/pl\/wp-json\/wp\/v2\/comments?post=7718"}],"wp:featuredmedia":[{"embeddable":true,"href":"https:\/\/woolskins.eu\/pl\/wp-json\/wp\/v2\/media\/7728"}],"wp:attachment":[{"href":"https:\/\/woolskins.eu\/pl\/wp-json\/wp\/v2\/media?parent=7718"}],"wp:term":[{"taxonomy":"product_brand","embeddable":true,"href":"https:\/\/woolskins.eu\/pl\/wp-json\/wp\/v2\/product_brand?post=7718"},{"taxonomy":"product_cat","embeddable":true,"href":"https:\/\/woolskins.eu\/pl\/wp-json\/wp\/v2\/product_cat?post=7718"},{"taxonomy":"product_tag","embeddable":true,"href":"https:\/\/woolskins.eu\/pl\/wp-json\/wp\/v2\/product_tag?post=7718"}],"curies":[{"name":"wp","href":"https:\/\/api.w.org\/{rel}","templated":true}]}}