{"id":7624,"date":"2022-02-14T11:56:17","date_gmt":"2022-02-14T11:56:17","guid":{"rendered":"https:\/\/woolskins.eu\/?post_type=product&#038;p=7624"},"modified":"2025-12-23T14:41:54","modified_gmt":"2025-12-23T14:41:54","slug":"wool-shoes-beige","status":"publish","type":"product","link":"https:\/\/woolskins.eu\/pl\/wool-shoes-beige\/","title":{"rendered":"A Basic Brand &#8211; Wollen Babyslofjes | Beige"},"content":{"rendered":"<p>Te urocze ma\u0142e we\u0142niane buciki s\u0105 puszyste i mi\u0119kkie. Buty zapewniaj\u0105 stopom Twojego dziecka cudowne ciep\u0142o i wygod\u0119, a wykonane s\u0105 z we\u0142ny 100%. Posiadaj\u0105 bawe\u0142niane sznur\u00f3wki, kt\u00f3re utrzymuj\u0105 je na stopach dziecka.<\/p>\n<p>Te oddychaj\u0105ce we\u0142niane buty s\u0105 dost\u0119pne w dw\u00f3ch rozmiarach: dla noworodk\u00f3w i niemowl\u0105t.<\/p>\n<p>Rozmiary:<\/p>\n<p>S-0\/12m-10cm<br \/>\nL \u2013 12\/24m \u2013 12cm<\/p>\n<p>Uwaga: nie jest przeznaczony do chodzenia<\/p>\n<h5>A Baby Brand<\/h5>\n<p>Odkryj prawdziwie minimalistyczn\u0105 garderob\u0119 pe\u0142n\u0105 praktycznych rzeczy. Mieszaj i dopasowuj nasze modele i kolory unisex. Bez logo, bez nadruku, bez zamieszania.<\/p>\n<p>Nasz\u0105 misj\u0105 jest u\u0142atwianie Ci \u017cycia, dlatego jedn\u0105 z g\u0142\u00f3wnych idei naszej filozofii jest PRAKTYKA. Bardzo troszczymy si\u0119 r\u00f3wnie\u017c o nasz\u0105 planet\u0119 i chcieliby\u015bmy, aby wszyscy prowadzili bardziej minimalistyczne \u017cycie, a tym samym zu\u017cywali mniej odzie\u017cy (#CONSUMEWISELY).<\/p>\n<p>Dlatego jako\u015b\u0107 naszych produkt\u00f3w jest najwy\u017csza z mo\u017cliwych. Mo\u017cesz ich u\u017cywa\u0107 przez lata i przekazywa\u0107 dalej, kiedy sko\u0144czysz. U\u017cywamy tkanin wierzchnich z Certyfikatem Bawe\u0142ny Organicznej GOTS oraz STANDARD 100 by OEKO-TEX\u00ae. Wszystkie nasze produkty mo\u017cna pra\u0107 w pralce i suszy\u0107 w suszarce tak cz\u0119sto, jak chcesz. Przekonasz si\u0119, \u017ce naszego bawe\u0142nianego polaru nie trzeba nawet prasowa\u0107, aby dobrze wygl\u0105da\u0142.<\/p>","protected":false},"excerpt":{"rendered":"<p>Buty zapewniaj\u0105 stopom Twojego dziecka cudowne ciep\u0142o i wygod\u0119, a wykonane s\u0105 z we\u0142ny 100%.<\/p>","protected":false},"featured_media":7628,"comment_status":"closed","ping_status":"closed","template":"","meta":{"_acf_changed":false},"product_brand":[],"product_cat":[335,345,361,360,363,200,323,459],"product_tag":[],"class_list":{"0":"post-7624","1":"product","2":"type-product","3":"status-publish","4":"has-post-thumbnail","6":"product_cat-a_baby_brand","7":"product_cat-accessoires","8":"product_cat-babyshower","9":"product_cat-cadeautips","10":"product_cat-cadeaus-e25-e50","11":"product_cat-wollen-babykleding","12":"product_cat-slofjes","13":"product_cat-sale","14":"pa_maat-l","15":"pa_maat-s","17":"first","18":"instock","19":"taxable","20":"shipping-taxable","21":"purchasable","22":"product-type-variable"},"acf":[],"_links":{"self":[{"href":"https:\/\/woolskins.eu\/pl\/wp-json\/wp\/v2\/product\/7624","targetHints":{"allow":["GET"]}}],"collection":[{"href":"https:\/\/woolskins.eu\/pl\/wp-json\/wp\/v2\/product"}],"about":[{"href":"https:\/\/woolskins.eu\/pl\/wp-json\/wp\/v2\/types\/product"}],"replies":[{"embeddable":true,"href":"https:\/\/woolskins.eu\/pl\/wp-json\/wp\/v2\/comments?post=7624"}],"wp:featuredmedia":[{"embeddable":true,"href":"https:\/\/woolskins.eu\/pl\/wp-json\/wp\/v2\/media\/7628"}],"wp:attachment":[{"href":"https:\/\/woolskins.eu\/pl\/wp-json\/wp\/v2\/media?parent=7624"}],"wp:term":[{"taxonomy":"product_brand","embeddable":true,"href":"https:\/\/woolskins.eu\/pl\/wp-json\/wp\/v2\/product_brand?post=7624"},{"taxonomy":"product_cat","embeddable":true,"href":"https:\/\/woolskins.eu\/pl\/wp-json\/wp\/v2\/product_cat?post=7624"},{"taxonomy":"product_tag","embeddable":true,"href":"https:\/\/woolskins.eu\/pl\/wp-json\/wp\/v2\/product_tag?post=7624"}],"curies":[{"name":"wp","href":"https:\/\/api.w.org\/{rel}","templated":true}]}}