{"id":7275,"date":"2022-02-09T11:49:20","date_gmt":"2022-02-09T11:49:20","guid":{"rendered":"https:\/\/woolskins.eu\/?post_type=product&#038;p=7275"},"modified":"2025-12-12T15:05:40","modified_gmt":"2025-12-12T15:05:40","slug":"a-baby-brand-sweatshirt-nude-2","status":"publish","type":"product","link":"https:\/\/woolskins.eu\/pl\/a-baby-brand-sweatshirt-nude-2\/","title":{"rendered":"A Basic Brand &#8211; Baby Sweatshirt | Nude"},"content":{"rendered":"<p>Swobodna lu\u017ana bluza wykonana z naszego s\u0142ynnego mi\u0119kkiego bawe\u0142nianego polaru. Ta niezwykle wygodna mieszanka bawe\u0142ny jest niezwykle mi\u0119kka, a polarowe wn\u0119trze natychmiast stanie si\u0119 ulubionym. Bluza z okr\u0105g\u0142ym dekoltem ma najbardziej minimalistyczne perfekcyjne surowe wyko\u0144czenie, kt\u00f3re nabiera charakteru po ka\u017cdym praniu. Aby uzyska\u0107 efekt oversize, wybierz wi\u0119kszy rozmiar.<\/p>\n<p>97% bawe\u0142na 3% elastan. STANDARD 100 od OEKO-TEX\u00ae<\/p>\n<p>Rozmiary:<\/p>\n<p>d\u0142ugo\u015b\u0107 ca\u0142kowita cm \/ d\u0142ugo\u015b\u0107 r\u0119kawa cm \/ szeroko\u015b\u0107 ca\u0142kowita cm<\/p>\n<p>6m \u2013 30 \/ 23 \/ 29<br \/>\n1 rok \u2013 33 \/ 27 \/ 31<\/p>\n<h5>A Baby Brand<\/h5>\n<p>Odkryj prawdziwie minimalistyczn\u0105 garderob\u0119 pe\u0142n\u0105 praktycznych rzeczy. Mieszaj i dopasowuj nasze modele i kolory unisex. Bez logo, bez nadruku, bez zamieszania.<\/p>\n<p>Nasz\u0105 misj\u0105 jest u\u0142atwianie Ci \u017cycia, dlatego jedn\u0105 z g\u0142\u00f3wnych idei naszej filozofii jest PRAKTYKA. Bardzo troszczymy si\u0119 r\u00f3wnie\u017c o nasz\u0105 planet\u0119 i chcieliby\u015bmy, aby wszyscy prowadzili bardziej minimalistyczne \u017cycie, a tym samym zu\u017cywali mniej odzie\u017cy (#CONSUMEWISELY).<\/p>\n<p>Dlatego jako\u015b\u0107 naszych produkt\u00f3w jest najwy\u017csza z mo\u017cliwych. Mo\u017cesz ich u\u017cywa\u0107 przez lata i przekazywa\u0107 dalej, kiedy sko\u0144czysz. U\u017cywamy tkanin wierzchnich z Certyfikatem Bawe\u0142ny Organicznej GOTS oraz STANDARD 100 by OEKO-TEX\u00ae. Wszystkie nasze produkty mo\u017cna pra\u0107 w pralce i suszy\u0107 w suszarce tak cz\u0119sto, jak chcesz. Przekonasz si\u0119, \u017ce naszego bawe\u0142nianego polaru nie trzeba nawet prasowa\u0107, aby dobrze wygl\u0105da\u0142.<\/p>","protected":false},"excerpt":{"rendered":"<p>Swobodna lu\u017ana bluza wykonana z naszego s\u0142ynnego mi\u0119kkiego bawe\u0142nianego polaru. Ta niezwykle wygodna mieszanka bawe\u0142ny jest niezwykle mi\u0119kka, a polarowe wn\u0119trze natychmiast stanie si\u0119 ulubionym.<\/p>","protected":false},"featured_media":7347,"comment_status":"closed","ping_status":"closed","template":"","meta":{"_acf_changed":false},"product_brand":[],"product_cat":[335,360,363,529,530],"product_tag":[],"class_list":{"0":"post-7275","1":"product","2":"type-product","3":"status-publish","4":"has-post-thumbnail","6":"product_cat-a_baby_brand","7":"product_cat-cadeautips","8":"product_cat-cadeaus-e25-e50","9":"product_cat-katoenen-babykleertjes","10":"product_cat-katoenen-babyshirt","11":"pa_maat-1-jaar","12":"pa_maat-6-maanden","14":"first","15":"instock","16":"taxable","17":"shipping-taxable","18":"purchasable","19":"product-type-variable"},"acf":[],"_links":{"self":[{"href":"https:\/\/woolskins.eu\/pl\/wp-json\/wp\/v2\/product\/7275","targetHints":{"allow":["GET"]}}],"collection":[{"href":"https:\/\/woolskins.eu\/pl\/wp-json\/wp\/v2\/product"}],"about":[{"href":"https:\/\/woolskins.eu\/pl\/wp-json\/wp\/v2\/types\/product"}],"replies":[{"embeddable":true,"href":"https:\/\/woolskins.eu\/pl\/wp-json\/wp\/v2\/comments?post=7275"}],"wp:featuredmedia":[{"embeddable":true,"href":"https:\/\/woolskins.eu\/pl\/wp-json\/wp\/v2\/media\/7347"}],"wp:attachment":[{"href":"https:\/\/woolskins.eu\/pl\/wp-json\/wp\/v2\/media?parent=7275"}],"wp:term":[{"taxonomy":"product_brand","embeddable":true,"href":"https:\/\/woolskins.eu\/pl\/wp-json\/wp\/v2\/product_brand?post=7275"},{"taxonomy":"product_cat","embeddable":true,"href":"https:\/\/woolskins.eu\/pl\/wp-json\/wp\/v2\/product_cat?post=7275"},{"taxonomy":"product_tag","embeddable":true,"href":"https:\/\/woolskins.eu\/pl\/wp-json\/wp\/v2\/product_tag?post=7275"}],"curies":[{"name":"wp","href":"https:\/\/api.w.org\/{rel}","templated":true}]}}