{"id":7222,"date":"2022-02-04T14:15:51","date_gmt":"2022-02-04T14:15:51","guid":{"rendered":"https:\/\/woolskins.eu\/?post_type=product&#038;p=7222"},"modified":"2026-04-29T06:33:29","modified_gmt":"2026-04-29T06:33:29","slug":"alwero-handwarmers-thumby-grijs","status":"publish","type":"product","link":"https:\/\/woolskins.eu\/pl\/alwero-handwarmers-thumby-grijs\/","title":{"rendered":"Wollen Dames Handwarmers &#8211; Thumby | Lichtgrijs"},"content":{"rendered":"<p>Woolskins wollen handwarmers zijn verkrijgbaar in drie kleuren. In deze handschoen zitten geen vingers en duim waardoor je makkelijk alles kan blijven doen en je handen toch lekker warm blijven.<br \/>\nDeze fijne handschoenen zijn gemaakt van 100% wol met elastine en sluiten daardoor goed aan op de hand. Ze zijn ideaal wanneer je met je kindje onderweg bent.<\/p>\n<p>Te ogrzewacze do r\u0105k zapewniaj\u0105 suche i wygodne \u015brodowisko, kt\u00f3re pomaga w dolegliwo\u015bciach nadgarstk\u00f3w i staw\u00f3w. Zapewniaj\u0105 lepsze kr\u0105\u017cenie krwi, co zmniejszy dolegliwo\u015bci. Idealny do u\u017cytku na przyk\u0142ad za komputerem.<\/p>\n<p>Maten in centimeters:<\/p>\n<p>S: 23 x 10 cm (lengte &amp; breedte t.h.v. pols)<br \/>\nM: 24 x 11 cm (lengte &amp; breedte t.h.v. pols)<br \/>\nL: 25 x 12 cm (lengte &amp; breedte t.h.v. pols)<\/p>\n<p>Pra\u0107 w programie do prania we\u0142ny w temperaturze 30\u00b0C z dodatkiem \u015brodka do prania we\u0142ny.<\/p>","protected":false},"excerpt":{"rendered":"<p>Woolskins wollen handwarmers zijn verkrijgbaar in drie kleuren. In deze handschoen zitten geen vingers en duim waardoor je makkelijk alles kan blijven doen en je handen toch lekker warm blijven.<br \/>\nDeze fijne handschoenen zijn gemaakt van 100% wol met elastine en sluiten daardoor goed aan op de hand. Ze zijn ideaal wanneer je met je kindje onderweg bent.<\/p>\n<p><strong>Merk: Woolskins<\/strong><br \/>\n<strong>Producent: Woolskins Private Lable wordt geproduceerd door Alwero<\/strong><\/p>","protected":false},"featured_media":17597,"comment_status":"closed","ping_status":"closed","template":"","meta":{"_acf_changed":false},"product_brand":[],"product_cat":[351,362,350,31,194],"product_tag":[],"class_list":{"0":"post-7222","1":"product","2":"type-product","3":"status-publish","4":"has-post-thumbnail","6":"product_cat-accessoiresvoormama","7":"product_cat-cadeaus-tot-e-25","8":"product_cat-fashion","9":"product_cat-yogamat-wol","10":"product_cat-wollen-babyproducten","11":"pa_maat-l","12":"pa_maat-m","13":"pa_maat-s","15":"first","16":"instock","17":"taxable","18":"shipping-taxable","19":"purchasable","20":"product-type-variable"},"acf":[],"_links":{"self":[{"href":"https:\/\/woolskins.eu\/pl\/wp-json\/wp\/v2\/product\/7222","targetHints":{"allow":["GET"]}}],"collection":[{"href":"https:\/\/woolskins.eu\/pl\/wp-json\/wp\/v2\/product"}],"about":[{"href":"https:\/\/woolskins.eu\/pl\/wp-json\/wp\/v2\/types\/product"}],"replies":[{"embeddable":true,"href":"https:\/\/woolskins.eu\/pl\/wp-json\/wp\/v2\/comments?post=7222"}],"wp:featuredmedia":[{"embeddable":true,"href":"https:\/\/woolskins.eu\/pl\/wp-json\/wp\/v2\/media\/17597"}],"wp:attachment":[{"href":"https:\/\/woolskins.eu\/pl\/wp-json\/wp\/v2\/media?parent=7222"}],"wp:term":[{"taxonomy":"product_brand","embeddable":true,"href":"https:\/\/woolskins.eu\/pl\/wp-json\/wp\/v2\/product_brand?post=7222"},{"taxonomy":"product_cat","embeddable":true,"href":"https:\/\/woolskins.eu\/pl\/wp-json\/wp\/v2\/product_cat?post=7222"},{"taxonomy":"product_tag","embeddable":true,"href":"https:\/\/woolskins.eu\/pl\/wp-json\/wp\/v2\/product_tag?post=7222"}],"curies":[{"name":"wp","href":"https:\/\/api.w.org\/{rel}","templated":true}]}}