{"id":7214,"date":"2022-02-04T14:08:48","date_gmt":"2022-02-04T14:08:48","guid":{"rendered":"https:\/\/woolskins.eu\/?post_type=product&#038;p=7214"},"modified":"2025-02-08T18:34:03","modified_gmt":"2025-02-08T18:34:03","slug":"alwero-handwarmers-thumby-natural","status":"publish","type":"product","link":"https:\/\/woolskins.eu\/pl\/alwero-handwarmers-thumby-natural\/","title":{"rendered":"Wollen Dames Handwarmers &#8211; Thumby | Natural"},"content":{"rendered":"<p>Woolskins wollen handwarmers zijn verkrijgbaar in drie kleuren. In deze handschoen zitten geen vingers en duim waardoor je makkelijk alles kan blijven doen en je handen toch lekker warm blijven.<br \/>\nDeze fijne handschoenen zijn gemaakt van 100% wol met elastine en sluiten daardoor goed aan op de hand. Ze zijn ideaal wanneer je met je kindje onderweg bent.<\/p>\n<p>Te ogrzewacze do r\u0105k zapewniaj\u0105 suche i wygodne \u015brodowisko, kt\u00f3re pomaga w dolegliwo\u015bciach nadgarstk\u00f3w i staw\u00f3w. Zapewniaj\u0105 lepsze kr\u0105\u017cenie krwi, co zmniejszy dolegliwo\u015bci. Idealny do u\u017cytku na przyk\u0142ad za komputerem.<\/p>\n<p>Maten in centimeters:<\/p>\n<p>S: 23 x 10 cm (lengte &amp; breedte t.h.v. pols)<br \/>\nM: 24 x 11 cm (lengte &amp; breedte t.h.v. pols)<br \/>\nL: 25 x 12 cm (lengte &amp; breedte t.h.v. pols)<\/p>\n<p>Pra\u0107 w programie do prania we\u0142ny w temperaturze 30\u00b0C z dodatkiem \u015brodka do prania we\u0142ny.<\/p>\n<div id=\"product-12858\" class=\"product type-product post-12858 status-publish first instock product_cat-cadeautips product_cat-cadeaus-tot-e-25 product_cat-alwero product_cat-yogamat-wol product_cat-accessoiresvoormama product_cat-fashion has-post-thumbnail taxable shipping-taxable purchasable product-type-variable ct-ajax-add-to-cart thumbs-bottom sticky-summary ct-default-gallery\">\n<div class=\"woocommerce-tabs wc-tabs-wrapper\" data-type=\"type-1:center\">\n<article>\n<div id=\"tab-description\" class=\"woocommerce-Tabs-panel woocommerce-Tabs-panel--description panel entry-content wc-tab\" role=\"tabpanel\" aria-labelledby=\"tab-title-description\">\n<h5>Woolskins Label<\/h5>\n<p>Na jarenlange succesvolle samenwerking met Alwero kunnen wij met trots aankondigen dat wij nu onze producten onder eigen Woolskins label voeren.<\/p>\n<p>Op deze manier krijg je nog steeds de beste kwaliteit maar dan gecombineerd met de leukste en unieke producten en ontwerpen.<\/p>\n<p>De kwaliteit van de stoffen en kleuren blijven zoals het altijd is geweest, alleen is er nu een grotere keus waarvan Woolskins denkt zich mee te kunnen onderscheiden.<\/p>\n<p>Onze brede collectie is zo samegesteld dat ze een goede aanvulling zijn op iedere babyuitzet, gemaakt van 100% Europees wol dat ademt en geschikt is voor elk seizoen.<\/p>\n<p>\u0141\u0105czymy si\u0142y z wielkim entuzjazmem, aby stworzy\u0107 trwa\u0142y, naturalny i jak najbardziej komfortowy produkt dla Twojego dziecka.<\/p>\n<\/div>\n<\/article>\n<\/div>\n<\/div>\n<section class=\"related products ct-hidden-sm ct-hidden-md\"><\/section>","protected":false},"excerpt":{"rendered":"<p>Als je op zoek bent naar een paar wollen handwarmers om jezelf of een geliefde te verwennen, dan kunnen we je deze handwarmers van Woolskins van harte aanbevelen. In deze handschoen zitten geen vingers en duim waardoor je makkelijk alles kan blijven doen en je handen toch lekker warm blijven. Deze fijne handschoenen zijn gemaakt van 100% wol met elastine en sluiten daardoor goed aan op de hand. Onze wollen handwarmer Thumby zijn een geweldige manier om je handen warm en comfortabel te houden in de koude wintermaanden. Ze zijn zacht en ademend, waardoor ze geschikt zijn voor mensen met een gevoelige huid en zijn verkrijgbaar in verschillende kleuren en maten.<\/p>\n<p><strong>Merk: Woolskins<\/strong><br \/>\n<strong>Productie: Polen<\/strong><\/p>","protected":false},"featured_media":17599,"comment_status":"closed","ping_status":"closed","template":"","meta":{"_acf_changed":false},"product_brand":[],"product_cat":[351,362,350,31,194],"product_tag":[],"class_list":{"0":"post-7214","1":"product","2":"type-product","3":"status-publish","4":"has-post-thumbnail","6":"product_cat-accessoiresvoormama","7":"product_cat-cadeaus-tot-e-25","8":"product_cat-fashion","9":"product_cat-yogamat-wol","10":"product_cat-wollen-babyproducten","11":"pa_maat-l","12":"pa_maat-m","13":"pa_maat-s","15":"first","16":"outofstock","17":"taxable","18":"shipping-taxable","19":"purchasable","20":"product-type-variable"},"acf":[],"_links":{"self":[{"href":"https:\/\/woolskins.eu\/pl\/wp-json\/wp\/v2\/product\/7214","targetHints":{"allow":["GET"]}}],"collection":[{"href":"https:\/\/woolskins.eu\/pl\/wp-json\/wp\/v2\/product"}],"about":[{"href":"https:\/\/woolskins.eu\/pl\/wp-json\/wp\/v2\/types\/product"}],"replies":[{"embeddable":true,"href":"https:\/\/woolskins.eu\/pl\/wp-json\/wp\/v2\/comments?post=7214"}],"wp:featuredmedia":[{"embeddable":true,"href":"https:\/\/woolskins.eu\/pl\/wp-json\/wp\/v2\/media\/17599"}],"wp:attachment":[{"href":"https:\/\/woolskins.eu\/pl\/wp-json\/wp\/v2\/media?parent=7214"}],"wp:term":[{"taxonomy":"product_brand","embeddable":true,"href":"https:\/\/woolskins.eu\/pl\/wp-json\/wp\/v2\/product_brand?post=7214"},{"taxonomy":"product_cat","embeddable":true,"href":"https:\/\/woolskins.eu\/pl\/wp-json\/wp\/v2\/product_cat?post=7214"},{"taxonomy":"product_tag","embeddable":true,"href":"https:\/\/woolskins.eu\/pl\/wp-json\/wp\/v2\/product_tag?post=7214"}],"curies":[{"name":"wp","href":"https:\/\/api.w.org\/{rel}","templated":true}]}}