{"id":7212,"date":"2022-02-04T13:56:30","date_gmt":"2022-02-04T13:56:30","guid":{"rendered":"https:\/\/woolskins.eu\/?post_type=product&#038;p=7212"},"modified":"2026-05-01T11:46:14","modified_gmt":"2026-05-01T11:46:14","slug":"alwero-voedingskussen-essential-beige","status":"publish","type":"product","link":"https:\/\/woolskins.eu\/pl\/alwero-voedingskussen-essential-beige\/","title":{"rendered":"Wollen Voedingskussen Felted-L | Beige"},"content":{"rendered":"<p>Poduszk\u0119 do karmienia wykorzystuje si\u0119, na przyk\u0142ad zaciskaj\u0105c doln\u0105 cz\u0119\u015b\u0107 mi\u0119dzy nogami i opieraj\u0105c g\u0142ow\u0119 na g\u00f3rnej cz\u0119\u015bci. \u015arodkow\u0105 cz\u0119\u015b\u0107 umieszczasz pod ci\u0105\u017cowym brzuszkiem, aby Twoja waga by\u0142a lepiej roz\u0142o\u017cona. W ten spos\u00f3b poduszka cia\u0142a obejmuje Ci\u0119, a Twoje plecy r\u00f3wnie\u017c otrzymuj\u0105 niezb\u0119dne wsparcie.<\/p>\n<p>\u2013 We\u0142niany pokrowiec.<br \/>\n&#8211; 100% scheerwol Felted met Woolmark keur.<br \/>\n&#8211; Gladde, zachte en compacte structuur<br \/>\n\u2013 Wype\u0142nienie k\u0142\u0119b\u00f3w we\u0142nianych (we\u0142na ekologiczna 100%).<br \/>\n\u2013 Poduszka wewn\u0119trzna (eko bawe\u0142na) zapinana na suwak.<br \/>\n\u2013 Ciche naturalne wype\u0142nienie!<br \/>\n\u2013 Lekki (1,5 kg).<br \/>\n\u2013 Poduszka do karmienia i poduszka ci\u0105\u017cowa.<br \/>\n\u2013 Wymiary 35 x 150 cm (obw\u00f3d w \u015brodku 70 cm).<br \/>\n\u2013 Poszewk\u0119 i poduszk\u0119 wewn\u0119trzn\u0105 mo\u017cna pra\u0107 w programie do prania we\u0142ny w 30\u00b0C.<\/p>\n<p>Produkt ten posiada mi\u0119dzy innymi Znak Bezpieczny dla Dziecka oraz znak jako\u015bci Woolmark.<\/p>\n<h5>Woolskins Label<\/h5>\n<p>Na jarenlange succesvolle samenwerking met Alwero kunnen wij met trots aankondigen dat wij nu onze producten onder eigen Woolskins label voeren.<\/p>\n<p>Op deze manier krijg je nog steeds de beste kwaliteit maar dan gecombineerd met de leukste en unieke producten en ontwerpen.<\/p>\n<p>De kwaliteit van de stoffen en kleuren blijven zoals het altijd is geweest, alleen is er nu een grotere keus waarvan Woolskins denkt zich mee te kunnen onderscheiden.<\/p>\n<p>Onze brede collectie is zo samegesteld dat ze een goede aanvulling zijn op iedere babyuitzet, gemaakt van 100% Europees wol dat ademt en geschikt is voor elk seizoen.<\/p>\n<p>We bundelen met veel enthousiasme onze krachten samen voor een duurzaam, natuurlijk en een zo comfortabel mogelijk product voor je kind<\/p>","protected":false},"excerpt":{"rendered":"<p>Dit wollen voedingskussen is uiterst comfortabel en rustgevend voor je kindje tijdens het voeden omdat het fluisterstil is en direct de lichaamstemperatuur van je kindje aanneemt. Het ondersteund je lichaam tijdens het slapen en zorgt voor een goede nachtrust waardoor je s&#8217;morgens uitgerust wakker wordt.<\/p>\n<p>Doordat de kussen en de vulling van wol zijn ademd de kussen en is het hypoallergeen. Wolvezels hebben de eigenschap op te treden als een natuurlijke thermostaat die de lichaamstemperatuur reguleert? Dit zorgt voor een stabiele temperatuur en houdt jou en je baby droog en comfortabel.<\/p>\n<p>De unieke ecologische wolbolletjes vulling is goed ondersteunend voor je lichaam en dat van je kindje en omdat de vulling geen geluid maakt (in tegenstelling tot bv. pittenvulling) kan je je kindje ongestoord voeden en zo eindeloos van elkaar genieten. De wol is gereinigd en gewassen met biologisch afbreekbare wasmiddelen en door de van nature aanwezige lanoline is de wol stofvrij en dus anti-allergeen.<\/p>\n<p><strong>Merk: Woolskins<\/strong><br \/>\n<strong>Productie: Polen<\/strong><\/p>","protected":false},"featured_media":7211,"comment_status":"closed","ping_status":"closed","template":"","meta":{"_acf_changed":false},"product_brand":[],"product_cat":[349,360,364,31,210,194],"product_tag":[],"class_list":{"0":"post-7212","1":"product","2":"type-product","3":"status-publish","4":"has-post-thumbnail","6":"product_cat-borstvoedingenvoedingskussens","7":"product_cat-cadeautips","8":"product_cat-cadeaus-vanaf-e50","9":"product_cat-yogamat-wol","10":"product_cat-wollen-voedingskussen","11":"product_cat-wollen-babyproducten","13":"first","14":"instock","15":"taxable","16":"shipping-taxable","17":"purchasable","18":"product-type-simple"},"acf":[],"_links":{"self":[{"href":"https:\/\/woolskins.eu\/pl\/wp-json\/wp\/v2\/product\/7212","targetHints":{"allow":["GET"]}}],"collection":[{"href":"https:\/\/woolskins.eu\/pl\/wp-json\/wp\/v2\/product"}],"about":[{"href":"https:\/\/woolskins.eu\/pl\/wp-json\/wp\/v2\/types\/product"}],"replies":[{"embeddable":true,"href":"https:\/\/woolskins.eu\/pl\/wp-json\/wp\/v2\/comments?post=7212"}],"wp:featuredmedia":[{"embeddable":true,"href":"https:\/\/woolskins.eu\/pl\/wp-json\/wp\/v2\/media\/7211"}],"wp:attachment":[{"href":"https:\/\/woolskins.eu\/pl\/wp-json\/wp\/v2\/media?parent=7212"}],"wp:term":[{"taxonomy":"product_brand","embeddable":true,"href":"https:\/\/woolskins.eu\/pl\/wp-json\/wp\/v2\/product_brand?post=7212"},{"taxonomy":"product_cat","embeddable":true,"href":"https:\/\/woolskins.eu\/pl\/wp-json\/wp\/v2\/product_cat?post=7212"},{"taxonomy":"product_tag","embeddable":true,"href":"https:\/\/woolskins.eu\/pl\/wp-json\/wp\/v2\/product_tag?post=7212"}],"curies":[{"name":"wp","href":"https:\/\/api.w.org\/{rel}","templated":true}]}}