{"id":7149,"date":"2022-02-03T15:05:24","date_gmt":"2022-02-03T15:05:24","guid":{"rendered":"https:\/\/woolskins.eu\/?post_type=product&#038;p=7149"},"modified":"2025-12-11T13:21:39","modified_gmt":"2025-12-11T13:21:39","slug":"muslin-square-bandana-stone","status":"publish","type":"product","link":"https:\/\/woolskins.eu\/pl\/muslin-square-bandana-stone\/","title":{"rendered":"A Basic Brand &#8211; Baby Muslin | Stone"},"content":{"rendered":"<p>Wielofunkcyjna chusta kwadratowa wykonana z wyj\u0105tkowo spr\u0119\u017cystej i mi\u0119kkiej bawe\u0142ny organicznej. Idealny mi\u0119kki mu\u015blin niemowl\u0119cy pos\u0142u\u017cy Ci jako chustka, miniaturowy letni kocyk, prowizoryczny \u015bliniaczek dla dziecka, chusteczka do bekania i wiele wi\u0119cej.<\/p>\n<p>50x50 cm<\/p>\n<p>100% Bawe\u0142na organiczna z certyfikatem GOTS.<\/p>\n<h5>A Baby Brand<\/h5>\n<p>Odkryj prawdziwie minimalistyczn\u0105 garderob\u0119 pe\u0142n\u0105 praktycznych rzeczy. Mieszaj i dopasowuj nasze modele i kolory unisex. Bez logo, bez nadruku, bez zamieszania.<\/p>\n<p>Nasz\u0105 misj\u0105 jest u\u0142atwianie Ci \u017cycia, dlatego jedn\u0105 z g\u0142\u00f3wnych idei naszej filozofii jest PRAKTYKA. Bardzo troszczymy si\u0119 r\u00f3wnie\u017c o nasz\u0105 planet\u0119 i chcieliby\u015bmy, aby wszyscy prowadzili bardziej minimalistyczne \u017cycie, a tym samym zu\u017cywali mniej odzie\u017cy (#CONSUMEWISELY).<\/p>\n<p>Dlatego jako\u015b\u0107 naszych produkt\u00f3w jest najwy\u017csza z mo\u017cliwych. Mo\u017cesz ich u\u017cywa\u0107 przez lata i przekazywa\u0107 dalej, kiedy sko\u0144czysz. U\u017cywamy tkanin wierzchnich z Certyfikatem Bawe\u0142ny Organicznej GOTS oraz STANDARD 100 by OEKO-TEX\u00ae. Wszystkie nasze produkty mo\u017cna pra\u0107 w pralce i suszy\u0107 w suszarce tak cz\u0119sto, jak chcesz. Przekonasz si\u0119, \u017ce naszego bawe\u0142nianego polaru nie trzeba nawet prasowa\u0107, aby dobrze wygl\u0105da\u0142.<\/p>","protected":false},"excerpt":{"rendered":"<p>Idealny mi\u0119kki mu\u015blin niemowl\u0119cy pos\u0142u\u017cy Ci jako chustka, miniaturowy letni kocyk, prowizoryczny \u015bliniaczek dla dziecka, chusteczka do bekania i wiele wi\u0119cej.<\/p>","protected":false},"featured_media":9051,"comment_status":"open","ping_status":"closed","template":"","meta":{"_acf_changed":false},"product_brand":[],"product_cat":[335,361,360,362,529,535],"product_tag":[],"class_list":{"0":"post-7149","1":"product","2":"type-product","3":"status-publish","4":"has-post-thumbnail","6":"product_cat-a_baby_brand","7":"product_cat-babyshower","8":"product_cat-cadeautips","9":"product_cat-cadeaus-tot-e-25","10":"product_cat-katoenen-babykleertjes","11":"product_cat-katoenen-babymuts-babysjaaltjes","13":"first","14":"instock","15":"taxable","16":"shipping-taxable","17":"purchasable","18":"product-type-simple"},"acf":[],"_links":{"self":[{"href":"https:\/\/woolskins.eu\/pl\/wp-json\/wp\/v2\/product\/7149","targetHints":{"allow":["GET"]}}],"collection":[{"href":"https:\/\/woolskins.eu\/pl\/wp-json\/wp\/v2\/product"}],"about":[{"href":"https:\/\/woolskins.eu\/pl\/wp-json\/wp\/v2\/types\/product"}],"replies":[{"embeddable":true,"href":"https:\/\/woolskins.eu\/pl\/wp-json\/wp\/v2\/comments?post=7149"}],"wp:featuredmedia":[{"embeddable":true,"href":"https:\/\/woolskins.eu\/pl\/wp-json\/wp\/v2\/media\/9051"}],"wp:attachment":[{"href":"https:\/\/woolskins.eu\/pl\/wp-json\/wp\/v2\/media?parent=7149"}],"wp:term":[{"taxonomy":"product_brand","embeddable":true,"href":"https:\/\/woolskins.eu\/pl\/wp-json\/wp\/v2\/product_brand?post=7149"},{"taxonomy":"product_cat","embeddable":true,"href":"https:\/\/woolskins.eu\/pl\/wp-json\/wp\/v2\/product_cat?post=7149"},{"taxonomy":"product_tag","embeddable":true,"href":"https:\/\/woolskins.eu\/pl\/wp-json\/wp\/v2\/product_tag?post=7149"}],"curies":[{"name":"wp","href":"https:\/\/api.w.org\/{rel}","templated":true}]}}