{"id":7141,"date":"2022-02-03T14:23:50","date_gmt":"2022-02-03T14:23:50","guid":{"rendered":"https:\/\/woolskins.eu\/?post_type=product&#038;p=7141"},"modified":"2026-03-31T12:42:28","modified_gmt":"2026-03-31T12:42:28","slug":"babysuite-natural-white","status":"publish","type":"product","link":"https:\/\/woolskins.eu\/pl\/babysuite-natural-white\/","title":{"rendered":"A Basic Brand &#8211; babypak | Natural white"},"content":{"rendered":"<p>Najlepszy kombinezon dzieci\u0119cy na ca\u0142y dzie\u0144 i ca\u0142\u0105 noc. Wykonane z niezwykle mi\u0119kkiego, cienkiego bawe\u0142nianego polaru, niezwykle mi\u0119kkiego w dotyku \u2014 najdelikatniejszego materia\u0142u, jaki jest mo\u017cliwy dla wra\u017cliwej sk\u00f3ry Twojego dziecka. Ca\u0142kowicie otwiera si\u0119 za pomoc\u0105 ma\u0142ych zatrzask\u00f3w dla szybkiego i \u0142atwego dost\u0119pu. Najprostszy projekt w podstawowych kolorach.<\/p>\n<p>97% bawe\u0142na 3% elastan. STANDARD 100 od OEKO-TEX\u00ae<\/p>\n<p>Rozmiary:<\/p>\n<p>nogawka cm \/ d\u0142ugo\u015b\u0107 ca\u0142kowita cm \/ d\u0142ugo\u015b\u0107 r\u0119kawa cm<\/p>\n<p>0m \u2013 16 \/ 41 \/ 17<br \/>\n3m \u2013 19\/48\/19<br \/>\n6m \u2013 22 \/ 55 \/ 21<br \/>\n9m \u2013 25 \/ 62 \/ 23<\/p>\n<h5>A Baby Brand<\/h5>\n<p>Odkryj prawdziwie minimalistyczn\u0105 garderob\u0119 pe\u0142n\u0105 praktycznych rzeczy. Mieszaj i dopasowuj nasze modele i kolory unisex. Bez logo, bez nadruku, bez zamieszania.<\/p>\n<p>Nasz\u0105 misj\u0105 jest u\u0142atwianie Ci \u017cycia, dlatego jedn\u0105 z g\u0142\u00f3wnych idei naszej filozofii jest PRAKTYKA. Bardzo troszczymy si\u0119 r\u00f3wnie\u017c o nasz\u0105 planet\u0119 i chcieliby\u015bmy, aby wszyscy prowadzili bardziej minimalistyczne \u017cycie, a tym samym zu\u017cywali mniej odzie\u017cy (#CONSUMEWISELY).<\/p>\n<p>Dlatego jako\u015b\u0107 naszych produkt\u00f3w jest najwy\u017csza z mo\u017cliwych. Mo\u017cesz ich u\u017cywa\u0107 przez lata i przekazywa\u0107 dalej, kiedy sko\u0144czysz. U\u017cywamy tkanin wierzchnich z Certyfikatem Bawe\u0142ny Organicznej GOTS oraz STANDARD 100 by OEKO-TEX\u00ae. Wszystkie nasze produkty mo\u017cna pra\u0107 w pralce i suszy\u0107 w suszarce tak cz\u0119sto, jak chcesz. Przekonasz si\u0119, \u017ce naszego bawe\u0142nianego polaru nie trzeba nawet prasowa\u0107, aby dobrze wygl\u0105da\u0142.<\/p>","protected":false},"excerpt":{"rendered":"<p>Najlepszy kombinezon niemowl\u0119cy na ca\u0142y dzie\u0144 i ca\u0142\u0105 noc. Wykonane z niezwykle mi\u0119kkiego, cienkiego bawe\u0142nianego polaru, niezwykle mi\u0119kkiego w dotyku \u2014 najdelikatniejszego materia\u0142u, jaki jest mo\u017cliwy dla wra\u017cliwej sk\u00f3ry Twojego dziecka.<\/p>","protected":false},"featured_media":7162,"comment_status":"closed","ping_status":"closed","template":"","meta":{"_acf_changed":false},"product_brand":[],"product_cat":[335,361,360,363,529,535],"product_tag":[],"class_list":{"0":"post-7141","1":"product","2":"type-product","3":"status-publish","4":"has-post-thumbnail","6":"product_cat-a_baby_brand","7":"product_cat-babyshower","8":"product_cat-cadeautips","9":"product_cat-cadeaus-e25-e50","10":"product_cat-katoenen-babykleertjes","11":"product_cat-katoenen-babymuts-babysjaaltjes","12":"pa_maat-0-maanden","13":"pa_maat-3-maanden","14":"pa_maat-6-maanden","16":"first","17":"instock","18":"taxable","19":"shipping-taxable","20":"purchasable","21":"product-type-variable"},"acf":[],"_links":{"self":[{"href":"https:\/\/woolskins.eu\/pl\/wp-json\/wp\/v2\/product\/7141","targetHints":{"allow":["GET"]}}],"collection":[{"href":"https:\/\/woolskins.eu\/pl\/wp-json\/wp\/v2\/product"}],"about":[{"href":"https:\/\/woolskins.eu\/pl\/wp-json\/wp\/v2\/types\/product"}],"replies":[{"embeddable":true,"href":"https:\/\/woolskins.eu\/pl\/wp-json\/wp\/v2\/comments?post=7141"}],"wp:featuredmedia":[{"embeddable":true,"href":"https:\/\/woolskins.eu\/pl\/wp-json\/wp\/v2\/media\/7162"}],"wp:attachment":[{"href":"https:\/\/woolskins.eu\/pl\/wp-json\/wp\/v2\/media?parent=7141"}],"wp:term":[{"taxonomy":"product_brand","embeddable":true,"href":"https:\/\/woolskins.eu\/pl\/wp-json\/wp\/v2\/product_brand?post=7141"},{"taxonomy":"product_cat","embeddable":true,"href":"https:\/\/woolskins.eu\/pl\/wp-json\/wp\/v2\/product_cat?post=7141"},{"taxonomy":"product_tag","embeddable":true,"href":"https:\/\/woolskins.eu\/pl\/wp-json\/wp\/v2\/product_tag?post=7141"}],"curies":[{"name":"wp","href":"https:\/\/api.w.org\/{rel}","templated":true}]}}