{"id":7098,"date":"2022-01-31T11:11:43","date_gmt":"2022-01-31T11:11:43","guid":{"rendered":"https:\/\/woolskins.eu\/?post_type=product&#038;p=7098"},"modified":"2026-02-17T07:59:57","modified_gmt":"2026-02-17T07:59:57","slug":"knuffeldoekje-met-speenkoord-grijs-2","status":"publish","type":"product","link":"https:\/\/woolskins.eu\/pl\/knuffeldoekje-met-speenkoord-grijs-2\/","title":{"rendered":"\u015aciereczka do przytulania z klipsem do smoczka | Jasny szary"},"content":{"rendered":"<p>Woolskins knuffeldoekje met Speenkoord. Ideaal voor je kindje om mee te knuffelen en te spelen door het leuke geluidje dat de knisperende vulling maakt. Het knuffeldoekje is van 100% wol en heeft bijvoorbeeld het \u2018Woolmark\u2019 en \u2018Safe for children\u2019 keurmerk. Het speenkoord is handig om de speen van je baby bij de hand te houden en voorkomt dat deze kwijtraakt.<\/p>\n<p>\u2013 We\u0142na dziewicza 100%, znak rozpoznawczy Woolmark.<br \/>\n\u2013 Afmetingen zijn 18\u00d725 cm.<br \/>\n\u2013 Exclusief speentje<\/p>\n<p>We\u0142niany smoczek mo\u017cna \u0142atwo przymocowa\u0107 do ka\u017cdego rodzaju smoczka za pomoc\u0105 sznurka.<\/p>","protected":false},"excerpt":{"rendered":"<p>Woolskins biedt een prachtig wollen knuffeldoekje met speenkoord aan. Dit zachte en comfortabele doekje is perfect voor je kleintje om mee te knuffelen en te spelen. Het is gemaakt van hoogwaardige wol en is verkrijgbaar in beige en grijs.<\/p>\n<p>Het is ideaal voor je kindje om mee te knuffelen en te spelen door het leuke geluidje dat de knisperende vulling maakt. Het knuffeldoekje is van 100% wol en heeft bijvoorbeeld het \u2018Woolmark\u2019 en \u2018Safe for children\u2019 keurmerk.<\/p>\n<p>Woolskins is d\u00e9 specialist in ecologische lamsvachten en wolproducten. Alle producten zijn gemaakt van hoogwaardige materialen en zijn ontworpen met het oog op comfort en duurzaamheid. Dit knuffeldoekje met speenkoord is dan ook een verantwoorde keuze voor ouders die op zoek zijn naar kwaliteit en stijl.<\/p>\n<p><strong>Merk: Woolskins<\/strong><br \/>\n<strong>Productie: Polen<\/strong><\/p>\n<p><strong>ero<\/strong><\/p>","protected":false},"featured_media":9779,"comment_status":"closed","ping_status":"closed","template":"","meta":{"_acf_changed":false},"product_brand":[],"product_cat":[345,361,360,362,200,196,346,348,194],"product_tag":[],"class_list":{"0":"post-7098","1":"product","2":"type-product","3":"status-publish","4":"has-post-thumbnail","6":"product_cat-accessoires","7":"product_cat-babyshower","8":"product_cat-cadeautips","9":"product_cat-cadeaus-tot-e-25","10":"product_cat-wollen-babykleding","11":"product_cat-slaapkleding-baby","12":"product_cat-mutsjesensjaaltjes","13":"product_cat-kussens","14":"product_cat-wollen-babyproducten","16":"first","17":"instock","18":"taxable","19":"shipping-taxable","20":"purchasable","21":"product-type-simple"},"acf":[],"_links":{"self":[{"href":"https:\/\/woolskins.eu\/pl\/wp-json\/wp\/v2\/product\/7098","targetHints":{"allow":["GET"]}}],"collection":[{"href":"https:\/\/woolskins.eu\/pl\/wp-json\/wp\/v2\/product"}],"about":[{"href":"https:\/\/woolskins.eu\/pl\/wp-json\/wp\/v2\/types\/product"}],"replies":[{"embeddable":true,"href":"https:\/\/woolskins.eu\/pl\/wp-json\/wp\/v2\/comments?post=7098"}],"wp:featuredmedia":[{"embeddable":true,"href":"https:\/\/woolskins.eu\/pl\/wp-json\/wp\/v2\/media\/9779"}],"wp:attachment":[{"href":"https:\/\/woolskins.eu\/pl\/wp-json\/wp\/v2\/media?parent=7098"}],"wp:term":[{"taxonomy":"product_brand","embeddable":true,"href":"https:\/\/woolskins.eu\/pl\/wp-json\/wp\/v2\/product_brand?post=7098"},{"taxonomy":"product_cat","embeddable":true,"href":"https:\/\/woolskins.eu\/pl\/wp-json\/wp\/v2\/product_cat?post=7098"},{"taxonomy":"product_tag","embeddable":true,"href":"https:\/\/woolskins.eu\/pl\/wp-json\/wp\/v2\/product_tag?post=7098"}],"curies":[{"name":"wp","href":"https:\/\/api.w.org\/{rel}","templated":true}]}}