{"id":7090,"date":"2022-01-30T13:33:29","date_gmt":"2022-01-30T13:33:29","guid":{"rendered":"https:\/\/woolskins.eu\/?post_type=product&#038;p=7090"},"modified":"2026-02-18T13:39:01","modified_gmt":"2026-02-18T13:39:01","slug":"alwero-wikkeldeken-essential-grijs","status":"publish","type":"product","link":"https:\/\/woolskins.eu\/pl\/alwero-wikkeldeken-essential-grijs\/","title":{"rendered":"Wollen Wikkeldeken \/ Capuchondeken voor Baby &#8211; Felted | Lichtgrijs"},"content":{"rendered":"<p>Je kindje zal heerlijk slapen en wegdromen in deze comfortabele wollen wikkeldeken met capuchon uit onze \u2018Felted\u2019 collectie. Deze wikkel\/capuchondeken valt soepel en is zeer zacht. Ze hebben een mooie en luxe uitstraling en zijn uiterst comfortabel. De wikkeldeken is van 100% wol en neemt direct de temperatuur van je kindje aan. Je kunt je kindje hier ook goed mee inbakeren of comfortabel in voeden, of neemt het makkelijk mee onderweg om je kindje goed op temperatuur te houden.<\/p>\n<p>\u2013 100% dziewicza we\u0142na Filcowana z oznaczeniem Woolmark.<br \/>\n\u2013 Gladde, zachte en compacte structuur<br \/>\n\u2013 Goede thermische eigenschappen<br \/>\n\u2013 Do u\u017cytku w domu i w podr\u00f3\u017cy.<br \/>\n\u2013 Rozmiar: 80x80 cm.<br \/>\n\u2013 Produkcja europejska.<br \/>\n\u2013 Mo\u017cna pra\u0107 w programie prania we\u0142ny w 30\u00b0C.<br \/>\n\u2013 Exclusief verkrijgbaar bij Woolskins<\/p>\n<p>W\u0142\u00f3kna we\u0142ny oddychaj\u0105 i maj\u0105 w\u0142a\u015bciwo\u015b\u0107 dzia\u0142ania jak naturalny termostat reguluj\u0105cy temperatur\u0119 cia\u0142a? Pomaga to dziecku utrzyma\u0107 stabiln\u0105 temperatur\u0119 i zapewnia sucho\u015b\u0107 i wygod\u0119. Robi to \u201edynamicznie\u201d, co oznacza, \u017ce dzieje si\u0119 to wtedy, gdy jest potrzebne, a nie wtedy, gdy nie jest potrzebne. Ciep\u0142e zim\u0105 i ch\u0142odne latem.<\/p>\n<p>Produkt ten posiada mi\u0119dzy innymi Znak Bezpieczny dla Dziecka oraz znak jako\u015bci Woolmark.<\/p>\n<div id=\"product-7026\" class=\"product type-product post-7026 status-publish first instock product_cat-babyshower product_cat-cadeaus-e25-e50 product_cat-cadeautips product_cat-alwero product_cat-slaapkleding-baby product_cat-babydeken product_cat-best-verkocht has-post-thumbnail taxable shipping-taxable purchasable product-type-variable ct-ajax-add-to-cart thumbs-bottom sticky-summary ct-default-gallery\">\n<div class=\"woocommerce-tabs wc-tabs-wrapper\" data-type=\"type-1:center\"><\/div>\n<\/div>\n<section class=\"up-sells upsells products ct-hidden-sm ct-hidden-md\"><\/section>","protected":false},"excerpt":{"rendered":"<p>Deze wollen wikkeldeken van \u2018Felted\u2019 wol met capuchon is een warm en comfortabel product geschikt voor alle seizoenen. Het is gemaakt van zachte en natuurlijke wol, die goed isoleert, ademten en soepel valt. De wikkeldeken heeft een capuchon die het hoofd heerlijk warm houdt. Het is een veelzijdig en praktisch product dat geschikt is voor zowel binnen als buiten. Een wollen wikkeldeken met capuchon is een echte \u2018must have\u2019 voor iedere babyuitzet maar is ook een mooi cadeau om aan iemand te geven. Het is verkrijgbaar in verschillende wolstoffen en kleuren, zodat je altijd een wikkeldeken kunt vinden die bij je past. De wikkeldeken is van 100% wol en neemt direct de temperatuur van je kindje aan. Je kunt je kindje hier ook goed mee inbakeren of comfortabel in voeden, of neemt het makkelijk mee onderweg om je kindje goed op temperatuur te houden.<\/p>\n<p><strong>Merk: Woolskins<\/strong><br \/>\n<strong>Productie: Polen<\/strong><\/p>","protected":false},"featured_media":7091,"comment_status":"closed","ping_status":"closed","template":"","meta":{"_acf_changed":false},"product_brand":[],"product_cat":[361,360,363,364,196,321,194],"product_tag":[],"class_list":{"0":"post-7090","1":"product","2":"type-product","3":"status-publish","4":"has-post-thumbnail","6":"product_cat-babyshower","7":"product_cat-cadeautips","8":"product_cat-cadeaus-e25-e50","9":"product_cat-cadeaus-vanaf-e50","10":"product_cat-slaapkleding-baby","11":"product_cat-wikkeldekens","12":"product_cat-wollen-babyproducten","14":"first","15":"instock","16":"taxable","17":"shipping-taxable","18":"purchasable","19":"product-type-simple"},"acf":[],"_links":{"self":[{"href":"https:\/\/woolskins.eu\/pl\/wp-json\/wp\/v2\/product\/7090","targetHints":{"allow":["GET"]}}],"collection":[{"href":"https:\/\/woolskins.eu\/pl\/wp-json\/wp\/v2\/product"}],"about":[{"href":"https:\/\/woolskins.eu\/pl\/wp-json\/wp\/v2\/types\/product"}],"replies":[{"embeddable":true,"href":"https:\/\/woolskins.eu\/pl\/wp-json\/wp\/v2\/comments?post=7090"}],"wp:featuredmedia":[{"embeddable":true,"href":"https:\/\/woolskins.eu\/pl\/wp-json\/wp\/v2\/media\/7091"}],"wp:attachment":[{"href":"https:\/\/woolskins.eu\/pl\/wp-json\/wp\/v2\/media?parent=7090"}],"wp:term":[{"taxonomy":"product_brand","embeddable":true,"href":"https:\/\/woolskins.eu\/pl\/wp-json\/wp\/v2\/product_brand?post=7090"},{"taxonomy":"product_cat","embeddable":true,"href":"https:\/\/woolskins.eu\/pl\/wp-json\/wp\/v2\/product_cat?post=7090"},{"taxonomy":"product_tag","embeddable":true,"href":"https:\/\/woolskins.eu\/pl\/wp-json\/wp\/v2\/product_tag?post=7090"}],"curies":[{"name":"wp","href":"https:\/\/api.w.org\/{rel}","templated":true}]}}