{"id":6997,"date":"2022-01-27T14:52:03","date_gmt":"2022-01-27T14:52:03","guid":{"rendered":"https:\/\/woolskins.eu\/?post_type=product&#038;p=6997"},"modified":"2026-04-07T10:29:34","modified_gmt":"2026-04-07T10:29:34","slug":"alwero-wikkeldeken-lammy-ecru","status":"publish","type":"product","link":"https:\/\/woolskins.eu\/pl\/alwero-wikkeldeken-lammy-ecru\/","title":{"rendered":"Wollen Wikkeldeken \/ Capuchondeken voor Baby &#8211; Thumbled | Ecru"},"content":{"rendered":"<p>W\u0142\u00f3kna we\u0142ny oddychaj\u0105 i maj\u0105 w\u0142a\u015bciwo\u015b\u0107 dzia\u0142ania jak naturalny termostat reguluj\u0105cy temperatur\u0119 cia\u0142a? Pomaga to dziecku utrzyma\u0107 stabiln\u0105 temperatur\u0119 i zapewnia sucho\u015b\u0107 i wygod\u0119. Robi to \u201edynamicznie\u201d, co oznacza, \u017ce dzieje si\u0119 to wtedy, gdy jest potrzebne, a nie wtedy, gdy nie jest potrzebne. Ciep\u0142e zim\u0105 i ch\u0142odne latem.<\/p>\n<p>\u2013 We\u0142na dziewicza 100% (tkana) z oznaczeniem Woolmark.<br \/>\n\u2013 Do u\u017cytku w domu i w podr\u00f3\u017cy.<br \/>\n\u2013 Rozmiar: 80x80 cm.<br \/>\n\u2013 Produkcja europejska.<br \/>\n\u2013 Mo\u017cna pra\u0107 w programie prania we\u0142ny w 30\u00b0C.<br \/>\n\u2013 Exclusief verkrijgbaar bij Woolskins.<\/p>\n<p>Thumbled wolproducten kenmerken zich door de losse wolvezels. Om zo weinig mogelijk last van pluisjes te hebben kun je product het best even goed buiten uitkloppen voordat je het geberuikt.<\/p>\n<p>Produkt ten posiada mi\u0119dzy innymi Znak Bezpieczny dla Dziecka oraz znak jako\u015bci Woolmark.<\/p>\n<h5>Woolskins Label<\/h5>\n<p>Na jarenlange succesvolle samenwerking met Alwero kunnen wij met trots aankondigen dat wij nu onze producten onder eigen Woolskins label voeren.<\/p>\n<p>Op deze manier krijg je nog steeds de beste kwaliteit maar dan gecombineerd met de leukste en unieke producten en ontwerpen.<\/p>\n<p>De kwaliteit van de stoffen en kleuren blijven zoals het altijd is geweest, alleen is er nu een grotere keus waarvan Woolskins denkt zich mee te kunnen onderscheiden.<\/p>\n<p>Onze brede collectie is zo samegesteld dat ze een goede aanvulling zijn op iedere babyuitzet, gemaakt van 100% Europees wol dat ademt en geschikt is voor elk seizoen.<\/p>\n<p>\u0141\u0105czymy si\u0142y z wielkim entuzjazmem, aby stworzy\u0107 trwa\u0142y, naturalny i jak najbardziej komfortowy produkt dla Twojego dziecka.<\/p>","protected":false},"excerpt":{"rendered":"<p>Je kindje zal heerlijk slapen en wegdromen in deze comfortabele wollen capuchondeken uit onze \u2018Thumbled\u2019 collectie. Deze Capuchon\/wikkeldeken valt soepel en is zeer zacht. Ze hebben een mooie en luxe uitstraling en zijn uiterst comfortabel. De wikkeldeken is van 100% wol en neemt direct de temperatuur van je kindje aan. Je kunt je kindje hier ook goed mee inbakeren of comfortabel in voeden. Je neemt het makkelijk mee onderweg om je kindje goed op temperatuur te houden. De deken is geschikt voor elk seizoen en een perfect cadeau voor een babyshower of kraambezoek.<\/p>\n<p><strong>Merk: Woolskins<\/strong><br \/>\n<strong>Productie: Polen<\/strong><\/p>","protected":false},"featured_media":6999,"comment_status":"closed","ping_status":"closed","template":"","meta":{"_acf_changed":false},"product_brand":[],"product_cat":[361,360,363,364,196,321,194],"product_tag":[],"class_list":{"0":"post-6997","1":"product","2":"type-product","3":"status-publish","4":"has-post-thumbnail","6":"product_cat-babyshower","7":"product_cat-cadeautips","8":"product_cat-cadeaus-e25-e50","9":"product_cat-cadeaus-vanaf-e50","10":"product_cat-slaapkleding-baby","11":"product_cat-wikkeldekens","12":"product_cat-wollen-babyproducten","14":"first","15":"instock","16":"taxable","17":"shipping-taxable","18":"purchasable","19":"product-type-simple"},"acf":[],"_links":{"self":[{"href":"https:\/\/woolskins.eu\/pl\/wp-json\/wp\/v2\/product\/6997","targetHints":{"allow":["GET"]}}],"collection":[{"href":"https:\/\/woolskins.eu\/pl\/wp-json\/wp\/v2\/product"}],"about":[{"href":"https:\/\/woolskins.eu\/pl\/wp-json\/wp\/v2\/types\/product"}],"replies":[{"embeddable":true,"href":"https:\/\/woolskins.eu\/pl\/wp-json\/wp\/v2\/comments?post=6997"}],"wp:featuredmedia":[{"embeddable":true,"href":"https:\/\/woolskins.eu\/pl\/wp-json\/wp\/v2\/media\/6999"}],"wp:attachment":[{"href":"https:\/\/woolskins.eu\/pl\/wp-json\/wp\/v2\/media?parent=6997"}],"wp:term":[{"taxonomy":"product_brand","embeddable":true,"href":"https:\/\/woolskins.eu\/pl\/wp-json\/wp\/v2\/product_brand?post=6997"},{"taxonomy":"product_cat","embeddable":true,"href":"https:\/\/woolskins.eu\/pl\/wp-json\/wp\/v2\/product_cat?post=6997"},{"taxonomy":"product_tag","embeddable":true,"href":"https:\/\/woolskins.eu\/pl\/wp-json\/wp\/v2\/product_tag?post=6997"}],"curies":[{"name":"wp","href":"https:\/\/api.w.org\/{rel}","templated":true}]}}