{"id":6932,"date":"2022-01-24T12:58:15","date_gmt":"2022-01-24T12:58:15","guid":{"rendered":"https:\/\/woolskins.eu\/?post_type=product&#038;p=6932"},"modified":"2026-04-15T11:27:05","modified_gmt":"2026-04-15T11:27:05","slug":"alwero-bodywarmer-lammy-camel","status":"publish","type":"product","link":"https:\/\/woolskins.eu\/pl\/alwero-bodywarmer-lammy-camel\/","title":{"rendered":"We\u0142niany bezr\u0119kawnik dla niemowl\u0105t i dzieci | Camel Thumbled \u2013 Woolskins"},"content":{"rendered":"<p>Produkt ten posiada mi\u0119dzy innymi Znak Bezpieczny dla Dziecka oraz znak jako\u015bci Woolmark. Ten kardigan jest cz\u0119sto noszony jako odzie\u017c wierzchnia, miej to na uwadze, je\u015bli chodzi o odpowiedni rozmiar.<\/p>\n<p>\u2013 We\u0142na dziewicza 100%, znak rozpoznawczy Woolmark.<br \/>\n\u2013 Bardzo ciep\u0142a w domu lub w podr\u00f3\u017cy.<br \/>\n\u2013 Dost\u0119pne r\u00f3\u017cne kolory.<br \/>\n- Uwaga! W\u0142a\u015bciwy rozmiar znajdziesz w rozdziale \u201eRozmiary w centymetrach\u201d.<\/p>\n<h5>Woolskins Label<\/h5>\n<p>Na jarenlange succesvolle samenwerking met Alwero kunnen wij met trots aankondigen dat wij nu onze producten onder eigen Woolskins label voeren.<\/p>\n<p>Op deze manier krijg je nog steeds de beste kwaliteit maar dan gecombineerd met de leukste en unieke producten en ontwerpen.<\/p>\n<p>De kwaliteit van de stoffen en kleuren blijven zoals het altijd is geweest, alleen is er nu een grotere keus waarvan Woolskins denkt zich mee te kunnen onderscheiden.<\/p>\n<p>Onze brede collectie is zo samegesteld dat ze een goede aanvulling zijn op iedere babyuitzet, gemaakt van 100% Europees wol dat ademt en geschikt is voor elk seizoen.<\/p>\n<p>\u0141\u0105czymy si\u0142y z wielkim entuzjazmem, aby stworzy\u0107 trwa\u0142y, naturalny i jak najbardziej komfortowy produkt dla Twojego dziecka.<\/p>\n<h5 class=\"Text1893342656__root Text1893342656---typography-11-runningText Text1893342656---priority-7-primary s8gg2 _2UIKs InfoSectionTitle3095652555__root\" aria-hidden=\"false\" data-hook=\"info-section-title\">Rozmiary w centymetrach:<\/h5>\n<div class=\"_2tV5m fggS- cell\">Rozmiar: 50\/56 d\u0142ugo\u015b\u0107: 27,5 cm, szeroko\u015b\u0107 22 cm (pod pachami)<br \/>\nRozmiar: 62\/60 D\u0142ugo\u015b\u0107: 28,5 cm Szeroko\u015b\u0107 25 cm<br \/>\nRozmiar: 74\/80 D\u0142ugo\u015b\u0107: 29,5 cm Szeroko\u015b\u0107 28 cm<br \/>\nRozmiar: 80\/86 D\u0142ugo\u015b\u0107: 31cm Szeroko\u015b\u0107 32cm<br \/>\nRozmiar: 92\/98 D\u0142ugo\u015b\u0107: 33,5 cm Szeroko\u015b\u0107 35 cm<br \/>\nRozmiar: 104\/110 D\u0142ugo\u015b\u0107: 39,5 cm Szeroko\u015b\u0107 37 cm<\/div>\n<p>&nbsp;<\/p>","protected":false},"excerpt":{"rendered":"<p>Ten biodrowy bezr\u0119kawnik jest cudownie ciep\u0142y i wygodny. No\u015b go swobodnie na sweter lub kurtk\u0119, zawsze wygl\u0105da \u0142adnie i jest supermodny. Ten kardigan posiada wszystkie dobre w\u0142a\u015bciwo\u015bci 100% Eco Wool. Dzi\u0119ki temu Twojemu dziecku b\u0119dzie cudownie ciep\u0142o i wygodnie podczas ch\u0142odniejszych dni. Ten kardigan \u015bwietnie pasuje do ca\u0142ej naszej kolekcji Woolskins. We\u0142niany bezr\u0119kawnik jest pi\u0119knie wyko\u0144czony \u015bciegiem kocowym i drewnianym guzikiem.<\/p>\n<p>Uwaga! Kardigany s\u0105 ma\u0142e. W\u0142a\u015bciwy rozmiar znajdziesz w opisie w cz\u0119\u015bci \u201eRozmiary w centymetrach\u201d.<\/p>\n<p><strong>Merk: Woolskins<\/strong><br \/>\n<strong>Productie: Polen<\/strong><\/p>","protected":false},"featured_media":17462,"comment_status":"closed","ping_status":"closed","template":"","meta":{"_acf_changed":false},"product_brand":[],"product_cat":[361,360,363,200,337,413,344,194],"product_tag":[],"class_list":{"0":"post-6932","1":"product","2":"type-product","3":"status-publish","4":"has-post-thumbnail","6":"product_cat-babyshower","7":"product_cat-cadeautips","8":"product_cat-cadeaus-e25-e50","9":"product_cat-wollen-babykleding","10":"product_cat-vestjes","11":"product_cat-alwero-bodywarmer","12":"product_cat-kleertjes","13":"product_cat-wollen-babyproducten","14":"pa_maat-104-110","15":"pa_maat-44-prematuur","16":"pa_maat-50-56","17":"pa_maat-62-68","18":"pa_maat-74-80","19":"pa_maat-80-86","20":"pa_maat-92-98","22":"first","23":"instock","24":"taxable","25":"shipping-taxable","26":"purchasable","27":"product-type-variable"},"acf":[],"_links":{"self":[{"href":"https:\/\/woolskins.eu\/pl\/wp-json\/wp\/v2\/product\/6932","targetHints":{"allow":["GET"]}}],"collection":[{"href":"https:\/\/woolskins.eu\/pl\/wp-json\/wp\/v2\/product"}],"about":[{"href":"https:\/\/woolskins.eu\/pl\/wp-json\/wp\/v2\/types\/product"}],"replies":[{"embeddable":true,"href":"https:\/\/woolskins.eu\/pl\/wp-json\/wp\/v2\/comments?post=6932"}],"wp:featuredmedia":[{"embeddable":true,"href":"https:\/\/woolskins.eu\/pl\/wp-json\/wp\/v2\/media\/17462"}],"wp:attachment":[{"href":"https:\/\/woolskins.eu\/pl\/wp-json\/wp\/v2\/media?parent=6932"}],"wp:term":[{"taxonomy":"product_brand","embeddable":true,"href":"https:\/\/woolskins.eu\/pl\/wp-json\/wp\/v2\/product_brand?post=6932"},{"taxonomy":"product_cat","embeddable":true,"href":"https:\/\/woolskins.eu\/pl\/wp-json\/wp\/v2\/product_cat?post=6932"},{"taxonomy":"product_tag","embeddable":true,"href":"https:\/\/woolskins.eu\/pl\/wp-json\/wp\/v2\/product_tag?post=6932"}],"curies":[{"name":"wp","href":"https:\/\/api.w.org\/{rel}","templated":true}]}}