{"id":6886,"date":"2022-01-17T14:09:10","date_gmt":"2022-01-17T14:09:10","guid":{"rendered":"https:\/\/woolskins.eu\/?post_type=product&#038;p=6886"},"modified":"2026-03-03T13:15:00","modified_gmt":"2026-03-03T13:15:00","slug":"alwero-wikkeldeken-wingy-grijs","status":"publish","type":"product","link":"https:\/\/woolskins.eu\/pl\/alwero-wikkeldeken-wingy-grijs\/","title":{"rendered":"Wollen Wikkeldeken voor Baby | Wingy Duo ecru\/Lichtgrijs"},"content":{"rendered":"<p>Twoje dziecko b\u0119dzie wspaniale spa\u0107 i marzy\u0107 w tym wygodnym we\u0142nianym kocyku Wingy Duo. Ten koc do owijania opada p\u0142ynnie i jest bardzo mi\u0119kki. Maj\u0105 pi\u0119kny i luksusowy wygl\u0105d oraz s\u0105 niezwykle wygodne. Kocyk do owijania wykonany jest z we\u0142ny 100% i natychmiastowo mierzy temperatur\u0119 Twojego dziecka. Dzi\u0119ki otworom na pasy bezpiecze\u0144stwa (5-punktowe) dobrze mie\u015bci si\u0119 w w\u00f3zku i mo\u017cna zabra\u0107 dziecko na dw\u00f3r w cieple i komforcie.<\/p>\n<p>We\u0142na oddycha i od razu mierzy temperatur\u0119 Twojego dziecka. Ciep\u0142e zim\u0105 i ch\u0142odne latem. Przydatny w domu i do u\u017cytku w maxi-cosi lub w\u00f3zku.<\/p>\n<p>\u2013 We\u0142na dziewicza 100% z oznaczeniem Woolmark.<br \/>\n\u2013 Do u\u017cytku w domu i w podr\u00f3\u017cy.<br \/>\n\u2013 Otwory na pasy bezpiecze\u0144stwa (5-punktowe).<br \/>\n\u2013 d\u0142ugo\u015b\u0107 80 cm (wiek do +\/- 1 rok)<br \/>\n\u2013 mo\u017cna pra\u0107 w programie do prania we\u0142ny w 30\u00b0C.<\/p>\n<p>W\u0142\u00f3kna we\u0142ny oddychaj\u0105 i maj\u0105 w\u0142a\u015bciwo\u015b\u0107 dzia\u0142ania jak naturalny termostat reguluj\u0105cy temperatur\u0119 cia\u0142a? Pomaga to dziecku utrzyma\u0107 stabiln\u0105 temperatur\u0119 i zapewnia sucho\u015b\u0107 i wygod\u0119. Robi to \u201edynamicznie\u201d, co oznacza, \u017ce dzieje si\u0119 to wtedy, gdy jest potrzebne, a nie wtedy, gdy nie jest potrzebne. Ciep\u0142e zim\u0105 i ch\u0142odne latem.<\/p>\n<p>Produkt ten posiada mi\u0119dzy innymi Znak Bezpieczny dla Dziecka oraz znak jako\u015bci Woolmark.<\/p>\n<h5>Woolskins Label<\/h5>\n<p>Na jarenlange succesvolle samenwerking met Alwero kunnen wij met trots aankondigen dat wij nu onze producten onder eigen Woolskins label voeren.<\/p>\n<p>Op deze manier krijg je nog steeds de beste kwaliteit maar dan gecombineerd met de leukste en unieke producten en ontwerpen.<\/p>\n<p>De kwaliteit van de stoffen en kleuren blijven zoals het altijd is geweest, alleen is er nu een grotere keus waarvan Woolskins denkt zich mee te kunnen onderscheiden.<\/p>\n<p>Onze brede collectie is zo samegesteld dat ze een goede aanvulling zijn op iedere babyuitzet, gemaakt van 100% Europees wol dat ademt en geschikt is voor elk seizoen.<\/p>\n<p>We bundelen met veel enthousiasme onze krachten samen voor een duurzaam, natuurlijk en een zo comfortabel mogelijk product voor je kind.<\/p>","protected":false},"excerpt":{"rendered":"<p>Twoje dziecko b\u0119dzie cudownie spa\u0107 i marzy\u0107 w tym wygodnym we\u0142nianym kocyku Alwero Wingy Duo. Ten koc do owijania opada p\u0142ynnie i jest bardzo mi\u0119kki. Maj\u0105 pi\u0119kny i luksusowy wygl\u0105d oraz s\u0105 niezwykle wygodne. Kocyk wykonany jest z we\u0142ny 100% i natychmiastowo mierzy temperatur\u0119 Twojego dziecka. Dzi\u0119ki otworom na pasy bezpiecze\u0144stwa (5-punktowe) dobrze mie\u015bci si\u0119 w w\u00f3zku i mo\u017cna zabra\u0107 dziecko na dw\u00f3r w cieple i komforcie.<\/p>\n<p><strong>Merk: Woolskins<\/strong><br \/>\n<strong>Productie: Polen<\/strong><\/p>","protected":false},"featured_media":17540,"comment_status":"closed","ping_status":"closed","template":"","meta":{"_acf_changed":false},"product_brand":[],"product_cat":[361,360,364,196,321,194],"product_tag":[],"class_list":{"0":"post-6886","1":"product","2":"type-product","3":"status-publish","4":"has-post-thumbnail","6":"product_cat-babyshower","7":"product_cat-cadeautips","8":"product_cat-cadeaus-vanaf-e50","9":"product_cat-slaapkleding-baby","10":"product_cat-wikkeldekens","11":"product_cat-wollen-babyproducten","13":"first","14":"instock","15":"taxable","16":"shipping-taxable","17":"purchasable","18":"product-type-simple"},"acf":[],"_links":{"self":[{"href":"https:\/\/woolskins.eu\/pl\/wp-json\/wp\/v2\/product\/6886","targetHints":{"allow":["GET"]}}],"collection":[{"href":"https:\/\/woolskins.eu\/pl\/wp-json\/wp\/v2\/product"}],"about":[{"href":"https:\/\/woolskins.eu\/pl\/wp-json\/wp\/v2\/types\/product"}],"replies":[{"embeddable":true,"href":"https:\/\/woolskins.eu\/pl\/wp-json\/wp\/v2\/comments?post=6886"}],"wp:featuredmedia":[{"embeddable":true,"href":"https:\/\/woolskins.eu\/pl\/wp-json\/wp\/v2\/media\/17540"}],"wp:attachment":[{"href":"https:\/\/woolskins.eu\/pl\/wp-json\/wp\/v2\/media?parent=6886"}],"wp:term":[{"taxonomy":"product_brand","embeddable":true,"href":"https:\/\/woolskins.eu\/pl\/wp-json\/wp\/v2\/product_brand?post=6886"},{"taxonomy":"product_cat","embeddable":true,"href":"https:\/\/woolskins.eu\/pl\/wp-json\/wp\/v2\/product_cat?post=6886"},{"taxonomy":"product_tag","embeddable":true,"href":"https:\/\/woolskins.eu\/pl\/wp-json\/wp\/v2\/product_tag?post=6886"}],"curies":[{"name":"wp","href":"https:\/\/api.w.org\/{rel}","templated":true}]}}