{"id":6885,"date":"2022-01-17T14:07:04","date_gmt":"2022-01-17T14:07:04","guid":{"rendered":"https:\/\/woolskins.eu\/?post_type=product&#038;p=6885"},"modified":"2026-04-07T08:05:54","modified_gmt":"2026-04-07T08:05:54","slug":"alwero-wikkeldeken-wingy-beige","status":"publish","type":"product","link":"https:\/\/woolskins.eu\/pl\/alwero-wikkeldeken-wingy-beige\/","title":{"rendered":"Wollen Wikkeldeken voor Baby | Wingy Duo &#8211; ecru\/beige"},"content":{"rendered":"<p>We\u0142na oddycha i od razu mierzy temperatur\u0119 Twojego dziecka. Ciep\u0142e zim\u0105 i ch\u0142odne latem. Przydatny w domu i do u\u017cytku w maxi-cosi lub w\u00f3zku.<\/p>\n<p>\u2013 We\u0142na dziewicza 100% z oznaczeniem Woolmark.<br \/>\n\u2013 Exclusief verkrijgbaar bij Woolskins.<br \/>\n\u2013 Do u\u017cytku w domu i w podr\u00f3\u017cy.<br \/>\n\u2013 Otwory na pasy bezpiecze\u0144stwa (5-punktowe).<br \/>\n\u2013 Maat: lengte 80 cm x breedte 50cm &#8211; Mini: lengte 75cm x 40 cm<br \/>\n\u2013 mo\u017cna pra\u0107 w programie do prania we\u0142ny w 30\u00b0C.<\/p>\n<p>W\u0142\u00f3kna we\u0142ny oddychaj\u0105 i maj\u0105 w\u0142a\u015bciwo\u015b\u0107 dzia\u0142ania jak naturalny termostat reguluj\u0105cy temperatur\u0119 cia\u0142a? Pomaga to dziecku utrzyma\u0107 stabiln\u0105 temperatur\u0119 i zapewnia sucho\u015b\u0107 i wygod\u0119. Robi to \u201edynamicznie\u201d, co oznacza, \u017ce dzieje si\u0119 to wtedy, gdy jest potrzebne, a nie wtedy, gdy nie jest potrzebne. Ciep\u0142e zim\u0105 i ch\u0142odne latem.<\/p>\n<p>Produkt ten posiada mi\u0119dzy innymi Znak Bezpieczny dla Dziecka oraz znak jako\u015bci Woolmark.<\/p>\n<h5>Woolskins Label<\/h5>\n<p>Na jarenlange succesvolle samenwerking met Alwero kunnen wij met trots aankondigen dat wij nu onze producten onder eigen Woolskins label voeren.<\/p>\n<p>Op deze manier krijg je nog steeds de beste kwaliteit maar dan gecombineerd met de leukste en unieke producten en ontwerpen.<\/p>\n<p>De kwaliteit van de stoffen en kleuren blijven zoals het altijd is geweest, alleen is er nu een grotere keus waarvan Woolskins denkt zich mee te kunnen onderscheiden.<\/p>\n<p>Onze brede collectie is zo samegesteld dat ze een goede aanvulling zijn op iedere babyuitzet, gemaakt van 100% Europees wol dat ademt en geschikt is voor elk seizoen.<\/p>\n<p>We bundelen met veel enthousiasme onze krachten samen voor een duurzaam, natuurlijk en een zo comfortabel mogelijk product voor je kind.<\/p>","protected":false},"excerpt":{"rendered":"<p>Je kindje zal heerlijk slapen en wegdromen in deze comfortabele wollen wikkeldeken Wingy uit onze \u2018Thumbled\u2019 collectie. Deze wikkeldeken valt soepel en is zeer zacht. Ze hebben een mooie en luxe uitstraling en zijn uiterst comfortabel. De wikkeldeken is van 100% wol en neemt direct de temperatuur van je kindje aan en kan voor elk seizoen gebruikt worden. Dankzij de openingen voor de veiligheidsriempjes (5-punts) past deze goed in de kinderwagen en neem je kindje warm en comfortabel mee naar buiten. Speciaal voor de allekleinste hebben we ook een kleinere variant (mini) die goed aansluit en perfect past in de maxi-cosi.<\/p>","protected":false},"featured_media":17541,"comment_status":"closed","ping_status":"closed","template":"","meta":{"_acf_changed":false},"product_brand":[],"product_cat":[361,360,364,196,321,194],"product_tag":[],"class_list":{"0":"post-6885","1":"product","2":"type-product","3":"status-publish","4":"has-post-thumbnail","6":"product_cat-babyshower","7":"product_cat-cadeautips","8":"product_cat-cadeaus-vanaf-e50","9":"product_cat-slaapkleding-baby","10":"product_cat-wikkeldekens","11":"product_cat-wollen-babyproducten","13":"first","14":"instock","15":"taxable","16":"shipping-taxable","17":"purchasable","18":"product-type-variable"},"acf":[],"_links":{"self":[{"href":"https:\/\/woolskins.eu\/pl\/wp-json\/wp\/v2\/product\/6885","targetHints":{"allow":["GET"]}}],"collection":[{"href":"https:\/\/woolskins.eu\/pl\/wp-json\/wp\/v2\/product"}],"about":[{"href":"https:\/\/woolskins.eu\/pl\/wp-json\/wp\/v2\/types\/product"}],"replies":[{"embeddable":true,"href":"https:\/\/woolskins.eu\/pl\/wp-json\/wp\/v2\/comments?post=6885"}],"wp:featuredmedia":[{"embeddable":true,"href":"https:\/\/woolskins.eu\/pl\/wp-json\/wp\/v2\/media\/17541"}],"wp:attachment":[{"href":"https:\/\/woolskins.eu\/pl\/wp-json\/wp\/v2\/media?parent=6885"}],"wp:term":[{"taxonomy":"product_brand","embeddable":true,"href":"https:\/\/woolskins.eu\/pl\/wp-json\/wp\/v2\/product_brand?post=6885"},{"taxonomy":"product_cat","embeddable":true,"href":"https:\/\/woolskins.eu\/pl\/wp-json\/wp\/v2\/product_cat?post=6885"},{"taxonomy":"product_tag","embeddable":true,"href":"https:\/\/woolskins.eu\/pl\/wp-json\/wp\/v2\/product_tag?post=6885"}],"curies":[{"name":"wp","href":"https:\/\/api.w.org\/{rel}","templated":true}]}}