{"id":6710,"date":"2021-09-01T12:55:46","date_gmt":"2021-09-01T12:55:46","guid":{"rendered":"https:\/\/woolskins.eu\/eco-wool-wash"},"modified":"2023-02-28T11:40:10","modified_gmt":"2023-02-28T11:40:10","slug":"eco-wool-wash","status":"publish","type":"product","link":"https:\/\/woolskins.eu\/pl\/eco-wool-wash\/","title":{"rendered":"Ekologiczne pranie we\u0142ny"},"content":{"rendered":"<p>Nasze p\u0142aszcze Woolskins Eco Relugan mo\u017cna pra\u0107 w pralce razem z naszym specjalnie opracowanym produktem Eco Wool Wash w temperaturze 30\u00b0C na delikatnym programie (program kr\u00f3tki)*. Jednak naprawd\u0119 zalecamy jak najd\u0142u\u017csze odczekanie, poniewa\u017c sier\u015b\u0107 w naturalny spos\u00f3b oczyszcza si\u0119 sama. Nasze produkty Woolskins Relugan mo\u017cna po praniu suszy\u0107 w suszarce w niskiej - NIE GOR\u0104CEJ - temperaturze. To sprawia, \u017ce nasze p\u0142aszcze Woolskins Relugan s\u0105 tak wyj\u0105tkowe i wygodne w u\u017cytkowaniu!<\/p>","protected":false},"excerpt":{"rendered":"<p>Onze Woolskins Eco Relugan vachten zijn in combinatie met ons speciaal daarvoor ontwikkelde Eco Wool Wash te wassen in de machine op 30\u00b0C fijnewasprogramma (kort programma)*. Echter raden wij aan hier echt zolang mogelijk mee te wachten omdat de vacht van nature al zelfreinigend is. Onze Woolskins Relugan producten kunnen na het wassen ook worden [&hellip;]<\/p>\n","protected":false},"featured_media":7908,"comment_status":"closed","ping_status":"closed","template":"","meta":{"_acf_changed":false},"product_brand":[],"product_cat":[200],"product_tag":[],"class_list":{"0":"post-6710","1":"product","2":"type-product","3":"status-publish","4":"has-post-thumbnail","6":"product_cat-wollen-babykleding","8":"first","9":"instock","10":"taxable","11":"shipping-taxable","12":"purchasable","13":"product-type-simple"},"acf":[],"_links":{"self":[{"href":"https:\/\/woolskins.eu\/pl\/wp-json\/wp\/v2\/product\/6710","targetHints":{"allow":["GET"]}}],"collection":[{"href":"https:\/\/woolskins.eu\/pl\/wp-json\/wp\/v2\/product"}],"about":[{"href":"https:\/\/woolskins.eu\/pl\/wp-json\/wp\/v2\/types\/product"}],"replies":[{"embeddable":true,"href":"https:\/\/woolskins.eu\/pl\/wp-json\/wp\/v2\/comments?post=6710"}],"wp:featuredmedia":[{"embeddable":true,"href":"https:\/\/woolskins.eu\/pl\/wp-json\/wp\/v2\/media\/7908"}],"wp:attachment":[{"href":"https:\/\/woolskins.eu\/pl\/wp-json\/wp\/v2\/media?parent=6710"}],"wp:term":[{"taxonomy":"product_brand","embeddable":true,"href":"https:\/\/woolskins.eu\/pl\/wp-json\/wp\/v2\/product_brand?post=6710"},{"taxonomy":"product_cat","embeddable":true,"href":"https:\/\/woolskins.eu\/pl\/wp-json\/wp\/v2\/product_cat?post=6710"},{"taxonomy":"product_tag","embeddable":true,"href":"https:\/\/woolskins.eu\/pl\/wp-json\/wp\/v2\/product_tag?post=6710"}],"curies":[{"name":"wp","href":"https:\/\/api.w.org\/{rel}","templated":true}]}}