{"id":6615,"date":"2021-09-01T12:54:16","date_gmt":"2021-09-01T12:54:16","guid":{"rendered":"https:\/\/woolskins.eu\/vest-100-wol"},"modified":"2025-12-16T12:20:50","modified_gmt":"2025-12-16T12:20:50","slug":"vest-100-wol","status":"publish","type":"product","link":"https:\/\/woolskins.eu\/pl\/vest-100-wol\/","title":{"rendered":"Alwero Vest | Blauw"},"content":{"rendered":"<p>Ten kardigan Alwero jest mi\u0119kki, a kiedy go za\u0142o\u017cysz, poczujesz komfort, jaki oferuje we\u0142na. Zapewnij sobie ciep\u0142o i ciep\u0142o dzi\u0119ki temu we\u0142nianemu kardiganowi marki Alwero podczas ch\u0142odniejszych dni.<\/p>\n<p>\u2013 Mieszanka we\u0142ny (50% We\u0142na boucle \/ 50% Akryl)<br \/>\n\u2013 Ta kamizelka zapewnia dodatkowe ciep\u0142o na ch\u0142odniejsze dni.<br \/>\n\u2013 We\u0142na dobrze izoluje.<\/p>","protected":false},"excerpt":{"rendered":"<p>Oversized damesvest met zakken. Nog eentje op voorraad in maat XS\/S. Vastgemaakt met drukknopen, vastgebonden in de taille. Lengte boven de knie.<\/p>","protected":false},"featured_media":10420,"comment_status":"closed","ping_status":"closed","template":"","meta":{"_acf_changed":false},"product_brand":[],"product_cat":[364,350,31,194],"product_tag":[],"class_list":{"0":"post-6615","1":"product","2":"type-product","3":"status-publish","4":"has-post-thumbnail","6":"product_cat-cadeaus-vanaf-e50","7":"product_cat-fashion","8":"product_cat-yogamat-wol","9":"product_cat-wollen-babyproducten","11":"first","12":"outofstock","13":"taxable","14":"shipping-taxable","15":"purchasable","16":"product-type-simple"},"acf":[],"_links":{"self":[{"href":"https:\/\/woolskins.eu\/pl\/wp-json\/wp\/v2\/product\/6615","targetHints":{"allow":["GET"]}}],"collection":[{"href":"https:\/\/woolskins.eu\/pl\/wp-json\/wp\/v2\/product"}],"about":[{"href":"https:\/\/woolskins.eu\/pl\/wp-json\/wp\/v2\/types\/product"}],"replies":[{"embeddable":true,"href":"https:\/\/woolskins.eu\/pl\/wp-json\/wp\/v2\/comments?post=6615"}],"wp:featuredmedia":[{"embeddable":true,"href":"https:\/\/woolskins.eu\/pl\/wp-json\/wp\/v2\/media\/10420"}],"wp:attachment":[{"href":"https:\/\/woolskins.eu\/pl\/wp-json\/wp\/v2\/media?parent=6615"}],"wp:term":[{"taxonomy":"product_brand","embeddable":true,"href":"https:\/\/woolskins.eu\/pl\/wp-json\/wp\/v2\/product_brand?post=6615"},{"taxonomy":"product_cat","embeddable":true,"href":"https:\/\/woolskins.eu\/pl\/wp-json\/wp\/v2\/product_cat?post=6615"},{"taxonomy":"product_tag","embeddable":true,"href":"https:\/\/woolskins.eu\/pl\/wp-json\/wp\/v2\/product_tag?post=6615"}],"curies":[{"name":"wp","href":"https:\/\/api.w.org\/{rel}","templated":true}]}}