{"id":6598,"date":"2021-09-01T12:54:16","date_gmt":"2021-09-01T12:54:16","guid":{"rendered":"https:\/\/woolskins.eu\/cadeaubon"},"modified":"2026-02-10T15:31:40","modified_gmt":"2026-02-10T15:31:40","slug":"cadeaubon","status":"publish","type":"product","link":"https:\/\/woolskins.eu\/pl\/cadeaubon\/","title":{"rendered":"Kupon na prezent"},"content":{"rendered":"<p>Kupujesz fizyczn\u0105 kart\u0119 podarunkow\u0105, kt\u00f3r\u0105 mo\u017cesz wys\u0142a\u0107 poczt\u0105 na wybrany adres (adres dostawy). Je\u015bli chcesz doda\u0107 osobist\u0105 wiadomo\u015b\u0107 do swojego bonu podarunkowego, mo\u017cesz to zaznaczy\u0107 w uwagach do zam\u00f3wienia w procesie realizacji transakcji. Mamy bony upominkowe w r\u00f3\u017cnych kwotach od 25 \u20ac do 200 \u20ac.<\/p>","protected":false},"excerpt":{"rendered":"<p>Spraw komu\u015b przyjemno\u015b\u0107 kart\u0105 podarunkow\u0105 Woolskins. Z tym bonem upominkowym zawsze b\u0119dziesz dobrze wygl\u0105da\u0107!<\/p>","protected":false},"featured_media":28915,"comment_status":"closed","ping_status":"closed","template":"","meta":{"_acf_changed":false},"product_brand":[],"product_cat":[200,216,222,196,210,358,354],"product_tag":[],"class_list":{"0":"post-6598","1":"product","2":"type-product","3":"status-publish","4":"has-post-thumbnail","6":"product_cat-wollen-babykleding","7":"product_cat-schapenvacht-voor-baby","8":"product_cat-buggy-schapenvachtjes","9":"product_cat-slaapkleding-baby","10":"product_cat-wollen-voedingskussen","11":"product_cat-wollen-yogamat","12":"product_cat-woolskins","14":"first","15":"instock","16":"shipping-taxable","17":"purchasable","18":"product-type-variable"},"acf":[],"_links":{"self":[{"href":"https:\/\/woolskins.eu\/pl\/wp-json\/wp\/v2\/product\/6598","targetHints":{"allow":["GET"]}}],"collection":[{"href":"https:\/\/woolskins.eu\/pl\/wp-json\/wp\/v2\/product"}],"about":[{"href":"https:\/\/woolskins.eu\/pl\/wp-json\/wp\/v2\/types\/product"}],"replies":[{"embeddable":true,"href":"https:\/\/woolskins.eu\/pl\/wp-json\/wp\/v2\/comments?post=6598"}],"wp:featuredmedia":[{"embeddable":true,"href":"https:\/\/woolskins.eu\/pl\/wp-json\/wp\/v2\/media\/28915"}],"wp:attachment":[{"href":"https:\/\/woolskins.eu\/pl\/wp-json\/wp\/v2\/media?parent=6598"}],"wp:term":[{"taxonomy":"product_brand","embeddable":true,"href":"https:\/\/woolskins.eu\/pl\/wp-json\/wp\/v2\/product_brand?post=6598"},{"taxonomy":"product_cat","embeddable":true,"href":"https:\/\/woolskins.eu\/pl\/wp-json\/wp\/v2\/product_cat?post=6598"},{"taxonomy":"product_tag","embeddable":true,"href":"https:\/\/woolskins.eu\/pl\/wp-json\/wp\/v2\/product_tag?post=6598"}],"curies":[{"name":"wp","href":"https:\/\/api.w.org\/{rel}","templated":true}]}}