{"id":6580,"date":"2021-09-01T12:53:58","date_gmt":"2021-09-01T12:53:58","guid":{"rendered":"https:\/\/woolskins.eu\/eco-lamsvacht-comfort-voor-yoga-meditatie-dubbel-3-cm"},"modified":"2024-10-25T07:06:11","modified_gmt":"2024-10-25T07:06:11","slug":"eco-lamsvacht-comfort-voor-yoga-meditatie-dubbel-3-cm","status":"publish","type":"product","link":"https:\/\/woolskins.eu\/pl\/eco-lamsvacht-comfort-voor-yoga-meditatie-dubbel-3-cm\/","title":{"rendered":"Komfortowa sk\u00f3ra jagni\u0119ca do jogi i medytacji | podw\u00f3jne 3 cm"},"content":{"rendered":"<p>Nasze p\u0142aszcze komfortowe WOOLSKINS to produkt europejski, ekologiczny i naturalny 100%.<\/p>\n<p>We\u0142na jest dobra dla umys\u0142u, sk\u00f3ry i cia\u0142a. Dzia\u0142a dynamicznie i pomaga Tobie i Twojej rodzinie cieszy\u0107 si\u0119 \u017cyciem w zdrowiu, zrelaksowaniu i wypocz\u0119ci.<\/p>\n<p>W naszej kolekcji mamy dwie wersje, p\u0142aszcz pojedynczy i p\u0142aszcz podw\u00f3jny, kt\u00f3ry mo\u017cna wygodnie dopasowa\u0107 do ca\u0142ego cia\u0142a. Pi\u0119kny, szczery i zdrowy prezent!<\/p>\n<p>Wymiary naszego futra XL to +\/- 70 x 200 cm i d\u0142ugo\u015b\u0107 futra +\/- 3 cm.<\/p>\n<p>Ta sk\u00f3ra jagni\u0119ca jest idealna do uprawiania jogi i medytacji. Jest bardzo wygodny i reguluje ciep\u0142o i wilgo\u0107. S\u0105 nawet jogini, kt\u00f3rzy doradzaj\u0105 ko\u017cuch, nie tylko ze wzgl\u0119du na jego idealny rozmiar, ale tak\u017ce dlatego, \u017ce izoluje twoje w\u0142asne pole magnetyczne (twoj\u0105 aur\u0119) i blokuje promieniowanie magnetyczne z ziemi. To bardzo pomaga w procesie medytacji i utrzymuje cia\u0142o w r\u00f3wnowadze.<\/p>","protected":false},"excerpt":{"rendered":"<p>We\u0142na jest dobra dla umys\u0142u, sk\u00f3ry i cia\u0142a. Dzia\u0142a dynamicznie i pomaga Tobie i Twojej rodzinie cieszy\u0107 si\u0119 \u017cyciem w zdrowiu, zrelaksowaniu i wypocz\u0119ci.<\/p>","protected":false},"featured_media":5927,"comment_status":"closed","ping_status":"closed","template":"","meta":{"_acf_changed":false},"product_brand":[],"product_cat":[358],"product_tag":[],"class_list":{"0":"post-6580","1":"product","2":"type-product","3":"status-publish","4":"has-post-thumbnail","6":"product_cat-wollen-yogamat","8":"first","9":"outofstock","10":"taxable","11":"shipping-taxable","12":"purchasable","13":"product-type-simple"},"acf":[],"_links":{"self":[{"href":"https:\/\/woolskins.eu\/pl\/wp-json\/wp\/v2\/product\/6580","targetHints":{"allow":["GET"]}}],"collection":[{"href":"https:\/\/woolskins.eu\/pl\/wp-json\/wp\/v2\/product"}],"about":[{"href":"https:\/\/woolskins.eu\/pl\/wp-json\/wp\/v2\/types\/product"}],"replies":[{"embeddable":true,"href":"https:\/\/woolskins.eu\/pl\/wp-json\/wp\/v2\/comments?post=6580"}],"wp:featuredmedia":[{"embeddable":true,"href":"https:\/\/woolskins.eu\/pl\/wp-json\/wp\/v2\/media\/5927"}],"wp:attachment":[{"href":"https:\/\/woolskins.eu\/pl\/wp-json\/wp\/v2\/media?parent=6580"}],"wp:term":[{"taxonomy":"product_brand","embeddable":true,"href":"https:\/\/woolskins.eu\/pl\/wp-json\/wp\/v2\/product_brand?post=6580"},{"taxonomy":"product_cat","embeddable":true,"href":"https:\/\/woolskins.eu\/pl\/wp-json\/wp\/v2\/product_cat?post=6580"},{"taxonomy":"product_tag","embeddable":true,"href":"https:\/\/woolskins.eu\/pl\/wp-json\/wp\/v2\/product_tag?post=6580"}],"curies":[{"name":"wp","href":"https:\/\/api.w.org\/{rel}","templated":true}]}}