{"id":6576,"date":"2021-09-01T12:53:58","date_gmt":"2021-09-01T12:53:58","guid":{"rendered":"https:\/\/woolskins.eu\/wollen-yogamat-met-cocos-ecru"},"modified":"2024-08-05T15:05:39","modified_gmt":"2024-08-05T15:05:39","slug":"wollen-yogamat-met-cocos-ecru","status":"publish","type":"product","link":"https:\/\/woolskins.eu\/pl\/wollen-yogamat-met-cocos-ecru\/","title":{"rendered":"We\u0142niana mata do jogi z kokosem | Ecru"},"content":{"rendered":"<p>Nasze maty do jogi WOOLSKINS s\u0105 idealne do uprawiania jogi i medytacji. We\u0142na jest dobra dla umys\u0142u, sk\u00f3ry i cia\u0142a. Gdy raz wypr\u00f3bujesz we\u0142nian\u0105 mat\u0119 do jogi, nie b\u0119dziesz chcia\u0142 nic innego! Dzia\u0142a dynamicznie i pomaga zachowa\u0107 zdrowe cia\u0142o i umys\u0142.<\/p>\n<p>\u2013 rozmiar: 75x180 cm.<br \/>\n\u2013 Do u\u017cytku w studiach jogi, salach lekcyjnych iw domu<br \/>\n\u2013 Wierzchnia warstwa we\u0142ny dziewiczej 100%. D\u00f3\u0142: Cocos (z mieszank\u0105 lateksu dla antypo\u015blizgowo\u015bci)<br \/>\n\u2013 Dobra przyczepno\u015b\u0107 na \u015bliskich powierzchniach.<br \/>\n\u2013 Nadal zawiera naturalny t\u0142uszcz z we\u0142ny i jest samoczyszcz\u0105cy.<br \/>\n\u2013 Recyrkulacja ciep\u0142a i wilgoci.<br \/>\n\u2013 Z por\u0119czn\u0105 torb\u0105 do przechowywania z paskiem do noszenia.<\/p>","protected":false},"excerpt":{"rendered":"<p>Wanneer je actief bent op het gebied van yoga en meditatie komt een wollen yogamat goed van pas. Onze zijn namelijk zachter en comfortabeler dan de normale yoga matten. Dit maakt ze ideaal voor het beoefenen van meditatie en yoga. Doordat wol goed is voor geest, huid en lichaam heeft een wollen yogamat een positieve invloed op het beoefenen van yoga en meditatie. Nadat je kiest voor een wollen yogamat van WOOLSKINS, is het lastig om daarna nog iets anders te willen.<\/p>\n<p><strong>Merk: Woolskins<\/strong><br \/>\n<strong>Productie: Polen<\/strong><\/p>","protected":false},"featured_media":9028,"comment_status":"closed","ping_status":"closed","template":"","meta":{"_acf_changed":false},"product_brand":[],"product_cat":[31,358],"product_tag":[],"class_list":{"0":"post-6576","1":"product","2":"type-product","3":"status-publish","4":"has-post-thumbnail","6":"product_cat-yogamat-wol","7":"product_cat-wollen-yogamat","9":"first","10":"outofstock","11":"taxable","12":"shipping-taxable","13":"purchasable","14":"product-type-simple"},"acf":[],"_links":{"self":[{"href":"https:\/\/woolskins.eu\/pl\/wp-json\/wp\/v2\/product\/6576","targetHints":{"allow":["GET"]}}],"collection":[{"href":"https:\/\/woolskins.eu\/pl\/wp-json\/wp\/v2\/product"}],"about":[{"href":"https:\/\/woolskins.eu\/pl\/wp-json\/wp\/v2\/types\/product"}],"replies":[{"embeddable":true,"href":"https:\/\/woolskins.eu\/pl\/wp-json\/wp\/v2\/comments?post=6576"}],"wp:featuredmedia":[{"embeddable":true,"href":"https:\/\/woolskins.eu\/pl\/wp-json\/wp\/v2\/media\/9028"}],"wp:attachment":[{"href":"https:\/\/woolskins.eu\/pl\/wp-json\/wp\/v2\/media?parent=6576"}],"wp:term":[{"taxonomy":"product_brand","embeddable":true,"href":"https:\/\/woolskins.eu\/pl\/wp-json\/wp\/v2\/product_brand?post=6576"},{"taxonomy":"product_cat","embeddable":true,"href":"https:\/\/woolskins.eu\/pl\/wp-json\/wp\/v2\/product_cat?post=6576"},{"taxonomy":"product_tag","embeddable":true,"href":"https:\/\/woolskins.eu\/pl\/wp-json\/wp\/v2\/product_tag?post=6576"}],"curies":[{"name":"wp","href":"https:\/\/api.w.org\/{rel}","templated":true}]}}