{"id":6557,"date":"2021-09-01T12:53:35","date_gmt":"2021-09-01T12:53:35","guid":{"rendered":"https:\/\/woolskins.eu\/meditatiedeken-100-wol-grijs"},"modified":"2025-05-23T14:25:49","modified_gmt":"2025-05-23T14:25:49","slug":"meditatiedeken-100-wol-grijs","status":"publish","type":"product","link":"https:\/\/woolskins.eu\/pl\/meditatiedeken-100-wol-grijs\/","title":{"rendered":"Koc do medytacji 100% we\u0142na Szary"},"content":{"rendered":"<p>Te koce do medytacji nadaj\u0105 si\u0119 do komfortowego ogrzania podczas medytacji lub uwa\u017cno\u015bci i daj\u0105 poczucie bezpiecze\u0144stwa. Dodatkowo jest wspania\u0142ym dodatkowym kocem do \u0142\u00f3\u017cka lub na kanap\u0119. We\u0142na zapewnia ciep\u0142o zim\u0105, a ze wzgl\u0119du na swoje w\u0142a\u015bciwo\u015bci wentylacyjne \u015bwietnie sprawdza si\u0119 r\u00f3wnie\u017c latem. Rehabilitacyjne i lecznicze w\u0142a\u015bciwo\u015bci we\u0142ny znane s\u0105 od tysi\u0119cy lat. We\u0142na, od wiek\u00f3w czysty i bezpieczny produkt naturalny.<br \/>&nbsp;<\/p>\n<p>\u2013 100% czysta dziewicza we\u0142na (Woolmark).<br \/>- Bardzo mi\u0119kkie i wygodne.<br \/>\u2013 Rozmiar: 150 x 200 cm.<br \/>\u2013 Wolne od szkodliwych substancji i zabieg\u00f3w chemicznych.<br \/>\u2013 Produkcja europejska.<br \/>\u2013 mo\u017cna pra\u0107 w programie do prania we\u0142ny w 30\u00b0C.<br \/>&nbsp;<\/p>\n<p>Produkt ten posiada mi\u0119dzy innymi znak jako\u015bci Bezpieczny dla Dziecka oraz znak jako\u015bci Woolmark i dobrze komponuje si\u0119 z innymi naszymi produktami.<\/p>","protected":false},"excerpt":{"rendered":"<p>Deze meditatiedekens zijn geschikt om tijdens&nbsp;meditatie&nbsp;of&nbsp;mindfullness\u200b&nbsp;comfortabel warm te blijven en geven een geborgen en veilig gevoel.&nbsp;Daarnaast is het een heerlijke extra&nbsp;deken voor op bed of voor op de bank.&nbsp;Wol&nbsp;zorgt voor warmte in de winter, en door de ventilerende eigenschap is het in de &nbsp;zomer ook prima te gebruiken. De revalidatie en helende eigenschappen van wol [&hellip;]<\/p>\n","protected":false},"featured_media":5895,"comment_status":"closed","ping_status":"closed","template":"","meta":{"_acf_changed":false},"product_brand":[],"product_cat":[358],"product_tag":[],"class_list":{"0":"post-6557","1":"product","2":"type-product","3":"status-publish","4":"has-post-thumbnail","6":"product_cat-wollen-yogamat","8":"first","9":"outofstock","10":"taxable","11":"shipping-taxable","12":"purchasable","13":"product-type-simple"},"acf":[],"_links":{"self":[{"href":"https:\/\/woolskins.eu\/pl\/wp-json\/wp\/v2\/product\/6557","targetHints":{"allow":["GET"]}}],"collection":[{"href":"https:\/\/woolskins.eu\/pl\/wp-json\/wp\/v2\/product"}],"about":[{"href":"https:\/\/woolskins.eu\/pl\/wp-json\/wp\/v2\/types\/product"}],"replies":[{"embeddable":true,"href":"https:\/\/woolskins.eu\/pl\/wp-json\/wp\/v2\/comments?post=6557"}],"wp:featuredmedia":[{"embeddable":true,"href":"https:\/\/woolskins.eu\/pl\/wp-json\/wp\/v2\/media\/5895"}],"wp:attachment":[{"href":"https:\/\/woolskins.eu\/pl\/wp-json\/wp\/v2\/media?parent=6557"}],"wp:term":[{"taxonomy":"product_brand","embeddable":true,"href":"https:\/\/woolskins.eu\/pl\/wp-json\/wp\/v2\/product_brand?post=6557"},{"taxonomy":"product_cat","embeddable":true,"href":"https:\/\/woolskins.eu\/pl\/wp-json\/wp\/v2\/product_cat?post=6557"},{"taxonomy":"product_tag","embeddable":true,"href":"https:\/\/woolskins.eu\/pl\/wp-json\/wp\/v2\/product_tag?post=6557"}],"curies":[{"name":"wp","href":"https:\/\/api.w.org\/{rel}","templated":true}]}}