{"id":6519,"date":"2021-09-01T12:53:12","date_gmt":"2021-09-01T12:53:12","guid":{"rendered":"https:\/\/woolskins.eu\/broekje-baby-100-merino-wolfleece-grijs"},"modified":"2025-01-27T12:39:15","modified_gmt":"2025-01-27T12:39:15","slug":"broekje-baby-100-merino-wolfleece-grijs","status":"publish","type":"product","link":"https:\/\/woolskins.eu\/pl\/broekje-baby-100-merino-wolfleece-grijs\/","title":{"rendered":"Spodnie niemowl\u0119ce Engel Natur 100% Merino Wolfpolar | Szary"},"content":{"rendered":"<p>Te super mi\u0119kkie spodnie niemowl\u0119ce Engel s\u0105 wykonane z organicznej we\u0142ny merynosowej 100%. Czuje si\u0119 luksusowo i jest niezwykle wygodny dla Twojego dziecka. Ma szerokie wiert\u0142o, kt\u00f3re dobrze pasuje i mo\u017cna je r\u00f3wnie\u017c odwr\u00f3ci\u0107.<\/p>\n<p>We\u0142na reguluje temperatur\u0119 cia\u0142a i zapewnia dziecku sucho\u015b\u0107 i wygod\u0119. Nowa we\u0142na Merino jest wyj\u0105tkowo delikatna i dlatego nie sw\u0119dzi. Dzi\u0119ki lanolinie, kt\u00f3ra jest naturalnie obecna w we\u0142nie, jest odporna na brud i wod\u0119.<\/p>\n<p>Poniewa\u017c lanolina jest r\u00f3wnie\u017c antybakteryjna, pranie cz\u0119sto nie jest konieczne. Cz\u0119sto wystarczy sp\u0119dza\u0107 czas na \u015bwie\u017cym powietrzu.<\/p>\n<p>\u2013 Cudownie mi\u0119kkie<br \/>\n- Czuje si\u0119 bardzo lekki i jest mi\u0142y i ciep\u0142y<br \/>\n\u2013 We\u0142na jest przewiewna<br \/>\n\u2013 Pomaga dziecku regulowa\u0107 temperatur\u0119<br \/>\n- Idealny do noszenia w chu\u015bcie lub nosidle<\/p>\n<p>S\u0105 organiczne i wolne od metali ci\u0119\u017ckich oraz szkodliwych barwnik\u00f3w AZO. Certyfikowany GOTS.<\/p>\n<h5>Engel<\/h5>\n<p>Rodzinna firma produkuje bielizn\u0119 i odzie\u017c od 85 lat. W 1982 roku rozpocz\u0119\u0142o si\u0119 wzorcowe i konsekwentne skupienie si\u0119 na tekstyliach naturalnych wraz z przetwarzaniem naturalnej bawe\u0142ny.<\/p>\n<p>Dzi\u015b w naszej kolekcji znajduj\u0105 si\u0119 specjalnie zaprojektowane ubranka dla wcze\u015bniak\u00f3w.<\/p>\n<p>Opr\u00f3cz bawe\u0142ny pochodz\u0105cej z kontrolowanych upraw ekologicznych (kbA), przetwarzamy najlepsz\u0105 we\u0142n\u0119 merynosow\u0105 pochodz\u0105c\u0105 z kontrolowanych upraw ekologicznych (kbT) oraz naturaln\u0105 we\u0142n\u0119 merynosow\u0105 dziewicz\u0105 (kbT) z jedwabiem. Wszystkie u\u017cyte barwniki s\u0105 wolne od metali ci\u0119\u017ckich i zawsze by\u0142y wolne od szkodliwych barwnik\u00f3w AZO. Do barwienia tekstyli\u00f3w we\u0142nianych u\u017cywamy wy\u0142\u0105cznie barwnik\u00f3w reaktywnych, kt\u00f3re s\u0105 szczeg\u00f3lnie stabilne z w\u0142\u00f3knem i charakteryzuj\u0105 si\u0119 wysok\u0105 trwa\u0142o\u015bci\u0105. Je\u015bli chodzi o wyka\u0144czanie tekstyli\u00f3w, nie stosujemy \u017cadnych chemicznych wyko\u0144cze\u0144.<\/p>\n<p>Zasadniczo wszystkie u\u017cyte materia\u0142y musz\u0105 by\u0107 biodegradowalne i nie mog\u0105 zanieczyszcza\u0107 gleby, powietrza ani wody. Wszystkie cz\u0119\u015bci metalowe nie zawieraj\u0105 niklu, nasze guziki wykonane s\u0105 z naturalnych, odnawialnych surowc\u00f3w. Aby zagwarantowa\u0107 nasz wysoki standard jako\u015bci, stawiane s\u0105 odpowiednie wymagania dotycz\u0105ce odporno\u015bci na \u015bwiat\u0142o, \u015blinoodporno\u015b\u0107, odporno\u015b\u0107 na pot, odporno\u015b\u0107 na pranie i kurczliwo\u015b\u0107.<\/p>\n<p>W\u0142a\u015bciwo\u015bci te wraz z dopuszczalnymi warto\u015bciami pozosta\u0142o\u015bci dla substancji niebezpiecznych dla \u015brodowiska i zdrowia s\u0105 regularnie badane przez niezale\u017cne i certyfikowane laboratoria i instytuty \u015brodowiskowe.<\/p>","protected":false},"excerpt":{"rendered":"<p>Te super mi\u0119kkie spodnie niemowl\u0119ce firmy Engel s\u0105 luksusowe i niezwykle wygodne dla Twojego dziecka. Ma szerokie wiert\u0142o, kt\u00f3re dobrze pasuje i mo\u017cna je r\u00f3wnie\u017c odwr\u00f3ci\u0107.<\/p>","protected":false},"featured_media":5848,"comment_status":"closed","ping_status":"closed","template":"","meta":{"_acf_changed":false},"product_brand":[],"product_cat":[361,360,363,248,200,322,344],"product_tag":[],"class_list":{"0":"post-6519","1":"product","2":"type-product","3":"status-publish","4":"has-post-thumbnail","6":"product_cat-babyshower","7":"product_cat-cadeautips","8":"product_cat-cadeaus-e25-e50","9":"product_cat-engel_natur","10":"product_cat-wollen-babykleding","11":"product_cat-broekjes","12":"product_cat-kleertjes","13":"pa_maat-50-56","14":"pa_maat-62-68","16":"first","17":"outofstock","18":"taxable","19":"shipping-taxable","20":"purchasable","21":"product-type-variable"},"acf":[],"_links":{"self":[{"href":"https:\/\/woolskins.eu\/pl\/wp-json\/wp\/v2\/product\/6519","targetHints":{"allow":["GET"]}}],"collection":[{"href":"https:\/\/woolskins.eu\/pl\/wp-json\/wp\/v2\/product"}],"about":[{"href":"https:\/\/woolskins.eu\/pl\/wp-json\/wp\/v2\/types\/product"}],"replies":[{"embeddable":true,"href":"https:\/\/woolskins.eu\/pl\/wp-json\/wp\/v2\/comments?post=6519"}],"wp:featuredmedia":[{"embeddable":true,"href":"https:\/\/woolskins.eu\/pl\/wp-json\/wp\/v2\/media\/5848"}],"wp:attachment":[{"href":"https:\/\/woolskins.eu\/pl\/wp-json\/wp\/v2\/media?parent=6519"}],"wp:term":[{"taxonomy":"product_brand","embeddable":true,"href":"https:\/\/woolskins.eu\/pl\/wp-json\/wp\/v2\/product_brand?post=6519"},{"taxonomy":"product_cat","embeddable":true,"href":"https:\/\/woolskins.eu\/pl\/wp-json\/wp\/v2\/product_cat?post=6519"},{"taxonomy":"product_tag","embeddable":true,"href":"https:\/\/woolskins.eu\/pl\/wp-json\/wp\/v2\/product_tag?post=6519"}],"curies":[{"name":"wp","href":"https:\/\/api.w.org\/{rel}","templated":true}]}}